{"id":24700,"date":"2025-09-01T08:28:07","date_gmt":"2025-09-01T08:28:07","guid":{"rendered":"https:\/\/www.maag-polska.pl\/obrzeza-meblowe\/209-b-atlantic-blue\/"},"modified":"2025-09-01T08:50:40","modified_gmt":"2025-09-01T08:50:40","slug":"209-b-atlantic-blue","status":"publish","type":"product","link":"https:\/\/www.maag-polska.pl\/es\/obrzeza-meblowe\/209-b-atlantic-blue\/","title":{"rendered":"Bordes de muebles 209-B ATLANTIC BLUE"},"content":{"rendered":"<div>\n<p>Este canto de PVC en tono Niebieski Atlantic exhibe un grosor uniforme y una composici\u00f3n de PVC puro que garantiza su estabilidad dimensional. Su estructura molecular optimizada ofrece una resistencia superior a los rayos UV, manteniendo la intensidad del color azul atl\u00e1ntico sin decoloraci\u00f3n. La superficie presenta un acabado mate con microtextura que mejora su durabilidad ante el desgaste diario. El material mantiene una flexibilidad constante de 9.5\/10 en la escala de maleabilidad, facilitando su adaptaci\u00f3n a diferentes radios de curvatura.<\/p>\n<p>Especialmente desarrollado para proyectos de ebanister\u00eda que requieren un acabado profesional en tonos azules. Esta cinta de canto se integra perfectamente en la fabricaci\u00f3n de mobiliario de oficina, espacios educativos y ambientes n\u00e1uticos. Como borde de mueble, proporciona un sellado herm\u00e9tico que protege los tableros de la humedad y el uso intensivo. Su facilidad de aplicaci\u00f3n y m\u00ednimo desperdicio lo convierten en un material de ebanister\u00eda ideal para producciones a gran escala y trabajos artesanales que demandan precisi\u00f3n en los acabados.<\/p>\n<\/div>\n","protected":false},"excerpt":{"rendered":"<p>28&#215;2*<\/p>\n","protected":false},"featured_media":0,"comment_status":"closed","ping_status":"open","template":"","meta":{"_acf_changed":false},"product_brand":[],"product_cat":[452],"product_tag":[],"class_list":{"0":"post-24700","1":"product","2":"type-product","3":"status-publish","5":"product_cat-bordes-de-muebles","7":"first","8":"instock","9":"product-type-simple"},"acf":[],"_links":{"self":[{"href":"https:\/\/www.maag-polska.pl\/es\/wp-json\/wp\/v2\/product\/24700","targetHints":{"allow":["GET"]}}],"collection":[{"href":"https:\/\/www.maag-polska.pl\/es\/wp-json\/wp\/v2\/product"}],"about":[{"href":"https:\/\/www.maag-polska.pl\/es\/wp-json\/wp\/v2\/types\/product"}],"replies":[{"embeddable":true,"href":"https:\/\/www.maag-polska.pl\/es\/wp-json\/wp\/v2\/comments?post=24700"}],"wp:attachment":[{"href":"https:\/\/www.maag-polska.pl\/es\/wp-json\/wp\/v2\/media?parent=24700"}],"wp:term":[{"taxonomy":"product_brand","embeddable":true,"href":"https:\/\/www.maag-polska.pl\/es\/wp-json\/wp\/v2\/product_brand?post=24700"},{"taxonomy":"product_cat","embeddable":true,"href":"https:\/\/www.maag-polska.pl\/es\/wp-json\/wp\/v2\/product_cat?post=24700"},{"taxonomy":"product_tag","embeddable":true,"href":"https:\/\/www.maag-polska.pl\/es\/wp-json\/wp\/v2\/product_tag?post=24700"}],"curies":[{"name":"wp","href":"https:\/\/api.w.org\/{rel}","templated":true}]}}