{"id":24678,"date":"2025-09-01T08:27:46","date_gmt":"2025-09-01T08:27:46","guid":{"rendered":"https:\/\/www.maag-polska.pl\/obrzeza-meblowe\/201-pl-platinum-white\/"},"modified":"2025-09-01T08:50:23","modified_gmt":"2025-09-01T08:50:23","slug":"201-pl-platinum-white","status":"publish","type":"product","link":"https:\/\/www.maag-polska.pl\/es\/obrzeza-meblowe\/201-pl-platinum-white\/","title":{"rendered":"Bordes de muebles 201-PL PLATINUM WHITE"},"content":{"rendered":"<div>\n<p>El canto de PVC en Bia\u0142y Platynowy exhibe un acabado platino blanco de alta pureza, que aporta una luminosidad sofisticada y moderna a los bordes. Su superficie tersa y uniforme refleja la luz de manera sutil, creando una sensaci\u00f3n de amplitud y elegancia en cada aplicaci\u00f3n. Este material de ebanister\u00eda premium mantiene su brillo y tonalidad gracias a su excepcional resistencia a los rayos UV, preservando la est\u00e9tica original del mueble a lo largo del tiempo.<\/p>\n<p>Esta cinta de canto destaca por su versatilidad en m\u00faltiples aplicaciones de mobiliario, desde cocinas contempor\u00e1neas hasta oficinas minimalistas. Como borde de mueble profesional, se integra perfectamente con tableros Kronospan 6459 PE, garantizando uniones imperceptibles y esquinas precisas. Su composici\u00f3n de PVC puro asegura una adhesi\u00f3n superior y facilita el corte limpio, minimizando desperdicios durante la instalaci\u00f3n. Ideal para proyectos que requieren un acabado duradero y profesional con la m\u00e1xima eficiencia en su aplicaci\u00f3n.<\/p>\n<\/div>\n","protected":false},"excerpt":{"rendered":"<p>19&#215;0,45*<\/p>\n","protected":false},"featured_media":14022,"comment_status":"closed","ping_status":"open","template":"","meta":{"_acf_changed":false},"product_brand":[],"product_cat":[452],"product_tag":[],"class_list":{"0":"post-24678","1":"product","2":"type-product","3":"status-publish","4":"has-post-thumbnail","6":"product_cat-bordes-de-muebles","8":"first","9":"instock","10":"product-type-simple"},"acf":[],"_links":{"self":[{"href":"https:\/\/www.maag-polska.pl\/es\/wp-json\/wp\/v2\/product\/24678","targetHints":{"allow":["GET"]}}],"collection":[{"href":"https:\/\/www.maag-polska.pl\/es\/wp-json\/wp\/v2\/product"}],"about":[{"href":"https:\/\/www.maag-polska.pl\/es\/wp-json\/wp\/v2\/types\/product"}],"replies":[{"embeddable":true,"href":"https:\/\/www.maag-polska.pl\/es\/wp-json\/wp\/v2\/comments?post=24678"}],"wp:featuredmedia":[{"embeddable":true,"href":"https:\/\/www.maag-polska.pl\/es\/wp-json\/wp\/v2\/media\/14022"}],"wp:attachment":[{"href":"https:\/\/www.maag-polska.pl\/es\/wp-json\/wp\/v2\/media?parent=24678"}],"wp:term":[{"taxonomy":"product_brand","embeddable":true,"href":"https:\/\/www.maag-polska.pl\/es\/wp-json\/wp\/v2\/product_brand?post=24678"},{"taxonomy":"product_cat","embeddable":true,"href":"https:\/\/www.maag-polska.pl\/es\/wp-json\/wp\/v2\/product_cat?post=24678"},{"taxonomy":"product_tag","embeddable":true,"href":"https:\/\/www.maag-polska.pl\/es\/wp-json\/wp\/v2\/product_tag?post=24678"}],"curies":[{"name":"wp","href":"https:\/\/api.w.org\/{rel}","templated":true}]}}