{"id":14393,"date":"2024-11-14T23:39:42","date_gmt":"2024-11-14T23:39:42","guid":{"rendered":"https:\/\/www.maag-polska.pl\/preguntas-frecuentes\/"},"modified":"2025-03-06T08:40:37","modified_gmt":"2025-03-06T08:40:37","slug":"preguntas-frecuentes","status":"publish","type":"page","link":"https:\/\/www.maag-polska.pl\/es\/preguntas-frecuentes\/","title":{"rendered":"PREGUNTAS FRECUENTES"},"content":{"rendered":"\t\t<div data-elementor-type=\"wp-page\" data-elementor-id=\"14393\" class=\"elementor elementor-14393 elementor-5195\" data-elementor-post-type=\"page\">\n\t\t\t\t<div class=\"elementor-element elementor-element-4f4cac0 e-con-full e-flex e-con e-parent\" data-id=\"4f4cac0\" data-element_type=\"container\" data-e-type=\"container\" data-settings=\"{&quot;background_background&quot;:&quot;classic&quot;,&quot;enable_glow_container&quot;:&quot;no&quot;}\">\n\t\t<div class=\"elementor-element elementor-element-07a236b e-con-full e-flex e-con e-child\" data-id=\"07a236b\" data-element_type=\"container\" data-e-type=\"container\" data-settings=\"{&quot;enable_glow_container&quot;:&quot;no&quot;}\">\n\t\t<div class=\"elementor-element elementor-element-b7fbce5 e-con-full e-flex e-con e-child\" data-id=\"b7fbce5\" data-element_type=\"container\" data-e-type=\"container\" data-settings=\"{&quot;cew_animation_ease&quot;:&quot;cubic-bezier(0.33, 1, 0.68, 1)&quot;,&quot;cew_animation_enable&quot;:&quot;yes&quot;,&quot;cew_animation_translate_y_toggle&quot;:&quot;yes&quot;,&quot;cew_animation_from_translate_y&quot;:{&quot;unit&quot;:&quot;vw&quot;,&quot;size&quot;:5,&quot;sizes&quot;:[]},&quot;cew_animation_from_translate_y_tablet&quot;:{&quot;unit&quot;:&quot;vw&quot;,&quot;size&quot;:&quot;&quot;,&quot;sizes&quot;:[]},&quot;cew_animation_from_translate_y_mobile&quot;:{&quot;unit&quot;:&quot;vw&quot;,&quot;size&quot;:&quot;&quot;,&quot;sizes&quot;:[]},&quot;cew_animation_to_translate_y&quot;:{&quot;unit&quot;:&quot;vw&quot;,&quot;size&quot;:&quot;&quot;,&quot;sizes&quot;:[]},&quot;cew_animation_to_translate_y_tablet&quot;:{&quot;unit&quot;:&quot;vw&quot;,&quot;size&quot;:&quot;&quot;,&quot;sizes&quot;:[]},&quot;cew_animation_to_translate_y_mobile&quot;:{&quot;unit&quot;:&quot;vw&quot;,&quot;size&quot;:&quot;&quot;,&quot;sizes&quot;:[]},&quot;cew_animation_opacity_toggle&quot;:&quot;yes&quot;,&quot;enable_glow_container&quot;:&quot;no&quot;,&quot;cew_animation_duration&quot;:1,&quot;cew_animation_delay&quot;:0,&quot;cew_animation_from_opacity&quot;:0,&quot;cew_animation_to_opacity&quot;:1}\">\n\t\t\t\t<div class=\"elementor-element elementor-element-d54eeeb elementor-widget elementor-widget-heading\" data-id=\"d54eeeb\" data-element_type=\"widget\" data-e-type=\"widget\" data-settings=\"{&quot;custom-text-animation&quot;:&quot;type3&quot;,&quot;disable_animation_on_mobile&quot;:&quot;no&quot;}\" data-widget_type=\"heading.default\">\n\t\t\t\t<div class=\"elementor-widget-container\">\n\t\t\t\t\t<div data-animation-type=\"type3\" ><h1 class=\"elementor-heading-title elementor-size-default\"><b>FAQ: Preguntas m\u00e1s frecuentes<\/b><\/h1><\/div>\t\t\t\t<\/div>\n\t\t\t\t<\/div>\n\t\t\t\t<div class=\"elementor-element elementor-element-35b2a81 elementor-widget elementor-widget-text-editor\" data-id=\"35b2a81\" data-element_type=\"widget\" data-e-type=\"widget\" data-widget_type=\"text-editor.default\">\n\t\t\t\t<div class=\"elementor-widget-container\">\n\t\t\t\t\t\t\t\t\t<p>Aqu\u00ed encontrar\u00e1s respuestas a preguntas frecuentes de nuestros clientes. \u00bfTienes alguna otra pregunta? Escr\u00edbenos.  <\/p>\t\t\t\t\t\t\t\t<\/div>\n\t\t\t\t<\/div>\n\t\t<div class=\"elementor-element elementor-element-6d5850a e-con-full e-flex e-con e-child\" data-id=\"6d5850a\" data-element_type=\"container\" data-e-type=\"container\" data-settings=\"{&quot;enable_glow_container&quot;:&quot;no&quot;}\">\n\t\t\t\t<div class=\"elementor-element elementor-element-43b70c4 elementor-widget elementor-widget-html\" data-id=\"43b70c4\" data-element_type=\"widget\" data-e-type=\"widget\" data-widget_type=\"html.default\">\n\t\t\t\t<div class=\"elementor-widget-container\">\n\t\t\t\t\t<a class=\"hero-mouse anchor\" href=\"#CHANGEME\">\n  <div class=\"mouse-icon\"><span><\/span><\/div>\n<\/a>\t\t\t\t<\/div>\n\t\t\t\t<\/div>\n\t\t\t\t<div class=\"elementor-element elementor-element-0755f07 elementor-hidden-mobile elementor-widget elementor-widget-heading\" data-id=\"0755f07\" data-element_type=\"widget\" data-e-type=\"widget\" data-widget_type=\"heading.default\">\n\t\t\t\t<div class=\"elementor-widget-container\">\n\t\t\t\t\t<p class=\"elementor-heading-title elementor-size-default\">Despl\u00e1zate hacia abajo para saber m\u00e1s<\/p>\t\t\t\t<\/div>\n\t\t\t\t<\/div>\n\t\t\t\t<\/div>\n\t\t\t\t<\/div>\n\t\t\t\t<\/div>\n\t\t<div class=\"elementor-element elementor-element-8f94d46 e-con-full e-flex e-con e-child\" data-id=\"8f94d46\" data-element_type=\"container\" data-e-type=\"container\" data-settings=\"{&quot;background_background&quot;:&quot;classic&quot;,&quot;cew_animation_ease&quot;:&quot;cubic-bezier(0.33, 1, 0.68, 1)&quot;,&quot;cew_animation_enable&quot;:&quot;yes&quot;,&quot;cew_animation_delay&quot;:0.2,&quot;cew_animation_translate_y_toggle&quot;:&quot;yes&quot;,&quot;cew_animation_from_translate_y&quot;:{&quot;unit&quot;:&quot;vw&quot;,&quot;size&quot;:4,&quot;sizes&quot;:[]},&quot;cew_animation_from_translate_y_tablet&quot;:{&quot;unit&quot;:&quot;vw&quot;,&quot;size&quot;:&quot;&quot;,&quot;sizes&quot;:[]},&quot;cew_animation_from_translate_y_mobile&quot;:{&quot;unit&quot;:&quot;vw&quot;,&quot;size&quot;:&quot;&quot;,&quot;sizes&quot;:[]},&quot;cew_animation_opacity_toggle&quot;:&quot;yes&quot;,&quot;enable_glow_container&quot;:&quot;no&quot;,&quot;cew_animation_duration&quot;:1,&quot;cew_animation_to_translate_y&quot;:{&quot;unit&quot;:&quot;%&quot;,&quot;size&quot;:0,&quot;sizes&quot;:[]},&quot;cew_animation_to_translate_y_tablet&quot;:{&quot;unit&quot;:&quot;px&quot;,&quot;size&quot;:&quot;&quot;,&quot;sizes&quot;:[]},&quot;cew_animation_to_translate_y_mobile&quot;:{&quot;unit&quot;:&quot;px&quot;,&quot;size&quot;:&quot;&quot;,&quot;sizes&quot;:[]},&quot;cew_animation_from_opacity&quot;:0,&quot;cew_animation_to_opacity&quot;:1}\">\n\t\t\t\t<div class=\"elementor-element elementor-element-cc6cc54 elementor-widget elementor-widget-image\" data-id=\"cc6cc54\" data-element_type=\"widget\" data-e-type=\"widget\" data-widget_type=\"image.default\">\n\t\t\t\t<div class=\"elementor-widget-container\">\n\t\t\t\t\t\t\t\t\t\t\t\t\t\t\t<img fetchpriority=\"high\" decoding=\"async\" width=\"800\" height=\"593\" src=\"https:\/\/www.maag-polska.pl\/wp-content\/uploads\/2024\/11\/faq-1024x759.jpg\" class=\"attachment-large size-large wp-image-12651\" alt=\"\" srcset=\"https:\/\/www.maag-polska.pl\/wp-content\/uploads\/2024\/11\/faq-1024x759.jpg 1024w, https:\/\/www.maag-polska.pl\/wp-content\/uploads\/2024\/11\/faq-600x444.jpg 600w, https:\/\/www.maag-polska.pl\/wp-content\/uploads\/2024\/11\/faq-300x222.jpg 300w, https:\/\/www.maag-polska.pl\/wp-content\/uploads\/2024\/11\/faq-768x569.jpg 768w, https:\/\/www.maag-polska.pl\/wp-content\/uploads\/2024\/11\/faq.jpg 1350w\" sizes=\"(max-width: 800px) 100vw, 800px\" \/>\t\t\t\t\t\t\t\t\t\t\t\t\t\t\t<\/div>\n\t\t\t\t<\/div>\n\t\t\t\t<\/div>\n\t\t\t\t<\/div>\n\t\t<div class=\"elementor-element elementor-element-88d7c7a e-con-full e-flex e-con e-parent\" data-id=\"88d7c7a\" data-element_type=\"container\" data-e-type=\"container\" data-settings=\"{&quot;enable_glow_container&quot;:&quot;no&quot;}\">\n\t\t\t\t<div class=\"elementor-element elementor-element-f0c564d elementor-widget elementor-widget-heading\" data-id=\"f0c564d\" data-element_type=\"widget\" data-e-type=\"widget\" data-widget_type=\"heading.default\">\n\t\t\t\t<div class=\"elementor-widget-container\">\n\t\t\t\t\t<div data-scribble-type=\"circle\" class=\"cew-scribble-text\"><h2 class=\"elementor-heading-title elementor-size-default\"><b>Preguntas m\u00e1s frecuentes<\/b><\/h2><\/div>\t\t\t\t<\/div>\n\t\t\t\t<\/div>\n\t\t<div class=\"elementor-element elementor-element-b67afbf e-con-full e-flex e-con e-child\" data-id=\"b67afbf\" data-element_type=\"container\" data-e-type=\"container\" data-settings=\"{&quot;enable_glow_container&quot;:&quot;no&quot;}\">\n\t\t\t\t<div class=\"elementor-element elementor-element-eff52e8 elementor-widget elementor-widget-CEW-faq-id\" data-id=\"eff52e8\" data-element_type=\"widget\" data-e-type=\"widget\" data-widget_type=\"CEW-faq-id.default\">\n\t\t\t\t<div class=\"elementor-widget-container\">\n\t\t\t\t\t<div class=\"cew_faq\">\n              <div class=\"faq_item\">\n            <div class=\"white\"><\/div>\n            <div class=\"faq_question\">\n                <p>\u00bfPor qu\u00e9 deber\u00eda elegir bordes de PVC en lugar de bordes de otros materiales?<\/p>\n                <div>\n                    <div class=\"animated_text\">\n                        <div><\/div>\n                    <\/div>\n                <\/div>\n            <\/div>\n            <div class=\"faq_answer\">\n                <p>Los cantos de PVC fabricados por MAAG Polska se caracterizan por unas propiedades mec\u00e1nicas excepcionalmente buenas. Esto facilita el mecanizado incluso a bajas temperaturas, prolonga la vida \u00fatil de las herramientas de corte y permite revestir superficies curvas sin problemas.<\/p>\n            <\/div>\n        <\/div>          <div class=\"faq_item\">\n            <div class=\"white\"><\/div>\n            <div class=\"faq_question\">\n                <p>\u00bfD\u00f3nde puedo comprar productos MAAG?<\/p>\n                <div>\n                    <div class=\"animated_text\">\n                        <div><\/div>\n                    <\/div>\n                <\/div>\n            <\/div>\n            <div class=\"faq_answer\">\n                <p>Los productos de MAAG Polonia son distribuidos por socios comerciales con sucursales repartidas por todo el pa\u00eds, creando una densa red de distribuci\u00f3n. Para conocer la direcci\u00f3n de un distribuidor concreto, ponte en contacto con nuestro departamento comercial.<\/p>\n            <\/div>\n        <\/div>          <div class=\"faq_item\">\n            <div class=\"white\"><\/div>\n            <div class=\"faq_question\">\n                <p>\u00bfC\u00f3mo empiezo a trabajar con vosotros?<\/p>\n                <div>\n                    <div class=\"animated_text\">\n                        <div><\/div>\n                    <\/div>\n                <\/div>\n            <\/div>\n            <div class=\"faq_answer\">\n                <p>Para iniciar la cooperaci\u00f3n, ponte en contacto con nuestro departamento de ventas o a trav\u00e9s del formulario del sitio web.<\/p>\n            <\/div>\n        <\/div>          <div class=\"faq_item\">\n            <div class=\"white\"><\/div>\n            <div class=\"faq_question\">\n                <p>\u00bfC\u00f3mo presento una queja?<\/p>\n                <div>\n                    <div class=\"animated_text\">\n                        <div><\/div>\n                    <\/div>\n                <\/div>\n            <\/div>\n            <div class=\"faq_answer\">\n                <p>Las reclamaciones pueden presentarse directamente al distribuidor donde compraste nuestros productos o poni\u00e9ndote en contacto con el departamento de ventas de MAAG Polska. Nos preocupamos por la calidad y la r\u00e1pida gesti\u00f3n de las reclamaciones, por lo que dejamos la elecci\u00f3n del m\u00e9todo a los clientes.<\/p>\n            <\/div>\n        <\/div>          <div class=\"faq_item\">\n            <div class=\"white\"><\/div>\n            <div class=\"faq_question\">\n                <p>\u00bfD\u00f3nde puedo obtener tu plantilla de producto?  <\/p>\n                <div>\n                    <div class=\"animated_text\">\n                        <div><\/div>\n                    <\/div>\n                <\/div>\n            <\/div>\n            <div class=\"faq_answer\">\n                <p>Puedes obtener una plantilla poni\u00e9ndote en contacto con nuestro departamento de ventas. La segunda opci\u00f3n es rellenar el formulario correspondiente en nuestro sitio web. La plantilla tambi\u00e9n est\u00e1 disponible en nuestro distribuidor.<\/p>\n            <\/div>\n        <\/div>          <div class=\"faq_item\">\n            <div class=\"white\"><\/div>\n            <div class=\"faq_question\">\n                <p>\u00bfC\u00f3mo puedo estar seguro de que el ribete que estoy comprando es vuestro producto original?<\/p>\n                <div>\n                    <div class=\"animated_text\">\n                        <div><\/div>\n                    <\/div>\n                <\/div>\n            <\/div>\n            <div class=\"faq_answer\">\n                <p>Cada disco de reborde tiene una marca \u00fanica para facilitar su identificaci\u00f3n. Hay un holograma al final, y las etiquetas al principio y al final del borde confirman la originalidad del producto.<\/p>\n            <\/div>\n        <\/div>          <div class=\"faq_item\">\n            <div class=\"white\"><\/div>\n            <div class=\"faq_question\">\n                <p>\u00bfEn qu\u00e9 medidas ofrecen cantos para muebles?<\/p>\n                <div>\n                    <div class=\"animated_text\">\n                        <div><\/div>\n                    <\/div>\n                <\/div>\n            <\/div>\n            <div class=\"faq_answer\">\n                <p>Los cantos MAAG Polonia se ofrecen en tres grosores b\u00e1sicos: 0,6 mm; 1,0 mm; 2,0 mm. En combinaci\u00f3n con las anchuras b\u00e1sicas, la gama de tama\u00f1os ofrecida es la siguiente:<br><br><b>Tama\u00f1os est\u00e1ndar<\/b>: 22\u00d70,6, 22\u00d70,8, 22\u00d71,0, 22\u00d72,0, 35\u00d71,0, 42\u00d70,8, 42\u00d72,0<br><b>Tama\u00f1os personalizados<\/b>: 15\u00d70,6, 19\u00d70,45, 19\u00d70,6, 19\u00d71,0, 19\u00d72,0, 20\u00d70,5, 25\u00d70,45, 25\u00d71,0, 25\u00d72,0, 28\u00d70,6, 28\u00d71,0, 28\u00d72,0, 32\u00d72,0, 36\u00d70,6, 40\u00d71,0, 54\u00d72,0, 62\u00d72,0<\/p>\n            <\/div>\n        <\/div>          <div class=\"faq_item\">\n            <div class=\"white\"><\/div>\n            <div class=\"faq_question\">\n                <p>\u00bfEs posible pedir cantos en tama\u00f1os distintos de los que se ofrecen actualmente?<\/p>\n                <div>\n                    <div class=\"animated_text\">\n                        <div><\/div>\n                    <\/div>\n                <\/div>\n            <\/div>\n            <div class=\"faq_answer\">\n                <p>Podemos fabricar cantos seg\u00fan las especificaciones del cliente. Sin embargo, esto requiere una cantidad m\u00ednima de pedido y acuerdos entre el cliente y MAAG Polska.<\/p>\n            <\/div>\n        <\/div>\n<\/div>\t\t\t\t<\/div>\n\t\t\t\t<\/div>\n\t\t\t\t<\/div>\n\t\t\t\t<\/div>\n\t\t\t\t<\/div>\n\t\t","protected":false},"excerpt":{"rendered":"<p>FAQ: Preguntas m\u00e1s frecuentes Aqu\u00ed encontrar\u00e1s respuestas a preguntas frecuentes de nuestros clientes. \u00bfTienes alguna otra pregunta? Escr\u00edbenos. Despl\u00e1zate hacia abajo para saber m\u00e1s Preguntas m\u00e1s frecuentes \u00bfPor qu\u00e9 deber\u00eda elegir bordes de PVC en lugar de bordes de otros materiales? Los cantos de PVC fabricados por MAAG Polska se caracterizan por unas propiedades mec\u00e1nicas [&hellip;]<\/p>\n","protected":false},"author":1,"featured_media":0,"parent":0,"menu_order":0,"comment_status":"closed","ping_status":"closed","template":"","meta":{"_acf_changed":false,"footnotes":""},"class_list":["post-14393","page","type-page","status-publish","hentry"],"acf":[],"_links":{"self":[{"href":"https:\/\/www.maag-polska.pl\/es\/wp-json\/wp\/v2\/pages\/14393","targetHints":{"allow":["GET"]}}],"collection":[{"href":"https:\/\/www.maag-polska.pl\/es\/wp-json\/wp\/v2\/pages"}],"about":[{"href":"https:\/\/www.maag-polska.pl\/es\/wp-json\/wp\/v2\/types\/page"}],"author":[{"embeddable":true,"href":"https:\/\/www.maag-polska.pl\/es\/wp-json\/wp\/v2\/users\/1"}],"replies":[{"embeddable":true,"href":"https:\/\/www.maag-polska.pl\/es\/wp-json\/wp\/v2\/comments?post=14393"}],"version-history":[{"count":1,"href":"https:\/\/www.maag-polska.pl\/es\/wp-json\/wp\/v2\/pages\/14393\/revisions"}],"predecessor-version":[{"id":14394,"href":"https:\/\/www.maag-polska.pl\/es\/wp-json\/wp\/v2\/pages\/14393\/revisions\/14394"}],"wp:attachment":[{"href":"https:\/\/www.maag-polska.pl\/es\/wp-json\/wp\/v2\/media?parent=14393"}],"curies":[{"name":"wp","href":"https:\/\/api.w.org\/{rel}","templated":true}]}}