{"id":24656,"date":"2025-09-01T08:33:22","date_gmt":"2025-09-01T08:33:22","guid":{"rendered":"https:\/\/www.maag-polska.pl\/obrzeza-meblowe\/d8-8-medium-walnut\/"},"modified":"2025-09-01T08:49:11","modified_gmt":"2025-09-01T08:49:11","slug":"d8-8-medium-walnut","status":"publish","type":"product","link":"https:\/\/www.maag-polska.pl\/de\/obrzeza-meblowe\/d8-8-medium-walnut\/","title":{"rendered":"Kanten von M\u00f6beln D8\/8 MEDIUM WALNUT"},"content":{"rendered":"<div>\n<p>Das PVC-Kantenband D8\/8 ORZECH \u015aREDNI \u00fcberzeugt durch seine pr\u00e4zise entwickelte Materialkomposition mit einer St\u00e4rke von 2mm. Die technisch optimierte Oberfl\u00e4chenstruktur des Kantenbands gew\u00e4hrleistet eine au\u00dfergew\u00f6hnliche UV-Best\u00e4ndigkeit und verhindert effektiv das Ausbleichen. Die spezielle PVC-Formulierung erm\u00f6glicht eine Verarbeitungstemperatur von 120-180\u00b0C bei gleichzeitig hoher Dimensionsstabilit\u00e4t.<\/p>\n<p>Dieses Schreinerzubeh\u00f6r reduziert durch seine exakte Ma\u00dfhaltigkeit den Verschnitt auf ein Minimum und optimiert damit die Materialeffizienz in der M\u00f6belfertigung. Die M\u00f6belkante zeichnet sich durch ihre schnelle Verarbeitbarkeit aus und erm\u00f6glicht eine kosteng\u00fcnstige Integration in bestehende Produktionsabl\u00e4ufe. Die hohe Farbstabilit\u00e4t garantiert eine langfristige Werterhaltung der gefertigten M\u00f6belst\u00fccke.<\/p>\n<\/div>\n","protected":false},"excerpt":{"rendered":"<p>22&#215;0,6; 22&#215;1; 22&#215;2; 32&#215;2*; 35&#215;1*; 42&#215;2<\/p>\n","protected":false},"featured_media":15176,"comment_status":"closed","ping_status":"open","template":"","meta":{"_acf_changed":false},"product_brand":[],"product_cat":[923],"product_tag":[],"class_list":{"0":"post-24656","1":"product","2":"type-product","3":"status-publish","4":"has-post-thumbnail","6":"product_cat-kanten-von-mobeln","8":"first","9":"instock","10":"product-type-simple"},"acf":[],"_links":{"self":[{"href":"https:\/\/www.maag-polska.pl\/de\/wp-json\/wp\/v2\/product\/24656","targetHints":{"allow":["GET"]}}],"collection":[{"href":"https:\/\/www.maag-polska.pl\/de\/wp-json\/wp\/v2\/product"}],"about":[{"href":"https:\/\/www.maag-polska.pl\/de\/wp-json\/wp\/v2\/types\/product"}],"replies":[{"embeddable":true,"href":"https:\/\/www.maag-polska.pl\/de\/wp-json\/wp\/v2\/comments?post=24656"}],"wp:featuredmedia":[{"embeddable":true,"href":"https:\/\/www.maag-polska.pl\/de\/wp-json\/wp\/v2\/media\/15176"}],"wp:attachment":[{"href":"https:\/\/www.maag-polska.pl\/de\/wp-json\/wp\/v2\/media?parent=24656"}],"wp:term":[{"taxonomy":"product_brand","embeddable":true,"href":"https:\/\/www.maag-polska.pl\/de\/wp-json\/wp\/v2\/product_brand?post=24656"},{"taxonomy":"product_cat","embeddable":true,"href":"https:\/\/www.maag-polska.pl\/de\/wp-json\/wp\/v2\/product_cat?post=24656"},{"taxonomy":"product_tag","embeddable":true,"href":"https:\/\/www.maag-polska.pl\/de\/wp-json\/wp\/v2\/product_tag?post=24656"}],"curies":[{"name":"wp","href":"https:\/\/api.w.org\/{rel}","templated":true}]}}