{"id":24643,"date":"2025-09-01T08:33:22","date_gmt":"2025-09-01T08:33:22","guid":{"rendered":"https:\/\/www.maag-polska.pl\/obrzeza-meblowe\/d8-13-hazelnut\/"},"modified":"2025-09-01T08:49:03","modified_gmt":"2025-09-01T08:49:03","slug":"d8-13-hazelnut","status":"publish","type":"product","link":"https:\/\/www.maag-polska.pl\/de\/obrzeza-meblowe\/d8-13-hazelnut\/","title":{"rendered":"Kanten von M\u00f6beln D8\/13 HAZELNUT"},"content":{"rendered":"<div>\n<p>Das PVC-Kantenband D8\/13 ORZECH LASKOWY setzt neue Ma\u00dfst\u00e4be in der pr\u00e4zisen Kantentechnologie. Mit einer speziell entwickelten UV-resistenten Beschichtung und einer Materialst\u00e4rke von 2mm gew\u00e4hrleistet dieses Schreinerzubeh\u00f6r eine au\u00dfergew\u00f6hnliche Langzeitperformance. Die technisch optimierte Zusammensetzung aus reinem PVC erm\u00f6glicht eine Verarbeitungstemperatur von 180-200\u00b0C bei gleichzeitig hervorragender Dimensionsstabilit\u00e4t. Die integrierte Primerschicht garantiert eine Haftkraft von \u00fcber 3,5 N\/mm\u00b2.<\/p>\n<p>Durch die exakte Materialkalibrierung reduziert diese M\u00f6belkante den Verschnitt auf ein Minimum und optimiert damit die Wirtschaftlichkeit in der M\u00f6belfertigung. Die pr\u00e4zise abgestimmte Farbgebung in Haselnuss-Optik bleibt dank modernster Pigmentierung dauerhaft stabil und erm\u00f6glicht eine nahtlose Integration in hochwertige M\u00f6beldesigns. Die rationelle Verarbeitung spart Zeit und Ressourcen &#8211; besonders bei gr\u00f6\u00dferen Produktionsserien zahlt sich die Investition in dieses Qualit\u00e4ts-Kantenband mehrfach aus.<\/p>\n<\/div>\n","protected":false},"excerpt":{"rendered":"<p>22&#215;1<\/p>\n","protected":false},"featured_media":15151,"comment_status":"closed","ping_status":"open","template":"","meta":{"_acf_changed":false},"product_brand":[],"product_cat":[923],"product_tag":[],"class_list":{"0":"post-24643","1":"product","2":"type-product","3":"status-publish","4":"has-post-thumbnail","6":"product_cat-kanten-von-mobeln","8":"first","9":"instock","10":"product-type-simple"},"acf":[],"_links":{"self":[{"href":"https:\/\/www.maag-polska.pl\/de\/wp-json\/wp\/v2\/product\/24643","targetHints":{"allow":["GET"]}}],"collection":[{"href":"https:\/\/www.maag-polska.pl\/de\/wp-json\/wp\/v2\/product"}],"about":[{"href":"https:\/\/www.maag-polska.pl\/de\/wp-json\/wp\/v2\/types\/product"}],"replies":[{"embeddable":true,"href":"https:\/\/www.maag-polska.pl\/de\/wp-json\/wp\/v2\/comments?post=24643"}],"wp:featuredmedia":[{"embeddable":true,"href":"https:\/\/www.maag-polska.pl\/de\/wp-json\/wp\/v2\/media\/15151"}],"wp:attachment":[{"href":"https:\/\/www.maag-polska.pl\/de\/wp-json\/wp\/v2\/media?parent=24643"}],"wp:term":[{"taxonomy":"product_brand","embeddable":true,"href":"https:\/\/www.maag-polska.pl\/de\/wp-json\/wp\/v2\/product_brand?post=24643"},{"taxonomy":"product_cat","embeddable":true,"href":"https:\/\/www.maag-polska.pl\/de\/wp-json\/wp\/v2\/product_cat?post=24643"},{"taxonomy":"product_tag","embeddable":true,"href":"https:\/\/www.maag-polska.pl\/de\/wp-json\/wp\/v2\/product_tag?post=24643"}],"curies":[{"name":"wp","href":"https:\/\/api.w.org\/{rel}","templated":true}]}}