{"id":24630,"date":"2025-09-01T08:33:10","date_gmt":"2025-09-01T08:33:10","guid":{"rendered":"https:\/\/www.maag-polska.pl\/obrzeza-meblowe\/d54-5-charcol-flow\/"},"modified":"2025-09-01T08:48:49","modified_gmt":"2025-09-01T08:48:49","slug":"d54-5-charcol-flow","status":"publish","type":"product","link":"https:\/\/www.maag-polska.pl\/de\/obrzeza-meblowe\/d54-5-charcol-flow\/","title":{"rendered":"Kanten von M\u00f6beln D54\/5 CHARCOL FLOW"},"content":{"rendered":"<div>\n<p>Das PVC-Kantenband D54\/5 BETON CZARNY \u00fcberzeugt durch seine pr\u00e4zise entwickelte Materialkomposition aus reinem PVC. Mit einer Dicke von 2mm und optimierter Schmelztemperatur von 120-140\u00b0C erm\u00f6glicht dieses Kantenband eine besonders gleichm\u00e4\u00dfige Verarbeitung. Die UV-best\u00e4ndige Oberfl\u00e4chenstruktur garantiert langanhaltende Farbstabilit\u00e4t und verhindert effektiv das Ausbleichen. Die technisch ausgereifte Haftschicht gew\u00e4hrleistet eine zuverl\u00e4ssige Verbindung mit verschiedenen Tr\u00e4germaterialien bei minimaler Verschnittrate.<\/p>\n<p>Dieses hochwertige M\u00f6belkante eignet sich besonders f\u00fcr moderne Industriek\u00fcchen, Laboreinrichtungen und architektonische Projekte im Objektbereich. Als essentielles Schreinerzubeh\u00f6r findet es Anwendung bei der Fertigung von Arbeitsplatten, Schranksystemen und Funktionsm\u00f6beln, wo eine authentische Betonoptik gefragt ist. Die robuste Ausf\u00fchrung macht es zum idealen Partner f\u00fcr stark frequentierte Bereiche wie Empfangstheken, Konferenzr\u00e4ume oder Ausstellungsm\u00f6bel im Retail-Bereich.<\/p>\n<\/div>\n","protected":false},"excerpt":{"rendered":"<p>22&#215;0,6; 22&#215;0,8; 22&#215;1; 22&#215;2; 28&#215;2*; 32&#215;2*; 35&#215;1*; 42&#215;0,8; 42&#215;2<\/p>\n","protected":false},"featured_media":15125,"comment_status":"closed","ping_status":"open","template":"","meta":{"_acf_changed":false},"product_brand":[],"product_cat":[923],"product_tag":[],"class_list":{"0":"post-24630","1":"product","2":"type-product","3":"status-publish","4":"has-post-thumbnail","6":"product_cat-kanten-von-mobeln","8":"first","9":"instock","10":"product-type-simple"},"acf":[],"_links":{"self":[{"href":"https:\/\/www.maag-polska.pl\/de\/wp-json\/wp\/v2\/product\/24630","targetHints":{"allow":["GET"]}}],"collection":[{"href":"https:\/\/www.maag-polska.pl\/de\/wp-json\/wp\/v2\/product"}],"about":[{"href":"https:\/\/www.maag-polska.pl\/de\/wp-json\/wp\/v2\/types\/product"}],"replies":[{"embeddable":true,"href":"https:\/\/www.maag-polska.pl\/de\/wp-json\/wp\/v2\/comments?post=24630"}],"wp:featuredmedia":[{"embeddable":true,"href":"https:\/\/www.maag-polska.pl\/de\/wp-json\/wp\/v2\/media\/15125"}],"wp:attachment":[{"href":"https:\/\/www.maag-polska.pl\/de\/wp-json\/wp\/v2\/media?parent=24630"}],"wp:term":[{"taxonomy":"product_brand","embeddable":true,"href":"https:\/\/www.maag-polska.pl\/de\/wp-json\/wp\/v2\/product_brand?post=24630"},{"taxonomy":"product_cat","embeddable":true,"href":"https:\/\/www.maag-polska.pl\/de\/wp-json\/wp\/v2\/product_cat?post=24630"},{"taxonomy":"product_tag","embeddable":true,"href":"https:\/\/www.maag-polska.pl\/de\/wp-json\/wp\/v2\/product_tag?post=24630"}],"curies":[{"name":"wp","href":"https:\/\/api.w.org\/{rel}","templated":true}]}}