{"id":24625,"date":"2025-09-01T08:33:04","date_gmt":"2025-09-01T08:33:04","guid":{"rendered":"https:\/\/www.maag-polska.pl\/obrzeza-meblowe\/d51-1-satin-blackwood\/"},"modified":"2025-09-01T08:48:46","modified_gmt":"2025-09-01T08:48:46","slug":"d51-1-satin-blackwood","status":"publish","type":"product","link":"https:\/\/www.maag-polska.pl\/de\/obrzeza-meblowe\/d51-1-satin-blackwood\/","title":{"rendered":"Kanten von M\u00f6beln D51\/1 SATIN BLACKWOOD"},"content":{"rendered":"<div>\n<p>Das PVC-Kantenband D51\/1 BLACKWOOD SATYNOWY \u00fcberzeugt durch seine au\u00dfergew\u00f6hnliche Widerstandsf\u00e4higkeit gegen mechanische Belastungen im t\u00e4glichen Gebrauch. Als hochwertiges Schreinerzubeh\u00f6r bietet dieses Kantenband einen zuverl\u00e4ssigen Schutz vor UV-Strahlung und beh\u00e4lt seine elegante schwarze Holzoptik auch nach Jahren bei. Die verwendete PVC-Spezialrezeptur gew\u00e4hrleistet eine konstante Farbstabilit\u00e4t und macht die M\u00f6belkante resistent gegen Feuchtigkeit sowie Temperatureinfl\u00fcsse.<\/p>\n<p>Die durchdachte Materialkombination erm\u00f6glicht eine besonders effiziente Verarbeitung mit minimalem Verschnitt. Dank der optimierten Haftungseigenschaften l\u00e4sst sich das Kantenband schnell und pr\u00e4zise aufbringen. Die seidenmatte Oberfl\u00e4che (SATYNOWY) erfordert keine aufwendige Nachbearbeitung und spart wertvolle Arbeitszeit. Die standardisierten Abmessungen garantieren Kompatibilit\u00e4t mit g\u00e4ngigen Verarbeitungsmaschinen und erm\u00f6glichen einen reibungslosen Produktionsablauf.<\/p>\n<\/div>\n","protected":false},"excerpt":{"rendered":"<p>32&#215;2*; 42&#215;2<\/p>\n","protected":false},"featured_media":15116,"comment_status":"closed","ping_status":"open","template":"","meta":{"_acf_changed":false},"product_brand":[],"product_cat":[923],"product_tag":[],"class_list":{"0":"post-24625","1":"product","2":"type-product","3":"status-publish","4":"has-post-thumbnail","6":"product_cat-kanten-von-mobeln","8":"first","9":"instock","10":"product-type-simple"},"acf":[],"_links":{"self":[{"href":"https:\/\/www.maag-polska.pl\/de\/wp-json\/wp\/v2\/product\/24625","targetHints":{"allow":["GET"]}}],"collection":[{"href":"https:\/\/www.maag-polska.pl\/de\/wp-json\/wp\/v2\/product"}],"about":[{"href":"https:\/\/www.maag-polska.pl\/de\/wp-json\/wp\/v2\/types\/product"}],"replies":[{"embeddable":true,"href":"https:\/\/www.maag-polska.pl\/de\/wp-json\/wp\/v2\/comments?post=24625"}],"wp:featuredmedia":[{"embeddable":true,"href":"https:\/\/www.maag-polska.pl\/de\/wp-json\/wp\/v2\/media\/15116"}],"wp:attachment":[{"href":"https:\/\/www.maag-polska.pl\/de\/wp-json\/wp\/v2\/media?parent=24625"}],"wp:term":[{"taxonomy":"product_brand","embeddable":true,"href":"https:\/\/www.maag-polska.pl\/de\/wp-json\/wp\/v2\/product_brand?post=24625"},{"taxonomy":"product_cat","embeddable":true,"href":"https:\/\/www.maag-polska.pl\/de\/wp-json\/wp\/v2\/product_cat?post=24625"},{"taxonomy":"product_tag","embeddable":true,"href":"https:\/\/www.maag-polska.pl\/de\/wp-json\/wp\/v2\/product_tag?post=24625"}],"curies":[{"name":"wp","href":"https:\/\/api.w.org\/{rel}","templated":true}]}}