{"id":24619,"date":"2025-09-01T08:32:48","date_gmt":"2025-09-01T08:32:48","guid":{"rendered":"https:\/\/www.maag-polska.pl\/obrzeza-meblowe\/d41-2-calvados-krono\/"},"modified":"2025-09-01T08:48:38","modified_gmt":"2025-09-01T08:48:38","slug":"d41-2-calvados-krono","status":"publish","type":"product","link":"https:\/\/www.maag-polska.pl\/de\/obrzeza-meblowe\/d41-2-calvados-krono\/","title":{"rendered":"Kanten von M\u00f6beln D41\/2 CALVADOS KRONO"},"content":{"rendered":"<div>\n<p>Das D41\/2 CALVADOS KRONO PVC-Kantenband vereint modernste Materialtechnologie mit pr\u00e4ziser Fertigungstechnik. Die speziell entwickelte PVC-Zusammensetzung garantiert eine au\u00dfergew\u00f6hnliche UV-Best\u00e4ndigkeit und Farbstabilit\u00e4t \u00fcber Jahre hinweg. Mit einer Zugfestigkeit von \u00fcber 20 N\/mm\u00b2 und einer thermischen Formbest\u00e4ndigkeit bis 80\u00b0C erf\u00fcllt dieses Kantenband h\u00f6chste technische Standards. Die innovative Oberfl\u00e4chenstruktur erm\u00f6glicht eine optimale Haftung des Klebers bei gleichzeitig perfekter optischer Integration in die M\u00f6belgestaltung.<\/p>\n<p>Schreinereien und M\u00f6belhersteller profitieren von der durchdachten Materialkonzeption des D41\/2 CALVADOS KRONO. Die M\u00f6belkante l\u00e4sst sich dank des reinen PVC-Materials pr\u00e4zise und splitterfrei bearbeiten, was den Verschnitt auf ein Minimum reduziert. Die optimierte Materialst\u00e4rke erm\u00f6glicht schnelles Anlegen ohne Nachbearbeitung, wodurch sich die Verarbeitungszeit deutlich verk\u00fcrzt. Als hochwertiges Schreinerzubeh\u00f6r \u00fcberzeugt es durch sein ausgezeichnetes Preis-Leistungs-Verh\u00e4ltnis und niedrige Folgekosten durch minimalen Ausschuss.<\/p>\n<\/div>\n","protected":false},"excerpt":{"rendered":"<p>22&#215;0,6; 22&#215;1; 22&#215;2; 28&#215;1*; 28&#215;2*; 32&#215;2*; 35&#215;1*; 42&#215;2<\/p>\n","protected":false},"featured_media":15104,"comment_status":"closed","ping_status":"open","template":"","meta":{"_acf_changed":false},"product_brand":[],"product_cat":[923],"product_tag":[],"class_list":{"0":"post-24619","1":"product","2":"type-product","3":"status-publish","4":"has-post-thumbnail","6":"product_cat-kanten-von-mobeln","8":"first","9":"instock","10":"product-type-simple"},"acf":[],"_links":{"self":[{"href":"https:\/\/www.maag-polska.pl\/de\/wp-json\/wp\/v2\/product\/24619","targetHints":{"allow":["GET"]}}],"collection":[{"href":"https:\/\/www.maag-polska.pl\/de\/wp-json\/wp\/v2\/product"}],"about":[{"href":"https:\/\/www.maag-polska.pl\/de\/wp-json\/wp\/v2\/types\/product"}],"replies":[{"embeddable":true,"href":"https:\/\/www.maag-polska.pl\/de\/wp-json\/wp\/v2\/comments?post=24619"}],"wp:featuredmedia":[{"embeddable":true,"href":"https:\/\/www.maag-polska.pl\/de\/wp-json\/wp\/v2\/media\/15104"}],"wp:attachment":[{"href":"https:\/\/www.maag-polska.pl\/de\/wp-json\/wp\/v2\/media?parent=24619"}],"wp:term":[{"taxonomy":"product_brand","embeddable":true,"href":"https:\/\/www.maag-polska.pl\/de\/wp-json\/wp\/v2\/product_brand?post=24619"},{"taxonomy":"product_cat","embeddable":true,"href":"https:\/\/www.maag-polska.pl\/de\/wp-json\/wp\/v2\/product_cat?post=24619"},{"taxonomy":"product_tag","embeddable":true,"href":"https:\/\/www.maag-polska.pl\/de\/wp-json\/wp\/v2\/product_tag?post=24619"}],"curies":[{"name":"wp","href":"https:\/\/api.w.org\/{rel}","templated":true}]}}