{"id":24613,"date":"2025-09-01T08:32:48","date_gmt":"2025-09-01T08:32:48","guid":{"rendered":"https:\/\/www.maag-polska.pl\/obrzeza-meblowe\/d4-84-ferrara-oak\/"},"modified":"2025-09-01T08:48:30","modified_gmt":"2025-09-01T08:48:30","slug":"d4-84-ferrara-oak","status":"publish","type":"product","link":"https:\/\/www.maag-polska.pl\/de\/obrzeza-meblowe\/d4-84-ferrara-oak\/","title":{"rendered":"Kanten von M\u00f6beln D4\/84 FERRARA OAK"},"content":{"rendered":"<div>\n<p>Das Kantenband in D\u0104B FERRARA besticht durch seine authentische Holzoptik, die die warmen, erdigen T\u00f6ne des klassischen Eichenholzes perfekt einf\u00e4ngt. Die sorgf\u00e4ltig ausgearbeitete Oberfl\u00e4chenstruktur des PVC-Kantenbands vermittelt nicht nur visuell, sondern auch haptisch den Charakter nat\u00fcrlicher Holzmaserung. Die pr\u00e4zise Farbabstimmung im Kronospan 8921 BS Dekor garantiert einen harmonischen \u00dcbergang zwischen Platte und M\u00f6belkante.<\/p>\n<p>Als hochwertiges Schreinerzubeh\u00f6r \u00fcberzeugt dieses PVC-Kantenband durch seine vielseitige Einsetzbarkeit in der modernen M\u00f6belfertigung. Die UV-best\u00e4ndige Formulierung sch\u00fctzt vor Vergilbung und gew\u00e4hrleistet langanhaltende Farbstabilit\u00e4t. Das Material aus reinem PVC erm\u00f6glicht eine pr\u00e4zise, verschnittarme Verarbeitung und l\u00e4sst sich optimal an verschiedene M\u00f6belformen anpassen. Besonders geeignet f\u00fcr Wohn- und B\u00fcrom\u00f6bel, wo eine elegante Eichenoptik gefragt ist.<\/p>\n<\/div>\n","protected":false},"excerpt":{"rendered":"<p>22&#215;0,6; 22&#215;0,8; 22&#215;1; 22&#215;2; 35&#215;1*; 42&#215;0,8; 42&#215;2<\/p>\n","protected":false},"featured_media":15093,"comment_status":"closed","ping_status":"open","template":"","meta":{"_acf_changed":false},"product_brand":[],"product_cat":[923],"product_tag":[],"class_list":{"0":"post-24613","1":"product","2":"type-product","3":"status-publish","4":"has-post-thumbnail","6":"product_cat-kanten-von-mobeln","8":"first","9":"instock","10":"product-type-simple"},"acf":[],"_links":{"self":[{"href":"https:\/\/www.maag-polska.pl\/de\/wp-json\/wp\/v2\/product\/24613","targetHints":{"allow":["GET"]}}],"collection":[{"href":"https:\/\/www.maag-polska.pl\/de\/wp-json\/wp\/v2\/product"}],"about":[{"href":"https:\/\/www.maag-polska.pl\/de\/wp-json\/wp\/v2\/types\/product"}],"replies":[{"embeddable":true,"href":"https:\/\/www.maag-polska.pl\/de\/wp-json\/wp\/v2\/comments?post=24613"}],"wp:featuredmedia":[{"embeddable":true,"href":"https:\/\/www.maag-polska.pl\/de\/wp-json\/wp\/v2\/media\/15093"}],"wp:attachment":[{"href":"https:\/\/www.maag-polska.pl\/de\/wp-json\/wp\/v2\/media?parent=24613"}],"wp:term":[{"taxonomy":"product_brand","embeddable":true,"href":"https:\/\/www.maag-polska.pl\/de\/wp-json\/wp\/v2\/product_brand?post=24613"},{"taxonomy":"product_cat","embeddable":true,"href":"https:\/\/www.maag-polska.pl\/de\/wp-json\/wp\/v2\/product_cat?post=24613"},{"taxonomy":"product_tag","embeddable":true,"href":"https:\/\/www.maag-polska.pl\/de\/wp-json\/wp\/v2\/product_tag?post=24613"}],"curies":[{"name":"wp","href":"https:\/\/api.w.org\/{rel}","templated":true}]}}