{"id":24606,"date":"2025-09-01T08:32:29","date_gmt":"2025-09-01T08:32:29","guid":{"rendered":"https:\/\/www.maag-polska.pl\/obrzeza-meblowe\/d4-78-hazel-silverjack-oak\/"},"modified":"2025-09-01T08:48:22","modified_gmt":"2025-09-01T08:48:22","slug":"d4-78-hazel-silverjack-oak","status":"publish","type":"product","link":"https:\/\/www.maag-polska.pl\/de\/obrzeza-meblowe\/d4-78-hazel-silverjack-oak\/","title":{"rendered":"Kanten von M\u00f6beln D4\/78 HAZEL SILVERJACK OAK"},"content":{"rendered":"<div>\n<p>Das PVC-Kantenband in D\u0104B SILVERJACK ORZECHOWY \u00fcberzeugt durch seine au\u00dfergew\u00f6hnliche Widerstandskraft gegen mechanische Belastungen. Als hochwertiges Schreinerzubeh\u00f6r wurde es speziell f\u00fcr den professionellen Dauereinsatz entwickelt. Die UV-best\u00e4ndige Formulierung verhindert zuverl\u00e4ssig das Ausbleichen der eleganten Nussbaum-Optik, selbst bei direkter Sonneneinstrahlung. Dank der robusten PVC-Zusammensetzung trotzt diese M\u00f6belkante souver\u00e4n allt\u00e4glichen Herausforderungen wie Feuchtigkeit, Temperaturwechsel und Sto\u00dfbelastungen.<\/p>\n<p>Die durchdachte Materialkombination des Kantenbands erm\u00f6glicht eine besonders effiziente Verarbeitung mit minimalem Verschnitt. Die optimierte Haftgrundierung garantiert eine schnelle und dauerhafte Verbindung mit der Tr\u00e4gerplatte. Durch die pr\u00e4zise Materialst\u00e4rke und gleichm\u00e4\u00dfige Flexibilit\u00e4t l\u00e4sst sich das Band m\u00fchelos auch um engere Radien f\u00fchren. Die werkseitige Oberfl\u00e4chenversiegelung macht zeitaufw\u00e4ndige Nachbehandlungen \u00fcberfl\u00fcssig &#8211; das spart wertvolle Arbeitszeit in der M\u00f6belfertigung.<\/p>\n<\/div>\n","protected":false},"excerpt":{"rendered":"<p>22&#215;0,6; 22&#215;0,8; 22&#215;2; 35&#215;1*; 42&#215;2<\/p>\n","protected":false},"featured_media":15079,"comment_status":"closed","ping_status":"open","template":"","meta":{"_acf_changed":false},"product_brand":[],"product_cat":[923],"product_tag":[],"class_list":{"0":"post-24606","1":"product","2":"type-product","3":"status-publish","4":"has-post-thumbnail","6":"product_cat-kanten-von-mobeln","8":"first","9":"instock","10":"product-type-simple"},"acf":[],"_links":{"self":[{"href":"https:\/\/www.maag-polska.pl\/de\/wp-json\/wp\/v2\/product\/24606","targetHints":{"allow":["GET"]}}],"collection":[{"href":"https:\/\/www.maag-polska.pl\/de\/wp-json\/wp\/v2\/product"}],"about":[{"href":"https:\/\/www.maag-polska.pl\/de\/wp-json\/wp\/v2\/types\/product"}],"replies":[{"embeddable":true,"href":"https:\/\/www.maag-polska.pl\/de\/wp-json\/wp\/v2\/comments?post=24606"}],"wp:featuredmedia":[{"embeddable":true,"href":"https:\/\/www.maag-polska.pl\/de\/wp-json\/wp\/v2\/media\/15079"}],"wp:attachment":[{"href":"https:\/\/www.maag-polska.pl\/de\/wp-json\/wp\/v2\/media?parent=24606"}],"wp:term":[{"taxonomy":"product_brand","embeddable":true,"href":"https:\/\/www.maag-polska.pl\/de\/wp-json\/wp\/v2\/product_brand?post=24606"},{"taxonomy":"product_cat","embeddable":true,"href":"https:\/\/www.maag-polska.pl\/de\/wp-json\/wp\/v2\/product_cat?post=24606"},{"taxonomy":"product_tag","embeddable":true,"href":"https:\/\/www.maag-polska.pl\/de\/wp-json\/wp\/v2\/product_tag?post=24606"}],"curies":[{"name":"wp","href":"https:\/\/api.w.org\/{rel}","templated":true}]}}