{"id":24601,"date":"2025-09-01T08:32:29","date_gmt":"2025-09-01T08:32:29","guid":{"rendered":"https:\/\/www.maag-polska.pl\/obrzeza-meblowe\/d4-72-natural-grand-oak\/"},"modified":"2025-09-01T08:48:18","modified_gmt":"2025-09-01T08:48:18","slug":"d4-72-natural-grand-oak","status":"publish","type":"product","link":"https:\/\/www.maag-polska.pl\/de\/obrzeza-meblowe\/d4-72-natural-grand-oak\/","title":{"rendered":"Kanten von M\u00f6beln D4\/72 NATURAL GRAND OAK"},"content":{"rendered":"<div>\n<p>Die warme, naturgetreue Eichenoptik des D4\/72 D\u0104B GRAND NATURALNY Kantenbands spiegelt die zeitlose Eleganz klassischer Holzmaserung wider. Die sorgf\u00e4ltig ausgearbeitete Oberfl\u00e4chenstruktur dieses PVC-Kantenbands vermittelt nicht nur visuell, sondern auch haptisch die authentische Anmutung echter Eiche. Die pr\u00e4zise abgestimmte Farbgebung, inspiriert von Pfleiderer R20369 RU, schafft eine harmonische Verbindung zwischen Platte und M\u00f6belkante.<\/p>\n<p>Als hochwertiges Schreinerzubeh\u00f6r \u00fcberzeugt dieses Kantenband durch seine vielf\u00e4ltigen Einsatzm\u00f6glichkeiten in der modernen M\u00f6belfertigung. Das aus reinem PVC gefertigte Material garantiert nicht nur eine einfache Verarbeitung mit minimalem Verschnitt, sondern auch eine au\u00dfergew\u00f6hnliche UV-Best\u00e4ndigkeit und Farbstabilit\u00e4t. Die robuste Beschaffenheit macht es zum idealen Partner f\u00fcr langlebige M\u00f6belst\u00fccke im privaten wie gewerblichen Bereich, von klassischen Wohnm\u00f6beln bis hin zu anspruchsvollen Objekteinrichtungen.<\/p>\n<\/div>\n","protected":false},"excerpt":{"rendered":"<p>22&#215;0,6; 22&#215;1; 22&#215;2; 28&#215;2*; 32&#215;2*; 35&#215;1*; 42&#215;2<\/p>\n","protected":false},"featured_media":15069,"comment_status":"closed","ping_status":"open","template":"","meta":{"_acf_changed":false},"product_brand":[],"product_cat":[923],"product_tag":[],"class_list":{"0":"post-24601","1":"product","2":"type-product","3":"status-publish","4":"has-post-thumbnail","6":"product_cat-kanten-von-mobeln","8":"first","9":"instock","10":"product-type-simple"},"acf":[],"_links":{"self":[{"href":"https:\/\/www.maag-polska.pl\/de\/wp-json\/wp\/v2\/product\/24601","targetHints":{"allow":["GET"]}}],"collection":[{"href":"https:\/\/www.maag-polska.pl\/de\/wp-json\/wp\/v2\/product"}],"about":[{"href":"https:\/\/www.maag-polska.pl\/de\/wp-json\/wp\/v2\/types\/product"}],"replies":[{"embeddable":true,"href":"https:\/\/www.maag-polska.pl\/de\/wp-json\/wp\/v2\/comments?post=24601"}],"wp:featuredmedia":[{"embeddable":true,"href":"https:\/\/www.maag-polska.pl\/de\/wp-json\/wp\/v2\/media\/15069"}],"wp:attachment":[{"href":"https:\/\/www.maag-polska.pl\/de\/wp-json\/wp\/v2\/media?parent=24601"}],"wp:term":[{"taxonomy":"product_brand","embeddable":true,"href":"https:\/\/www.maag-polska.pl\/de\/wp-json\/wp\/v2\/product_brand?post=24601"},{"taxonomy":"product_cat","embeddable":true,"href":"https:\/\/www.maag-polska.pl\/de\/wp-json\/wp\/v2\/product_cat?post=24601"},{"taxonomy":"product_tag","embeddable":true,"href":"https:\/\/www.maag-polska.pl\/de\/wp-json\/wp\/v2\/product_tag?post=24601"}],"curies":[{"name":"wp","href":"https:\/\/api.w.org\/{rel}","templated":true}]}}