{"id":24597,"date":"2025-09-01T08:32:29","date_gmt":"2025-09-01T08:32:29","guid":{"rendered":"https:\/\/www.maag-polska.pl\/obrzeza-meblowe\/d4-69-lindberg-oak-pfleiderer\/"},"modified":"2025-09-01T08:48:16","modified_gmt":"2025-09-01T08:48:16","slug":"d4-69-lindberg-oak-pfleiderer","status":"publish","type":"product","link":"https:\/\/www.maag-polska.pl\/de\/obrzeza-meblowe\/d4-69-lindberg-oak-pfleiderer\/","title":{"rendered":"Kanten von M\u00f6beln D4\/69 LINDBERG OAK PFLEIDERER"},"content":{"rendered":"<div>\n<p>Die warme, authentische Holzoptik des D\u0104B LINDBERG Kantenbands vermittelt die zeitlose Eleganz skandinavischer Einrichtungskunst. Das PVC-Kantenband spiegelt mit seiner pr\u00e4zise ausgearbeiteten Maserung und der naturgetreuen Farbgebung die charakteristische Erscheinung des Lindberg-Eichenholzes wider. Die sorgf\u00e4ltig abgestimmte Oberfl\u00e4chenstruktur verleiht jedem M\u00f6belst\u00fcck eine handwerklich perfekte Note und schafft einen harmonischen \u00dcbergang zwischen Platte und Kante.<\/p>\n<p>Als hochwertiges Schreinerzubeh\u00f6r \u00fcberzeugt diese M\u00f6belkante durch ihre vielseitige Einsetzbarkeit in der modernen M\u00f6belfertigung. Das Material aus reinem PVC garantiert nicht nur eine einfache Verarbeitung mit minimalem Verschnitt, sondern auch eine au\u00dfergew\u00f6hnliche UV-Best\u00e4ndigkeit und Farbstabilit\u00e4t. Die robuste Beschaffenheit macht das Kantenband zu einer langlebigen L\u00f6sung f\u00fcr K\u00fcchen, Badezimmerm\u00f6bel und Einbauschr\u00e4nke \u2013 \u00fcberall dort, wo h\u00f6chste Anspr\u00fcche an \u00c4sthetik und Funktionalit\u00e4t gestellt werden.<\/p>\n<\/div>\n","protected":false},"excerpt":{"rendered":"<p>22&#215;0,6; 22&#215;1; 22&#215;2; 28&#215;2*; 32&#215;2*; 35&#215;1*; 42&#215;2<\/p>\n","protected":false},"featured_media":15061,"comment_status":"closed","ping_status":"open","template":"","meta":{"_acf_changed":false},"product_brand":[],"product_cat":[923],"product_tag":[],"class_list":{"0":"post-24597","1":"product","2":"type-product","3":"status-publish","4":"has-post-thumbnail","6":"product_cat-kanten-von-mobeln","8":"first","9":"instock","10":"product-type-simple"},"acf":[],"_links":{"self":[{"href":"https:\/\/www.maag-polska.pl\/de\/wp-json\/wp\/v2\/product\/24597","targetHints":{"allow":["GET"]}}],"collection":[{"href":"https:\/\/www.maag-polska.pl\/de\/wp-json\/wp\/v2\/product"}],"about":[{"href":"https:\/\/www.maag-polska.pl\/de\/wp-json\/wp\/v2\/types\/product"}],"replies":[{"embeddable":true,"href":"https:\/\/www.maag-polska.pl\/de\/wp-json\/wp\/v2\/comments?post=24597"}],"wp:featuredmedia":[{"embeddable":true,"href":"https:\/\/www.maag-polska.pl\/de\/wp-json\/wp\/v2\/media\/15061"}],"wp:attachment":[{"href":"https:\/\/www.maag-polska.pl\/de\/wp-json\/wp\/v2\/media?parent=24597"}],"wp:term":[{"taxonomy":"product_brand","embeddable":true,"href":"https:\/\/www.maag-polska.pl\/de\/wp-json\/wp\/v2\/product_brand?post=24597"},{"taxonomy":"product_cat","embeddable":true,"href":"https:\/\/www.maag-polska.pl\/de\/wp-json\/wp\/v2\/product_cat?post=24597"},{"taxonomy":"product_tag","embeddable":true,"href":"https:\/\/www.maag-polska.pl\/de\/wp-json\/wp\/v2\/product_tag?post=24597"}],"curies":[{"name":"wp","href":"https:\/\/api.w.org\/{rel}","templated":true}]}}