{"id":24584,"date":"2025-09-01T08:32:10","date_gmt":"2025-09-01T08:32:10","guid":{"rendered":"https:\/\/www.maag-polska.pl\/obrzeza-meblowe\/d4-55-vintage-harbor-oak\/"},"modified":"2025-09-01T08:48:04","modified_gmt":"2025-09-01T08:48:04","slug":"d4-55-vintage-harbor-oak","status":"publish","type":"product","link":"https:\/\/www.maag-polska.pl\/de\/obrzeza-meblowe\/d4-55-vintage-harbor-oak\/","title":{"rendered":"Kanten von M\u00f6beln D4\/55 VINTAGE HARBOR OAK"},"content":{"rendered":"<div>\n<p>Das PVC-Kantenband D4\/55 D\u0104B HARBOR VINTAGE vereint modernste Materialtechnologie mit pr\u00e4ziser Fertigungstechnik. Die speziell entwickelte UV-best\u00e4ndige Oberfl\u00e4chenstruktur gew\u00e4hrleistet eine au\u00dfergew\u00f6hnliche Farbstabilit\u00e4t auch bei intensiver Sonneneinstrahlung. Mit einer Materialst\u00e4rke von 2mm und optimierter Haftungseigenschaften erf\u00fcllt dieses Kantenband h\u00f6chste technische Standards f\u00fcr professionelles Schreinerzubeh\u00f6r. Die innovative Zusammensetzung aus reinem PVC garantiert gleichbleibende Materialeigenschaften und eine konstante Verarbeitungsqualit\u00e4t.<\/p>\n<p>Durch die pr\u00e4zise kalibrierte Materialstruktur erm\u00f6glicht die M\u00f6belkante eine besonders effiziente Verarbeitung mit minimalem Verschnitt, was sich direkt in der Kostenbilanz niederschl\u00e4gt. Die hohe Ma\u00dfgenauigkeit und die optimierte Haftungsschicht reduzieren den Nachbearbeitungsaufwand erheblich. Besonders in der industriellen M\u00f6belfertigung \u00fcberzeugt das System durch seine Prozesssicherheit und Wirtschaftlichkeit. Die Harbor-Vintage-Optik trifft dabei den aktuellen Einrichtungstrend und er\u00f6ffnet vielf\u00e4ltige Gestaltungsm\u00f6glichkeiten in der modernen M\u00f6belproduktion.<\/p>\n<\/div>\n","protected":false},"excerpt":{"rendered":"<p>22&#215;0,6; 22&#215;1; 22&#215;2; 28&#215;2*; 32&#215;2*; 35&#215;1*; 42&#215;2<\/p>\n","protected":false},"featured_media":15034,"comment_status":"closed","ping_status":"open","template":"","meta":{"_acf_changed":false},"product_brand":[],"product_cat":[923],"product_tag":[],"class_list":{"0":"post-24584","1":"product","2":"type-product","3":"status-publish","4":"has-post-thumbnail","6":"product_cat-kanten-von-mobeln","8":"first","9":"instock","10":"product-type-simple"},"acf":[],"_links":{"self":[{"href":"https:\/\/www.maag-polska.pl\/de\/wp-json\/wp\/v2\/product\/24584","targetHints":{"allow":["GET"]}}],"collection":[{"href":"https:\/\/www.maag-polska.pl\/de\/wp-json\/wp\/v2\/product"}],"about":[{"href":"https:\/\/www.maag-polska.pl\/de\/wp-json\/wp\/v2\/types\/product"}],"replies":[{"embeddable":true,"href":"https:\/\/www.maag-polska.pl\/de\/wp-json\/wp\/v2\/comments?post=24584"}],"wp:featuredmedia":[{"embeddable":true,"href":"https:\/\/www.maag-polska.pl\/de\/wp-json\/wp\/v2\/media\/15034"}],"wp:attachment":[{"href":"https:\/\/www.maag-polska.pl\/de\/wp-json\/wp\/v2\/media?parent=24584"}],"wp:term":[{"taxonomy":"product_brand","embeddable":true,"href":"https:\/\/www.maag-polska.pl\/de\/wp-json\/wp\/v2\/product_brand?post=24584"},{"taxonomy":"product_cat","embeddable":true,"href":"https:\/\/www.maag-polska.pl\/de\/wp-json\/wp\/v2\/product_cat?post=24584"},{"taxonomy":"product_tag","embeddable":true,"href":"https:\/\/www.maag-polska.pl\/de\/wp-json\/wp\/v2\/product_tag?post=24584"}],"curies":[{"name":"wp","href":"https:\/\/api.w.org\/{rel}","templated":true}]}}