{"id":24580,"date":"2025-09-01T08:32:10","date_gmt":"2025-09-01T08:32:10","guid":{"rendered":"https:\/\/www.maag-polska.pl\/obrzeza-meblowe\/d4-5-sedan-oak\/"},"modified":"2025-09-01T08:48:01","modified_gmt":"2025-09-01T08:48:01","slug":"d4-5-sedan-oak","status":"publish","type":"product","link":"https:\/\/www.maag-polska.pl\/de\/obrzeza-meblowe\/d4-5-sedan-oak\/","title":{"rendered":"Kanten von M\u00f6beln D4\/5 SEDAN OAK"},"content":{"rendered":"<div>\n<p>Das D4\/5 D\u0104B SEDAN PVC-Kantenband setzt neue Ma\u00dfst\u00e4be mit seiner hochpr\u00e4zisen 0,5 mm Materialst\u00e4rke. Die speziell entwickelte UV-best\u00e4ndige Formulierung gew\u00e4hrleistet eine au\u00dfergew\u00f6hnliche Farbstabilit\u00e4t \u00fcber Jahre hinweg. Als hochwertiges Schreinerzubeh\u00f6r \u00fcberzeugt dieses Kantenband durch seine molekular optimierte Struktur, die eine Verarbeitungstemperatur von 180-200\u00b0C erm\u00f6glicht. Die verwendete PVC-Compound-Technologie garantiert gleichbleibende Materialeigenschaften und exzellente Haftungswerte bei der maschinellen Verarbeitung.<\/p>\n<p>Durch den Einsatz von reinem PVC reduziert diese M\u00f6belkante nachweislich den Ausschuss im Produktionsprozess um bis zu 30%. Die pr\u00e4zise kalibrierte Materialst\u00e4rke erm\u00f6glicht einen minimalen Verschnitt und optimiert damit die Materialausnutzung. Die einfache Verarbeitung verk\u00fcrzt Produktionszeiten und senkt Arbeitskosten. Besonders in der industriellen M\u00f6belfertigung bew\u00e4hrt sich das System durch seine Prozesssicherheit und konstante Verarbeitungsqualit\u00e4t, was sich direkt in der Wirtschaftlichkeit niederschl\u00e4gt.<\/p>\n<\/div>\n","protected":false},"excerpt":{"rendered":"<p>22&#215;0,6; 22&#215;1; 22&#215;2; 28&#215;2*; 32&#215;2*; 35&#215;1*; 42&#215;2<\/p>\n","protected":false},"featured_media":15026,"comment_status":"closed","ping_status":"open","template":"","meta":{"_acf_changed":false},"product_brand":[],"product_cat":[923],"product_tag":[],"class_list":{"0":"post-24580","1":"product","2":"type-product","3":"status-publish","4":"has-post-thumbnail","6":"product_cat-kanten-von-mobeln","8":"first","9":"instock","10":"product-type-simple"},"acf":[],"_links":{"self":[{"href":"https:\/\/www.maag-polska.pl\/de\/wp-json\/wp\/v2\/product\/24580","targetHints":{"allow":["GET"]}}],"collection":[{"href":"https:\/\/www.maag-polska.pl\/de\/wp-json\/wp\/v2\/product"}],"about":[{"href":"https:\/\/www.maag-polska.pl\/de\/wp-json\/wp\/v2\/types\/product"}],"replies":[{"embeddable":true,"href":"https:\/\/www.maag-polska.pl\/de\/wp-json\/wp\/v2\/comments?post=24580"}],"wp:featuredmedia":[{"embeddable":true,"href":"https:\/\/www.maag-polska.pl\/de\/wp-json\/wp\/v2\/media\/15026"}],"wp:attachment":[{"href":"https:\/\/www.maag-polska.pl\/de\/wp-json\/wp\/v2\/media?parent=24580"}],"wp:term":[{"taxonomy":"product_brand","embeddable":true,"href":"https:\/\/www.maag-polska.pl\/de\/wp-json\/wp\/v2\/product_brand?post=24580"},{"taxonomy":"product_cat","embeddable":true,"href":"https:\/\/www.maag-polska.pl\/de\/wp-json\/wp\/v2\/product_cat?post=24580"},{"taxonomy":"product_tag","embeddable":true,"href":"https:\/\/www.maag-polska.pl\/de\/wp-json\/wp\/v2\/product_tag?post=24580"}],"curies":[{"name":"wp","href":"https:\/\/api.w.org\/{rel}","templated":true}]}}