{"id":24579,"date":"2025-09-01T08:32:10","date_gmt":"2025-09-01T08:32:10","guid":{"rendered":"https:\/\/www.maag-polska.pl\/obrzeza-meblowe\/d4-49-burbon-oak\/"},"modified":"2025-09-01T08:48:00","modified_gmt":"2025-09-01T08:48:00","slug":"d4-49-burbon-oak","status":"publish","type":"product","link":"https:\/\/www.maag-polska.pl\/de\/obrzeza-meblowe\/d4-49-burbon-oak\/","title":{"rendered":"Kanten von M\u00f6beln D4\/49 BURBON OAK"},"content":{"rendered":"<div>\n<p>Das PVC-Kantenband in D\u0104B BURBON \u00fcberzeugt durch seine pr\u00e4zise kalibrierten Materialeigenschaften: Eine Zugfestigkeit von >20 N\/mm\u00b2 gew\u00e4hrleistet optimale Stabilit\u00e4t bei der Verarbeitung. Das aus reinem PVC gefertigte Kantenband weist eine Oberfl\u00e4chenh\u00e4rte von 80 Shore D auf und beh\u00e4lt dank UV-Stabilisatoren seine charakteristische Bourbon-Eichen-Optik dauerhaft bei. Die thermische Formbest\u00e4ndigkeit bis 80\u00b0C und die ma\u00dfgenaue Dimensionsstabilit\u00e4t erm\u00f6glichen eine verzugsfreie Verarbeitung mit minimalem Verschnitt.<\/p>\n<p>Dieses hochwertige M\u00f6belkante eignet sich besonders f\u00fcr die Ausstattung von Konferenzr\u00e4umen, Executive Offices und gehobenen Wohnambientes. Schreiner und M\u00f6belhersteller sch\u00e4tzen die einfache Verarbeitung bei der Fertigung von Schreibtischen, Konferenztischen und Empfangsm\u00f6beln. Als Schreinerzubeh\u00f6r ersten Ranges findet das Kantenband auch Anwendung in der Gestaltung von Einbauschr\u00e4nken und Wandverkleidungen, wo die warme Bourbon-Eichen-Optik ihre noble Wirkung optimal entfaltet.<\/p>\n<\/div>\n","protected":false},"excerpt":{"rendered":"<p>22&#215;0,6; 22&#215;0,8; 22&#215;1; 22&#215;2; 28&#215;2*; 32&#215;2*; 35&#215;1*;42&#215;2<\/p>\n","protected":false},"featured_media":15024,"comment_status":"closed","ping_status":"open","template":"","meta":{"_acf_changed":false},"product_brand":[],"product_cat":[923],"product_tag":[],"class_list":{"0":"post-24579","1":"product","2":"type-product","3":"status-publish","4":"has-post-thumbnail","6":"product_cat-kanten-von-mobeln","8":"first","9":"instock","10":"product-type-simple"},"acf":[],"_links":{"self":[{"href":"https:\/\/www.maag-polska.pl\/de\/wp-json\/wp\/v2\/product\/24579","targetHints":{"allow":["GET"]}}],"collection":[{"href":"https:\/\/www.maag-polska.pl\/de\/wp-json\/wp\/v2\/product"}],"about":[{"href":"https:\/\/www.maag-polska.pl\/de\/wp-json\/wp\/v2\/types\/product"}],"replies":[{"embeddable":true,"href":"https:\/\/www.maag-polska.pl\/de\/wp-json\/wp\/v2\/comments?post=24579"}],"wp:featuredmedia":[{"embeddable":true,"href":"https:\/\/www.maag-polska.pl\/de\/wp-json\/wp\/v2\/media\/15024"}],"wp:attachment":[{"href":"https:\/\/www.maag-polska.pl\/de\/wp-json\/wp\/v2\/media?parent=24579"}],"wp:term":[{"taxonomy":"product_brand","embeddable":true,"href":"https:\/\/www.maag-polska.pl\/de\/wp-json\/wp\/v2\/product_brand?post=24579"},{"taxonomy":"product_cat","embeddable":true,"href":"https:\/\/www.maag-polska.pl\/de\/wp-json\/wp\/v2\/product_cat?post=24579"},{"taxonomy":"product_tag","embeddable":true,"href":"https:\/\/www.maag-polska.pl\/de\/wp-json\/wp\/v2\/product_tag?post=24579"}],"curies":[{"name":"wp","href":"https:\/\/api.w.org\/{rel}","templated":true}]}}