{"id":24576,"date":"2025-09-01T08:32:10","date_gmt":"2025-09-01T08:32:10","guid":{"rendered":"https:\/\/www.maag-polska.pl\/obrzeza-meblowe\/d4-46-milano-oak\/"},"modified":"2025-09-01T08:47:59","modified_gmt":"2025-09-01T08:47:59","slug":"d4-46-milano-oak","status":"publish","type":"product","link":"https:\/\/www.maag-polska.pl\/de\/obrzeza-meblowe\/d4-46-milano-oak\/","title":{"rendered":"Kanten von M\u00f6beln D4\/46 MILANO OAK"},"content":{"rendered":"<div>\n<p>Das D4\/46 D\u0104B MILANO PVC-Kantenband \u00fcberzeugt durch seine pr\u00e4zise entwickelte Materialkomposition aus reinem PVC. Mit einer St\u00e4rke von 2mm und optimierter UV-Stabilisierung erreicht dieses Kantenband maximale Farbbest\u00e4ndigkeit unter verschiedensten Lichtbedingungen. Die technisch ausgereifte Oberfl\u00e4chenstruktur erm\u00f6glicht eine gleichm\u00e4\u00dfige Haftung des Klebers und garantiert eine dauerhafte Verbindung mit der Tr\u00e4gerplatte. Als hochwertiges Schreinerzubeh\u00f6r wurde die Materialdichte speziell f\u00fcr minimalen Werkzeugverschlei\u00df ausgelegt.<\/p>\n<p>In der praktischen Anwendung zeichnet sich diese M\u00f6belkante durch ihre effiziente Verarbeitbarkeit aus. Der minimale Verschnitt von durchschnittlich unter 2% optimiert die Materialausnutzung und senkt direkt die Produktionskosten. Die pr\u00e4zise Ma\u00dfhaltigkeit erm\u00f6glicht schnelles, sauberes Arbeiten ohne Nachbearbeitung. Durch die hohe Kantenstabilit\u00e4t eignet sich das Material besonders f\u00fcr stark beanspruchte M\u00f6belst\u00fccke im Objektbereich. Die nat\u00fcrliche Holzoptik in D\u0104B MILANO schafft dabei eine authentische Oberfl\u00e4chen\u00e4sthetik bei deutlich besserer Wirtschaftlichkeit gegen\u00fcber Echtholzkanten.<\/p>\n<\/div>\n","protected":false},"excerpt":{"rendered":"<p>22&#215;0,6; 22&#215;0,8; 22&#215;1; 22&#215;2; 28&#215;2*; 32&#215;2*; 35&#215;1*; 42&#215;0,8; 42&#215;2<\/p>\n","protected":false},"featured_media":15018,"comment_status":"closed","ping_status":"open","template":"","meta":{"_acf_changed":false},"product_brand":[],"product_cat":[923],"product_tag":[],"class_list":{"0":"post-24576","1":"product","2":"type-product","3":"status-publish","4":"has-post-thumbnail","6":"product_cat-kanten-von-mobeln","8":"first","9":"instock","10":"product-type-simple"},"acf":[],"_links":{"self":[{"href":"https:\/\/www.maag-polska.pl\/de\/wp-json\/wp\/v2\/product\/24576","targetHints":{"allow":["GET"]}}],"collection":[{"href":"https:\/\/www.maag-polska.pl\/de\/wp-json\/wp\/v2\/product"}],"about":[{"href":"https:\/\/www.maag-polska.pl\/de\/wp-json\/wp\/v2\/types\/product"}],"replies":[{"embeddable":true,"href":"https:\/\/www.maag-polska.pl\/de\/wp-json\/wp\/v2\/comments?post=24576"}],"wp:featuredmedia":[{"embeddable":true,"href":"https:\/\/www.maag-polska.pl\/de\/wp-json\/wp\/v2\/media\/15018"}],"wp:attachment":[{"href":"https:\/\/www.maag-polska.pl\/de\/wp-json\/wp\/v2\/media?parent=24576"}],"wp:term":[{"taxonomy":"product_brand","embeddable":true,"href":"https:\/\/www.maag-polska.pl\/de\/wp-json\/wp\/v2\/product_brand?post=24576"},{"taxonomy":"product_cat","embeddable":true,"href":"https:\/\/www.maag-polska.pl\/de\/wp-json\/wp\/v2\/product_cat?post=24576"},{"taxonomy":"product_tag","embeddable":true,"href":"https:\/\/www.maag-polska.pl\/de\/wp-json\/wp\/v2\/product_tag?post=24576"}],"curies":[{"name":"wp","href":"https:\/\/api.w.org\/{rel}","templated":true}]}}