{"id":24572,"date":"2025-09-01T08:32:10","date_gmt":"2025-09-01T08:32:10","guid":{"rendered":"https:\/\/www.maag-polska.pl\/obrzeza-meblowe\/d4-41-raw-oak\/"},"modified":"2025-09-01T08:47:56","modified_gmt":"2025-09-01T08:47:56","slug":"d4-41-raw-oak","status":"publish","type":"product","link":"https:\/\/www.maag-polska.pl\/de\/obrzeza-meblowe\/d4-41-raw-oak\/","title":{"rendered":"Kanten von M\u00f6beln D4\/41 RAW OAK"},"content":{"rendered":"<div>\n<p>Das PVC-Kantenband D4\/41 D\u0104B SUROWY vereint modernste Materialtechnologie mit pr\u00e4ziser Fertigungstechnik. Die speziell entwickelte UV-best\u00e4ndige Formulierung garantiert eine au\u00dfergew\u00f6hnliche Farbstabilit\u00e4t auch bei intensiver Sonneneinstrahlung. Mit einer Materialst\u00e4rke von 2 mm und optimierter Haftungseigenschaften erf\u00fcllt dieses Kantenband h\u00f6chste technische Standards f\u00fcr professionelles Schreinerzubeh\u00f6r. Die innovative Oberfl\u00e4chenstruktur erm\u00f6glicht eine gleichm\u00e4\u00dfige Verarbeitung bei Temperaturen zwischen 180-200\u00b0C.<\/p>\n<p>Durch den Einsatz von reinem PVC reduziert dieses M\u00f6belkanten-System Verschnitt auf ein Minimum und optimiert damit die Materialeffizienz in der Werkstatt. Die pr\u00e4zise calibrierte Oberfl\u00e4che erm\u00f6glicht schnelles, sauberes Arbeiten ohne Nachbehandlung. Besonders wirtschaftlich zeigt sich das System durch seine Langlebigkeit &#8211; keine Nachbesserungen n\u00f6tig, keine Reklamationen wegen Verf\u00e4rbungen. Die einfache Verarbeitung spart wertvolle Arbeitszeit und reduziert Fehlerquoten in der M\u00f6belfertigung deutlich.<\/p>\n<\/div>\n","protected":false},"excerpt":{"rendered":"<p>22&#215;0,6; 22&#215;1; 22&#215;2; 32&#215;2*; 35&#215;1*; 42&#215;2<\/p>\n","protected":false},"featured_media":15010,"comment_status":"closed","ping_status":"open","template":"","meta":{"_acf_changed":false},"product_brand":[],"product_cat":[923],"product_tag":[],"class_list":{"0":"post-24572","1":"product","2":"type-product","3":"status-publish","4":"has-post-thumbnail","6":"product_cat-kanten-von-mobeln","8":"first","9":"instock","10":"product-type-simple"},"acf":[],"_links":{"self":[{"href":"https:\/\/www.maag-polska.pl\/de\/wp-json\/wp\/v2\/product\/24572","targetHints":{"allow":["GET"]}}],"collection":[{"href":"https:\/\/www.maag-polska.pl\/de\/wp-json\/wp\/v2\/product"}],"about":[{"href":"https:\/\/www.maag-polska.pl\/de\/wp-json\/wp\/v2\/types\/product"}],"replies":[{"embeddable":true,"href":"https:\/\/www.maag-polska.pl\/de\/wp-json\/wp\/v2\/comments?post=24572"}],"wp:featuredmedia":[{"embeddable":true,"href":"https:\/\/www.maag-polska.pl\/de\/wp-json\/wp\/v2\/media\/15010"}],"wp:attachment":[{"href":"https:\/\/www.maag-polska.pl\/de\/wp-json\/wp\/v2\/media?parent=24572"}],"wp:term":[{"taxonomy":"product_brand","embeddable":true,"href":"https:\/\/www.maag-polska.pl\/de\/wp-json\/wp\/v2\/product_brand?post=24572"},{"taxonomy":"product_cat","embeddable":true,"href":"https:\/\/www.maag-polska.pl\/de\/wp-json\/wp\/v2\/product_cat?post=24572"},{"taxonomy":"product_tag","embeddable":true,"href":"https:\/\/www.maag-polska.pl\/de\/wp-json\/wp\/v2\/product_tag?post=24572"}],"curies":[{"name":"wp","href":"https:\/\/api.w.org\/{rel}","templated":true}]}}