{"id":24569,"date":"2025-09-01T08:32:10","date_gmt":"2025-09-01T08:32:10","guid":{"rendered":"https:\/\/www.maag-polska.pl\/obrzeza-meblowe\/d4-39n-lancelot-oak-new\/"},"modified":"2025-09-01T08:47:55","modified_gmt":"2025-09-01T08:47:55","slug":"d4-39n-lancelot-oak-new","status":"publish","type":"product","link":"https:\/\/www.maag-polska.pl\/de\/obrzeza-meblowe\/d4-39n-lancelot-oak-new\/","title":{"rendered":"Kanten von M\u00f6beln D4\/39N LANCELOT OAK NEW"},"content":{"rendered":"<div>\n<p>Die warme, authentische Holzoptik des D\u0104B LANCELOT NOWY Kantenbands f\u00e4ngt die zeitlose Eleganz klassischer Eichenstrukturen ein. Das PVC-Kantenband \u00fcberzeugt durch seine t\u00e4uschend echte Oberfl\u00e4chentextur, die sich nahtlos in moderne M\u00f6beldesigns einf\u00fcgt. Die sorgf\u00e4ltig abgestimmte Farbgebung harmoniert perfekt mit den Pfleiderer R20027 RU und Woodeco PD3023 Dekoren, wodurch eine durchg\u00e4ngige visuelle Einheit entsteht.<\/p>\n<p>Als hochwertiges Schreinerzubeh\u00f6r eignet sich diese M\u00f6belkante ideal f\u00fcr die professionelle M\u00f6belfertigung. Die UV-best\u00e4ndige Formulierung garantiert langanhaltende Farbstabilit\u00e4t, w\u00e4hrend das reine PVC-Material eine pr\u00e4zise und effiziente Verarbeitung mit minimalem Verschnitt erm\u00f6glicht. Von K\u00fcchenfronten \u00fcber B\u00fcrom\u00f6bel bis hin zu Wohnraumeinrichtungen &#8211; dieses Kantenband bew\u00e4hrt sich in vielf\u00e4ltigen Einsatzbereichen durch seine robuste Beschaffenheit und einfache Handhabung.<\/p>\n<\/div>\n","protected":false},"excerpt":{"rendered":"<p>22&#215;0,6; 22&#215;0,8; 22&#215;1; 22&#215;2; 35&#215;1*; 42&#215;0,8; 42&#215;2<\/p>\n","protected":false},"featured_media":15004,"comment_status":"closed","ping_status":"open","template":"","meta":{"_acf_changed":false},"product_brand":[],"product_cat":[923],"product_tag":[],"class_list":{"0":"post-24569","1":"product","2":"type-product","3":"status-publish","4":"has-post-thumbnail","6":"product_cat-kanten-von-mobeln","8":"first","9":"instock","10":"product-type-simple"},"acf":[],"_links":{"self":[{"href":"https:\/\/www.maag-polska.pl\/de\/wp-json\/wp\/v2\/product\/24569","targetHints":{"allow":["GET"]}}],"collection":[{"href":"https:\/\/www.maag-polska.pl\/de\/wp-json\/wp\/v2\/product"}],"about":[{"href":"https:\/\/www.maag-polska.pl\/de\/wp-json\/wp\/v2\/types\/product"}],"replies":[{"embeddable":true,"href":"https:\/\/www.maag-polska.pl\/de\/wp-json\/wp\/v2\/comments?post=24569"}],"wp:featuredmedia":[{"embeddable":true,"href":"https:\/\/www.maag-polska.pl\/de\/wp-json\/wp\/v2\/media\/15004"}],"wp:attachment":[{"href":"https:\/\/www.maag-polska.pl\/de\/wp-json\/wp\/v2\/media?parent=24569"}],"wp:term":[{"taxonomy":"product_brand","embeddable":true,"href":"https:\/\/www.maag-polska.pl\/de\/wp-json\/wp\/v2\/product_brand?post=24569"},{"taxonomy":"product_cat","embeddable":true,"href":"https:\/\/www.maag-polska.pl\/de\/wp-json\/wp\/v2\/product_cat?post=24569"},{"taxonomy":"product_tag","embeddable":true,"href":"https:\/\/www.maag-polska.pl\/de\/wp-json\/wp\/v2\/product_tag?post=24569"}],"curies":[{"name":"wp","href":"https:\/\/api.w.org\/{rel}","templated":true}]}}