{"id":24564,"date":"2025-09-01T08:31:51","date_gmt":"2025-09-01T08:31:51","guid":{"rendered":"https:\/\/www.maag-polska.pl\/obrzeza-meblowe\/d4-34-gold-craft-oak\/"},"modified":"2025-09-01T08:47:47","modified_gmt":"2025-09-01T08:47:47","slug":"d4-34-gold-craft-oak","status":"publish","type":"product","link":"https:\/\/www.maag-polska.pl\/de\/obrzeza-meblowe\/d4-34-gold-craft-oak\/","title":{"rendered":"Kanten von M\u00f6beln D4\/34 GOLD CRAFT OAK"},"content":{"rendered":"<div>\n<p>Das PVC-Kantenband D4\/34 D\u0104B CRAFT Z\u0141OTY setzt neue Ma\u00dfst\u00e4be in der technischen Pr\u00e4zisionsfertigung. Mit einer spezifizierten UV-Best\u00e4ndigkeit von \u00fcber 1000 Stunden und einer Materialst\u00e4rke von 2mm gew\u00e4hrleistet dieses Schreinerzubeh\u00f6r maximale Stabilit\u00e4t bei der M\u00f6belkantenfertigung. Die innovative Molekularstruktur des reinen PVC erm\u00f6glicht eine Zugfestigkeit von 28 N\/mm\u00b2 bei gleichzeitig optimaler Flexibilit\u00e4t w\u00e4hrend der Verarbeitung. Die integrierte Anti-Statik-Beschichtung verhindert effektiv Staubanhaftungen und unterst\u00fctzt die langfristige Farbbest\u00e4ndigkeit.<\/p>\n<p>Durch die pr\u00e4zise abgestimmte Materialkombination reduziert dieses Kantenband den Verschnitt auf ein Minimum von unter 2%. Die speziell entwickelte Haftschicht erm\u00f6glicht eine schnelle, sichere Verarbeitung und senkt dadurch die Produktionskosten erheblich. Die exakte Farbabstimmung auf Kronospan K003 PW garantiert eine nahtlose Integration in bestehende M\u00f6belserien. Die hohe Abriebfestigkeit von \u00fcber 0,8 N\/mm\u00b2 minimiert Nachbearbeitungen und sichert langfristig die Wirtschaftlichkeit in der professionellen M\u00f6belfertigung.<\/p>\n<\/div>\n","protected":false},"excerpt":{"rendered":"<p>22&#215;0,6; 22&#215;0,8; 22&#215;1; 22&#215;2; 28&#215;2*; 32&#215;2*; 35&#215;1*; 42&#215;0,8; 42&#215;2<\/p>\n","protected":false},"featured_media":14994,"comment_status":"closed","ping_status":"open","template":"","meta":{"_acf_changed":false},"product_brand":[],"product_cat":[923],"product_tag":[],"class_list":{"0":"post-24564","1":"product","2":"type-product","3":"status-publish","4":"has-post-thumbnail","6":"product_cat-kanten-von-mobeln","8":"first","9":"instock","10":"product-type-simple"},"acf":[],"_links":{"self":[{"href":"https:\/\/www.maag-polska.pl\/de\/wp-json\/wp\/v2\/product\/24564","targetHints":{"allow":["GET"]}}],"collection":[{"href":"https:\/\/www.maag-polska.pl\/de\/wp-json\/wp\/v2\/product"}],"about":[{"href":"https:\/\/www.maag-polska.pl\/de\/wp-json\/wp\/v2\/types\/product"}],"replies":[{"embeddable":true,"href":"https:\/\/www.maag-polska.pl\/de\/wp-json\/wp\/v2\/comments?post=24564"}],"wp:featuredmedia":[{"embeddable":true,"href":"https:\/\/www.maag-polska.pl\/de\/wp-json\/wp\/v2\/media\/14994"}],"wp:attachment":[{"href":"https:\/\/www.maag-polska.pl\/de\/wp-json\/wp\/v2\/media?parent=24564"}],"wp:term":[{"taxonomy":"product_brand","embeddable":true,"href":"https:\/\/www.maag-polska.pl\/de\/wp-json\/wp\/v2\/product_brand?post=24564"},{"taxonomy":"product_cat","embeddable":true,"href":"https:\/\/www.maag-polska.pl\/de\/wp-json\/wp\/v2\/product_cat?post=24564"},{"taxonomy":"product_tag","embeddable":true,"href":"https:\/\/www.maag-polska.pl\/de\/wp-json\/wp\/v2\/product_tag?post=24564"}],"curies":[{"name":"wp","href":"https:\/\/api.w.org\/{rel}","templated":true}]}}