{"id":24557,"date":"2025-09-01T08:31:51","date_gmt":"2025-09-01T08:31:51","guid":{"rendered":"https:\/\/www.maag-polska.pl\/obrzeza-meblowe\/d4-28-white-craft-oak\/"},"modified":"2025-09-01T08:47:43","modified_gmt":"2025-09-01T08:47:43","slug":"d4-28-white-craft-oak","status":"publish","type":"product","link":"https:\/\/www.maag-polska.pl\/de\/obrzeza-meblowe\/d4-28-white-craft-oak\/","title":{"rendered":"Kanten von M\u00f6beln D4\/28 WHITE CRAFT OAK"},"content":{"rendered":"<div>\n<p>Das D4\/28 D\u0104B CRAFT BIA\u0141Y Kantenband pr\u00e4sentiert sich in einer eleganten, handwerklich inspirierten wei\u00dfen Eichenoptik. Die fein strukturierte Oberfl\u00e4che des PVC-Kantenbands spiegelt authentisch die nat\u00fcrliche Maserung der Eiche wider und verleiht M\u00f6belst\u00fccken eine hochwertige, handgefertigte Anmutung. Die sorgf\u00e4ltig abgestimmte Farbgebung harmoniert besonders mit modernen, skandinavisch gepr\u00e4gten Einrichtungskonzepten.<\/p>\n<p>Als vielseitiges Schreinerzubeh\u00f6r eignet sich diese M\u00f6belkante perfekt f\u00fcr die Veredelung von K\u00fcchenfronten, Schrankelementen und Designm\u00f6beln. Das aus reinem PVC gefertigte Material gew\u00e4hrleistet durch seine UV-Best\u00e4ndigkeit eine dauerhafte Farbstabilit\u00e4t. Die optimierte Materialzusammensetzung erm\u00f6glicht eine pr\u00e4zise, splitterfreie Verarbeitung mit minimalem Verschnitt, was besonders bei umfangreichen M\u00f6belprojekten Zeit und Material spart.<\/p>\n<\/div>\n","protected":false},"excerpt":{"rendered":"<p>22&#215;0,6; 22&#215;1; 22&#215;2; 32&#215;2*; 35&#215;1*; 42&#215;0,8; 42&#215;2<\/p>\n","protected":false},"featured_media":14980,"comment_status":"closed","ping_status":"open","template":"","meta":{"_acf_changed":false},"product_brand":[],"product_cat":[923],"product_tag":[],"class_list":{"0":"post-24557","1":"product","2":"type-product","3":"status-publish","4":"has-post-thumbnail","6":"product_cat-kanten-von-mobeln","8":"first","9":"instock","10":"product-type-simple"},"acf":[],"_links":{"self":[{"href":"https:\/\/www.maag-polska.pl\/de\/wp-json\/wp\/v2\/product\/24557","targetHints":{"allow":["GET"]}}],"collection":[{"href":"https:\/\/www.maag-polska.pl\/de\/wp-json\/wp\/v2\/product"}],"about":[{"href":"https:\/\/www.maag-polska.pl\/de\/wp-json\/wp\/v2\/types\/product"}],"replies":[{"embeddable":true,"href":"https:\/\/www.maag-polska.pl\/de\/wp-json\/wp\/v2\/comments?post=24557"}],"wp:featuredmedia":[{"embeddable":true,"href":"https:\/\/www.maag-polska.pl\/de\/wp-json\/wp\/v2\/media\/14980"}],"wp:attachment":[{"href":"https:\/\/www.maag-polska.pl\/de\/wp-json\/wp\/v2\/media?parent=24557"}],"wp:term":[{"taxonomy":"product_brand","embeddable":true,"href":"https:\/\/www.maag-polska.pl\/de\/wp-json\/wp\/v2\/product_brand?post=24557"},{"taxonomy":"product_cat","embeddable":true,"href":"https:\/\/www.maag-polska.pl\/de\/wp-json\/wp\/v2\/product_cat?post=24557"},{"taxonomy":"product_tag","embeddable":true,"href":"https:\/\/www.maag-polska.pl\/de\/wp-json\/wp\/v2\/product_tag?post=24557"}],"curies":[{"name":"wp","href":"https:\/\/api.w.org\/{rel}","templated":true}]}}