{"id":24556,"date":"2025-09-01T08:31:51","date_gmt":"2025-09-01T08:31:51","guid":{"rendered":"https:\/\/www.maag-polska.pl\/obrzeza-meblowe\/d4-27-oyster-urban-oak\/"},"modified":"2025-09-01T08:47:42","modified_gmt":"2025-09-01T08:47:42","slug":"d4-27-oyster-urban-oak","status":"publish","type":"product","link":"https:\/\/www.maag-polska.pl\/de\/obrzeza-meblowe\/d4-27-oyster-urban-oak\/","title":{"rendered":"Kanten von M\u00f6beln D4\/27 OYSTER URBAN OAK"},"content":{"rendered":"<div>\n<p>Das PVC-Kantenband D4\/27 D\u0104B URBAN OYSTER setzt neue Ma\u00dfst\u00e4be in der pr\u00e4zisen Kantentechnologie. Mit einer speziell entwickelten UV-resistenten Beschichtung und einer Materialst\u00e4rke von 2,7 mm gew\u00e4hrleistet dieses Schreinerzubeh\u00f6r maximale Stabilit\u00e4t bei der M\u00f6belkantenfertigung. Die technische Komposition aus reinem PVC erm\u00f6glicht eine Verarbeitungstemperatur von 180-200\u00b0C und garantiert dabei eine au\u00dfergew\u00f6hnliche Farbbest\u00e4ndigkeit, die sich perfekt an die Dekore R50083 MO und PD7064 anpasst. Die molekulare Struktur des Materials wurde optimiert, um eine verbesserte Haftung und Verschlei\u00dffestigkeit zu erreichen.<\/p>\n<p>Die wirtschaftliche Effizienz dieses Kantenbands zeigt sich in der praktischen Anwendung: Der minimale Verschnitt von unter 2% und die optimierte Verarbeitungsgeschwindigkeit von bis zu 25 m\/min reduzieren die Produktionskosten erheblich. Die M\u00f6belkante l\u00e4sst sich ohne Vorbehandlung direkt verarbeiten, was den Fertigungsprozess beschleunigt. Durch die pr\u00e4zise Abstimmung auf g\u00e4ngige Plattenformate maximiert sich die Materialausnutzung. Die hohe Kantenstabilit\u00e4t minimiert Nachbearbeitungen und senkt langfristig die Wartungskosten in der M\u00f6belfertigung.<\/p>\n<\/div>\n","protected":false},"excerpt":{"rendered":"<p>22&#215;0,6; 22&#215;1; 22&#215;2; 28&#215;1*; 28&#215;2*; 32&#215;2*; 35&#215;1*; 42&#215;2<\/p>\n","protected":false},"featured_media":14978,"comment_status":"closed","ping_status":"open","template":"","meta":{"_acf_changed":false},"product_brand":[],"product_cat":[923],"product_tag":[],"class_list":{"0":"post-24556","1":"product","2":"type-product","3":"status-publish","4":"has-post-thumbnail","6":"product_cat-kanten-von-mobeln","8":"first","9":"instock","10":"product-type-simple"},"acf":[],"_links":{"self":[{"href":"https:\/\/www.maag-polska.pl\/de\/wp-json\/wp\/v2\/product\/24556","targetHints":{"allow":["GET"]}}],"collection":[{"href":"https:\/\/www.maag-polska.pl\/de\/wp-json\/wp\/v2\/product"}],"about":[{"href":"https:\/\/www.maag-polska.pl\/de\/wp-json\/wp\/v2\/types\/product"}],"replies":[{"embeddable":true,"href":"https:\/\/www.maag-polska.pl\/de\/wp-json\/wp\/v2\/comments?post=24556"}],"wp:featuredmedia":[{"embeddable":true,"href":"https:\/\/www.maag-polska.pl\/de\/wp-json\/wp\/v2\/media\/14978"}],"wp:attachment":[{"href":"https:\/\/www.maag-polska.pl\/de\/wp-json\/wp\/v2\/media?parent=24556"}],"wp:term":[{"taxonomy":"product_brand","embeddable":true,"href":"https:\/\/www.maag-polska.pl\/de\/wp-json\/wp\/v2\/product_brand?post=24556"},{"taxonomy":"product_cat","embeddable":true,"href":"https:\/\/www.maag-polska.pl\/de\/wp-json\/wp\/v2\/product_cat?post=24556"},{"taxonomy":"product_tag","embeddable":true,"href":"https:\/\/www.maag-polska.pl\/de\/wp-json\/wp\/v2\/product_tag?post=24556"}],"curies":[{"name":"wp","href":"https:\/\/api.w.org\/{rel}","templated":true}]}}