{"id":24551,"date":"2025-09-01T08:31:51","date_gmt":"2025-09-01T08:31:51","guid":{"rendered":"https:\/\/www.maag-polska.pl\/obrzeza-meblowe\/d4-2-rustical-oak\/"},"modified":"2025-09-01T08:47:39","modified_gmt":"2025-09-01T08:47:39","slug":"d4-2-rustical-oak","status":"publish","type":"product","link":"https:\/\/www.maag-polska.pl\/de\/obrzeza-meblowe\/d4-2-rustical-oak\/","title":{"rendered":"Kanten von M\u00f6beln D4\/2 RUSTICAL OAK"},"content":{"rendered":"<div>\n<p>Das PVC-Kantenband D4\/2 D\u0104B RUSTICAL zeichnet sich durch seine pr\u00e4zise 2mm Materialst\u00e4rke und hochwertige PVC-Zusammensetzung aus. Die UV-best\u00e4ndige Formulierung garantiert eine dauerhafte Farbstabilit\u00e4t auch bei intensiver Sonneneinstrahlung. Mit einer Rei\u00dffestigkeit von \u00fcber 15 N\/mm\u00b2 und einer Temperaturbest\u00e4ndigkeit von -20\u00b0C bis +80\u00b0C erf\u00fcllt dieses Kantenband h\u00f6chste technische Standards. Die spezielle Oberfl\u00e4chenstruktur erm\u00f6glicht eine optimale Haftung des Klebers bei gleichzeitig minimaler Verschnittrate von unter 2%.<\/p>\n<p>Besonders geeignet f\u00fcr den professionellen M\u00f6belbau und als hochwertiges Schreinerzubeh\u00f6r in der Innenausstattung. Die rustikale Eichenoptik dieser M\u00f6belkante harmoniert perfekt mit modernen Landhaus- und Industrial-Design-Konzepten. Ideal f\u00fcr die Kantenfertigung von K\u00fcchenfronten, Badezimmerm\u00f6beln und Objekteinrichtungen, wo erh\u00f6hte Feuchtigkeitsresistenz gefordert ist. Die einfache Verarbeitung erm\u00f6glicht sowohl maschinelle als auch manuelle Anwendungen in Handwerksbetrieben.<\/p>\n<\/div>\n","protected":false},"excerpt":{"rendered":"<p>22&#215;0,6; 22&#215;1; 22&#215;2; 32&#215;2*; 35&#215;1*; 42&#215;2<\/p>\n","protected":false},"featured_media":14968,"comment_status":"closed","ping_status":"open","template":"","meta":{"_acf_changed":false},"product_brand":[],"product_cat":[923],"product_tag":[],"class_list":{"0":"post-24551","1":"product","2":"type-product","3":"status-publish","4":"has-post-thumbnail","6":"product_cat-kanten-von-mobeln","8":"first","9":"instock","10":"product-type-simple"},"acf":[],"_links":{"self":[{"href":"https:\/\/www.maag-polska.pl\/de\/wp-json\/wp\/v2\/product\/24551","targetHints":{"allow":["GET"]}}],"collection":[{"href":"https:\/\/www.maag-polska.pl\/de\/wp-json\/wp\/v2\/product"}],"about":[{"href":"https:\/\/www.maag-polska.pl\/de\/wp-json\/wp\/v2\/types\/product"}],"replies":[{"embeddable":true,"href":"https:\/\/www.maag-polska.pl\/de\/wp-json\/wp\/v2\/comments?post=24551"}],"wp:featuredmedia":[{"embeddable":true,"href":"https:\/\/www.maag-polska.pl\/de\/wp-json\/wp\/v2\/media\/14968"}],"wp:attachment":[{"href":"https:\/\/www.maag-polska.pl\/de\/wp-json\/wp\/v2\/media?parent=24551"}],"wp:term":[{"taxonomy":"product_brand","embeddable":true,"href":"https:\/\/www.maag-polska.pl\/de\/wp-json\/wp\/v2\/product_brand?post=24551"},{"taxonomy":"product_cat","embeddable":true,"href":"https:\/\/www.maag-polska.pl\/de\/wp-json\/wp\/v2\/product_cat?post=24551"},{"taxonomy":"product_tag","embeddable":true,"href":"https:\/\/www.maag-polska.pl\/de\/wp-json\/wp\/v2\/product_tag?post=24551"}],"curies":[{"name":"wp","href":"https:\/\/api.w.org\/{rel}","templated":true}]}}