{"id":24550,"date":"2025-09-01T08:31:51","date_gmt":"2025-09-01T08:31:51","guid":{"rendered":"https:\/\/www.maag-polska.pl\/obrzeza-meblowe\/d4-18-ristretto-baroque-oak\/"},"modified":"2025-09-01T08:47:39","modified_gmt":"2025-09-01T08:47:39","slug":"d4-18-ristretto-baroque-oak","status":"publish","type":"product","link":"https:\/\/www.maag-polska.pl\/de\/obrzeza-meblowe\/d4-18-ristretto-baroque-oak\/","title":{"rendered":"Kanten von M\u00f6beln D4\/18 RISTRETTO BAROQUE OAK"},"content":{"rendered":"<div>\n<p>Das PVC-Kantenband in D\u0104B BAROKOWY RISTRETTO \u00fcberzeugt durch seine au\u00dfergew\u00f6hnliche Widerstandskraft gegen allt\u00e4gliche Belastungen. Als hochwertiges Schreinerzubeh\u00f6r wurde es speziell entwickelt, um dauerhaft UV-Strahlung, Feuchtigkeit und mechanischer Beanspruchung standzuhalten. Die verwendete PVC-Komposition garantiert eine konstante Farbstabilit\u00e4t und verhindert effektiv das Verblassen oder Verf\u00e4rben der M\u00f6belkante &#8211; selbst bei intensiver Sonneneinstrahlung.<\/p>\n<p>Die durchdachte Materialbeschaffenheit des Kantenbands erm\u00f6glicht eine pr\u00e4zise und zeitsparende Verarbeitung. Dank der optimierten Haftungseigenschaften l\u00e4sst sich das Material m\u00fchelos aufbringen und passt sich perfekt der Plattenkontur an. Der minimale Verschnitt bei der Verarbeitung sorgt f\u00fcr eine wirtschaftliche Nutzung, w\u00e4hrend die gleichm\u00e4\u00dfige Materialst\u00e4rke eine zuverl\u00e4ssige maschinelle Verarbeitung gew\u00e4hrleistet.<\/p>\n<\/div>\n","protected":false},"excerpt":{"rendered":"<p>22&#215;0,6; 22&#215;0,8; 22&#215;2; 35&#215;1*; 42&#215;0,8; 42&#215;2<\/p>\n","protected":false},"featured_media":14966,"comment_status":"closed","ping_status":"open","template":"","meta":{"_acf_changed":false},"product_brand":[],"product_cat":[923],"product_tag":[],"class_list":{"0":"post-24550","1":"product","2":"type-product","3":"status-publish","4":"has-post-thumbnail","6":"product_cat-kanten-von-mobeln","8":"first","9":"instock","10":"product-type-simple"},"acf":[],"_links":{"self":[{"href":"https:\/\/www.maag-polska.pl\/de\/wp-json\/wp\/v2\/product\/24550","targetHints":{"allow":["GET"]}}],"collection":[{"href":"https:\/\/www.maag-polska.pl\/de\/wp-json\/wp\/v2\/product"}],"about":[{"href":"https:\/\/www.maag-polska.pl\/de\/wp-json\/wp\/v2\/types\/product"}],"replies":[{"embeddable":true,"href":"https:\/\/www.maag-polska.pl\/de\/wp-json\/wp\/v2\/comments?post=24550"}],"wp:featuredmedia":[{"embeddable":true,"href":"https:\/\/www.maag-polska.pl\/de\/wp-json\/wp\/v2\/media\/14966"}],"wp:attachment":[{"href":"https:\/\/www.maag-polska.pl\/de\/wp-json\/wp\/v2\/media?parent=24550"}],"wp:term":[{"taxonomy":"product_brand","embeddable":true,"href":"https:\/\/www.maag-polska.pl\/de\/wp-json\/wp\/v2\/product_brand?post=24550"},{"taxonomy":"product_cat","embeddable":true,"href":"https:\/\/www.maag-polska.pl\/de\/wp-json\/wp\/v2\/product_cat?post=24550"},{"taxonomy":"product_tag","embeddable":true,"href":"https:\/\/www.maag-polska.pl\/de\/wp-json\/wp\/v2\/product_tag?post=24550"}],"curies":[{"name":"wp","href":"https:\/\/api.w.org\/{rel}","templated":true}]}}