{"id":24545,"date":"2025-09-01T08:31:32","date_gmt":"2025-09-01T08:31:32","guid":{"rendered":"https:\/\/www.maag-polska.pl\/obrzeza-meblowe\/d4-13-sonoma-truffle-oak\/"},"modified":"2025-09-01T08:47:31","modified_gmt":"2025-09-01T08:47:31","slug":"d4-13-sonoma-truffle-oak","status":"publish","type":"product","link":"https:\/\/www.maag-polska.pl\/de\/obrzeza-meblowe\/d4-13-sonoma-truffle-oak\/","title":{"rendered":"Kanten von M\u00f6beln D4\/13 SONOMA TRUFFLE OAK"},"content":{"rendered":"<div>\n<p>Die warmen Erdt\u00f6ne des D4\/13 D\u0104B SONOMA TRUFEL Kantenbands spiegeln die nat\u00fcrliche Eleganz der Sonoma-Eiche wider. Die sorgf\u00e4ltig abgestimmte Tr\u00fcffel-Nuancierung verleiht diesem PVC-Kantenband eine besondere Tiefenwirkung, die sich harmonisch in moderne Wohnkonzepte einf\u00fcgt. Die pr\u00e4zise entwickelte Oberfl\u00e4chenstruktur des M\u00f6belkantenbands erzeugt im Zusammenspiel mit Licht subtile Schattierungen, die den authentischen Holzcharakter unterstreichen.<\/p>\n<p>Als hochwertiges Schreinerzubeh\u00f6r \u00fcberzeugt dieses Kantenband durch seine vielseitige Einsetzbarkeit in der professionellen M\u00f6belfertigung. Die UV-best\u00e4ndige Formulierung garantiert langanhaltende Farbstabilit\u00e4t, w\u00e4hrend das reine PVC-Material eine pr\u00e4zise und effiziente Verarbeitung mit minimalem Verschnitt erm\u00f6glicht. Von der K\u00fcche bis zum B\u00fcro &#8211; die robuste Materialbeschaffenheit der M\u00f6belkante gew\u00e4hrleistet eine dauerhafte Nutzung in unterschiedlichsten Umgebungen.<\/p>\n<\/div>\n","protected":false},"excerpt":{"rendered":"<p>22&#215;0,6; 22&#215;1; 22&#215;2; 32&#215;2*; 35&#215;1*; 42&#215;2<\/p>\n","protected":false},"featured_media":14956,"comment_status":"closed","ping_status":"open","template":"","meta":{"_acf_changed":false},"product_brand":[],"product_cat":[923],"product_tag":[],"class_list":{"0":"post-24545","1":"product","2":"type-product","3":"status-publish","4":"has-post-thumbnail","6":"product_cat-kanten-von-mobeln","8":"first","9":"instock","10":"product-type-simple"},"acf":[],"_links":{"self":[{"href":"https:\/\/www.maag-polska.pl\/de\/wp-json\/wp\/v2\/product\/24545","targetHints":{"allow":["GET"]}}],"collection":[{"href":"https:\/\/www.maag-polska.pl\/de\/wp-json\/wp\/v2\/product"}],"about":[{"href":"https:\/\/www.maag-polska.pl\/de\/wp-json\/wp\/v2\/types\/product"}],"replies":[{"embeddable":true,"href":"https:\/\/www.maag-polska.pl\/de\/wp-json\/wp\/v2\/comments?post=24545"}],"wp:featuredmedia":[{"embeddable":true,"href":"https:\/\/www.maag-polska.pl\/de\/wp-json\/wp\/v2\/media\/14956"}],"wp:attachment":[{"href":"https:\/\/www.maag-polska.pl\/de\/wp-json\/wp\/v2\/media?parent=24545"}],"wp:term":[{"taxonomy":"product_brand","embeddable":true,"href":"https:\/\/www.maag-polska.pl\/de\/wp-json\/wp\/v2\/product_brand?post=24545"},{"taxonomy":"product_cat","embeddable":true,"href":"https:\/\/www.maag-polska.pl\/de\/wp-json\/wp\/v2\/product_cat?post=24545"},{"taxonomy":"product_tag","embeddable":true,"href":"https:\/\/www.maag-polska.pl\/de\/wp-json\/wp\/v2\/product_tag?post=24545"}],"curies":[{"name":"wp","href":"https:\/\/api.w.org\/{rel}","templated":true}]}}