{"id":24536,"date":"2025-09-01T08:31:32","date_gmt":"2025-09-01T08:31:32","guid":{"rendered":"https:\/\/www.maag-polska.pl\/obrzeza-meblowe\/d31-1-hiteak\/"},"modified":"2025-09-01T08:47:26","modified_gmt":"2025-09-01T08:47:26","slug":"d31-1-hiteak","status":"publish","type":"product","link":"https:\/\/www.maag-polska.pl\/de\/obrzeza-meblowe\/d31-1-hiteak\/","title":{"rendered":"Kanten von M\u00f6beln D31\/1 HITEAK"},"content":{"rendered":"<div>\n<p>Das D31\/1 HITEAK PVC-Kantenband setzt neue Ma\u00dfst\u00e4be in der pr\u00e4zisen M\u00f6belkantenfertigung. Mit einer optimierten Materialst\u00e4rke von 0,45 mm und der speziell entwickelten UV-resistenten Beschichtung gew\u00e4hrleistet dieses Kantenband eine au\u00dfergew\u00f6hnliche Farbbest\u00e4ndigkeit. Die technische Zusammensetzung aus reinem PVC erm\u00f6glicht eine Verarbeitungstemperatur von 120-180\u00b0C bei gleichzeitig hoher Dimensionsstabilit\u00e4t. Die integrierte Oberfl\u00e4chenversiegelung sch\u00fctzt vor Umwelteinfl\u00fcssen und garantiert eine verl\u00e4ngerte Lebensdauer des Schreinerzubeh\u00f6rs.<\/p>\n<p>Durch die pr\u00e4zise Materialkalibrierung reduziert sich der Verschnitt bei der Verarbeitung auf ein Minimum, was direkte Kosteneinsparungen erm\u00f6glicht. Die M\u00f6belkante l\u00e4sst sich sowohl maschinell als auch manuell effizient verarbeiten und bietet dabei eine ausgezeichnete Haftung auf allen g\u00e4ngigen Tr\u00e4germaterialien. Die naturgetreue HITEAK-Optik verleiht M\u00f6belst\u00fccken eine hochwertige Erscheinung und er\u00f6ffnet vielf\u00e4ltige Gestaltungsm\u00f6glichkeiten in der modernen M\u00f6belfertigung. Besonders geeignet f\u00fcr Objekteinrichtungen mit hoher Beanspruchung.<\/p>\n<\/div>\n","protected":false},"excerpt":{"rendered":"<p>22&#215;0,6; 22&#215;1; 22&#215;2; 35&#215;1*; 42&#215;2<\/p>\n","protected":false},"featured_media":14938,"comment_status":"closed","ping_status":"open","template":"","meta":{"_acf_changed":false},"product_brand":[],"product_cat":[923],"product_tag":[],"class_list":{"0":"post-24536","1":"product","2":"type-product","3":"status-publish","4":"has-post-thumbnail","6":"product_cat-kanten-von-mobeln","8":"first","9":"instock","10":"product-type-simple"},"acf":[],"_links":{"self":[{"href":"https:\/\/www.maag-polska.pl\/de\/wp-json\/wp\/v2\/product\/24536","targetHints":{"allow":["GET"]}}],"collection":[{"href":"https:\/\/www.maag-polska.pl\/de\/wp-json\/wp\/v2\/product"}],"about":[{"href":"https:\/\/www.maag-polska.pl\/de\/wp-json\/wp\/v2\/types\/product"}],"replies":[{"embeddable":true,"href":"https:\/\/www.maag-polska.pl\/de\/wp-json\/wp\/v2\/comments?post=24536"}],"wp:featuredmedia":[{"embeddable":true,"href":"https:\/\/www.maag-polska.pl\/de\/wp-json\/wp\/v2\/media\/14938"}],"wp:attachment":[{"href":"https:\/\/www.maag-polska.pl\/de\/wp-json\/wp\/v2\/media?parent=24536"}],"wp:term":[{"taxonomy":"product_brand","embeddable":true,"href":"https:\/\/www.maag-polska.pl\/de\/wp-json\/wp\/v2\/product_brand?post=24536"},{"taxonomy":"product_cat","embeddable":true,"href":"https:\/\/www.maag-polska.pl\/de\/wp-json\/wp\/v2\/product_cat?post=24536"},{"taxonomy":"product_tag","embeddable":true,"href":"https:\/\/www.maag-polska.pl\/de\/wp-json\/wp\/v2\/product_tag?post=24536"}],"curies":[{"name":"wp","href":"https:\/\/api.w.org\/{rel}","templated":true}]}}