{"id":24531,"date":"2025-09-01T08:31:32","date_gmt":"2025-09-01T08:31:32","guid":{"rendered":"https:\/\/www.maag-polska.pl\/obrzeza-meblowe\/d30-3-truffle-baron-elm\/"},"modified":"2025-09-01T08:47:22","modified_gmt":"2025-09-01T08:47:22","slug":"d30-3-truffle-baron-elm","status":"publish","type":"product","link":"https:\/\/www.maag-polska.pl\/de\/obrzeza-meblowe\/d30-3-truffle-baron-elm\/","title":{"rendered":"Kanten von M\u00f6beln D30\/3 TRUFFLE BARON ELM"},"content":{"rendered":"<div>\n<p>Das PVC-Kantenband D30\/3 WI\u0104Z BARON TRUFEL \u00fcberzeugt durch seine pr\u00e4zise Materialst\u00e4rke von 3 mm und garantiert eine optimale Kantenstabilit\u00e4t. Die hochwertige PVC-Zusammensetzung gew\u00e4hrleistet eine au\u00dfergew\u00f6hnliche UV-Best\u00e4ndigkeit und Farbkonstanz auch bei intensiver Sonneneinstrahlung. Als Schreinerzubeh\u00f6r der Premiumklasse zeichnet sich dieses Kantenband durch seine ma\u00dfgenaue Verarbeitung und einen kontrollierten Schrumpfungsfaktor von weniger als 0,2% aus. Die thermoplastischen Eigenschaften erm\u00f6glichen eine pr\u00e4zise Verformbarkeit bei 120-140\u00b0C.<\/p>\n<p>Speziell entwickelt f\u00fcr die professionelle M\u00f6belfertigung, eignet sich diese M\u00f6belkante optimal f\u00fcr hochwertige B\u00fcroeinrichtungen und Objektm\u00f6bel im gehobenen Wohnbereich. Die naturgetreue Tr\u00fcfeleichen-Optik harmoniert besonders mit modernen Arbeitsplatzgestaltungen und exklusiven Einbauschr\u00e4nken. Durch die robuste Materialbeschaffenheit ist das Kantenband ideal f\u00fcr stark frequentierte M\u00f6belst\u00fccke in Hotels, Praxen und \u00f6ffentlichen Einrichtungen. Die einfache Verarbeitung erm\u00f6glicht minimalen Verschnitt und effiziente Produktionsabl\u00e4ufe in Schreinereien und industrieller M\u00f6belfertigung.<\/p>\n<\/div>\n","protected":false},"excerpt":{"rendered":"<p>19&#215;0,6*; 22&#215;0,6; 22&#215;0,8; 22&#215;1; 22&#215;2; 32&#215;2*; 35&#215;1*; 42&#215;0,8; 42&#215;2<\/p>\n","protected":false},"featured_media":14928,"comment_status":"closed","ping_status":"open","template":"","meta":{"_acf_changed":false},"product_brand":[],"product_cat":[923],"product_tag":[],"class_list":{"0":"post-24531","1":"product","2":"type-product","3":"status-publish","4":"has-post-thumbnail","6":"product_cat-kanten-von-mobeln","8":"first","9":"instock","10":"product-type-simple"},"acf":[],"_links":{"self":[{"href":"https:\/\/www.maag-polska.pl\/de\/wp-json\/wp\/v2\/product\/24531","targetHints":{"allow":["GET"]}}],"collection":[{"href":"https:\/\/www.maag-polska.pl\/de\/wp-json\/wp\/v2\/product"}],"about":[{"href":"https:\/\/www.maag-polska.pl\/de\/wp-json\/wp\/v2\/types\/product"}],"replies":[{"embeddable":true,"href":"https:\/\/www.maag-polska.pl\/de\/wp-json\/wp\/v2\/comments?post=24531"}],"wp:featuredmedia":[{"embeddable":true,"href":"https:\/\/www.maag-polska.pl\/de\/wp-json\/wp\/v2\/media\/14928"}],"wp:attachment":[{"href":"https:\/\/www.maag-polska.pl\/de\/wp-json\/wp\/v2\/media?parent=24531"}],"wp:term":[{"taxonomy":"product_brand","embeddable":true,"href":"https:\/\/www.maag-polska.pl\/de\/wp-json\/wp\/v2\/product_brand?post=24531"},{"taxonomy":"product_cat","embeddable":true,"href":"https:\/\/www.maag-polska.pl\/de\/wp-json\/wp\/v2\/product_cat?post=24531"},{"taxonomy":"product_tag","embeddable":true,"href":"https:\/\/www.maag-polska.pl\/de\/wp-json\/wp\/v2\/product_tag?post=24531"}],"curies":[{"name":"wp","href":"https:\/\/api.w.org\/{rel}","templated":true}]}}