{"id":24516,"date":"2025-09-01T08:31:12","date_gmt":"2025-09-01T08:31:12","guid":{"rendered":"https:\/\/www.maag-polska.pl\/obrzeza-meblowe\/d28-1-nabucco\/"},"modified":"2025-09-01T08:47:00","modified_gmt":"2025-09-01T08:47:00","slug":"d28-1-nabucco","status":"publish","type":"product","link":"https:\/\/www.maag-polska.pl\/de\/obrzeza-meblowe\/d28-1-nabucco\/","title":{"rendered":"Kanten von M\u00f6beln D28\/1 NABUCCO"},"content":{"rendered":"<div>\n<p>Das D28\/1 NABUCCO PVC-Kantenband setzt neue Ma\u00dfst\u00e4be in der pr\u00e4zisen M\u00f6belkantenfertigung. Mit einer optimierten Materialst\u00e4rke von 0,8 mm und der speziell entwickelten UV-resistenten Beschichtung garantiert dieses Kantenband eine au\u00dfergew\u00f6hnliche Farbbest\u00e4ndigkeit. Die Verwendung von reinem PVC in Verbindung mit modernster Extrusionsverfahren resultiert in einer homogenen Oberfl\u00e4chenstruktur, die sich durch gleichm\u00e4\u00dfige Materialdichte und exakte Ma\u00dfhaltigkeit auszeichnet.<\/p>\n<p>F\u00fcr Schreinereien und M\u00f6belhersteller bedeutet die Verarbeitung des NABUCCO-Kantenbands eine deutliche Effizienzsteigerung. Die optimierte Materialkonfiguration erm\u00f6glicht schnelles, pr\u00e4zises Anlegen ohne Nachbearbeitung. Der minimale Verschnitt von unter 2% und die verbesserte Haftungseigenschaft reduzieren die Produktionskosten erheblich. Als M\u00f6belkante \u00fcberzeugt D28\/1 NABUCCO durch seine lange Haltbarkeit und gleichbleibende Qualit\u00e4t auch bei intensiver Nutzung.<\/p>\n<\/div>\n","protected":false},"excerpt":{"rendered":"<p>22&#215;0,6; 22&#215;1; 22&#215;2; 32&#215;2*; 35&#215;1*; 42&#215;2<\/p>\n","protected":false},"featured_media":14898,"comment_status":"closed","ping_status":"open","template":"","meta":{"_acf_changed":false},"product_brand":[],"product_cat":[923],"product_tag":[],"class_list":{"0":"post-24516","1":"product","2":"type-product","3":"status-publish","4":"has-post-thumbnail","6":"product_cat-kanten-von-mobeln","8":"first","9":"instock","10":"product-type-simple"},"acf":[],"_links":{"self":[{"href":"https:\/\/www.maag-polska.pl\/de\/wp-json\/wp\/v2\/product\/24516","targetHints":{"allow":["GET"]}}],"collection":[{"href":"https:\/\/www.maag-polska.pl\/de\/wp-json\/wp\/v2\/product"}],"about":[{"href":"https:\/\/www.maag-polska.pl\/de\/wp-json\/wp\/v2\/types\/product"}],"replies":[{"embeddable":true,"href":"https:\/\/www.maag-polska.pl\/de\/wp-json\/wp\/v2\/comments?post=24516"}],"wp:featuredmedia":[{"embeddable":true,"href":"https:\/\/www.maag-polska.pl\/de\/wp-json\/wp\/v2\/media\/14898"}],"wp:attachment":[{"href":"https:\/\/www.maag-polska.pl\/de\/wp-json\/wp\/v2\/media?parent=24516"}],"wp:term":[{"taxonomy":"product_brand","embeddable":true,"href":"https:\/\/www.maag-polska.pl\/de\/wp-json\/wp\/v2\/product_brand?post=24516"},{"taxonomy":"product_cat","embeddable":true,"href":"https:\/\/www.maag-polska.pl\/de\/wp-json\/wp\/v2\/product_cat?post=24516"},{"taxonomy":"product_tag","embeddable":true,"href":"https:\/\/www.maag-polska.pl\/de\/wp-json\/wp\/v2\/product_tag?post=24516"}],"curies":[{"name":"wp","href":"https:\/\/api.w.org\/{rel}","templated":true}]}}