{"id":24513,"date":"2025-09-01T08:31:12","date_gmt":"2025-09-01T08:31:12","guid":{"rendered":"https:\/\/www.maag-polska.pl\/obrzeza-meblowe\/d26-2-cinnamon-acacia\/"},"modified":"2025-09-01T08:46:58","modified_gmt":"2025-09-01T08:46:58","slug":"d26-2-cinnamon-acacia","status":"publish","type":"product","link":"https:\/\/www.maag-polska.pl\/de\/obrzeza-meblowe\/d26-2-cinnamon-acacia\/","title":{"rendered":"Kanten von M\u00f6beln D26\/2 CINNAMON ACACIA"},"content":{"rendered":"<div>\n<p>Die warmen Zimtt\u00f6ne des D26\/2 AKACJA CYNAMONOWA Kantenbands verleihen Ihren M\u00f6belst\u00fccken eine einladende, nat\u00fcrliche Ausstrahlung. Das PVC-Kantenband \u00fcberzeugt durch seine authentische Holzoptik, die sich harmonisch in moderne Wohnkonzepte einf\u00fcgt. Die sorgf\u00e4ltig abgestimmte Farbgebung schafft eine perfekte Balance zwischen klassischer Eleganz und zeitgem\u00e4\u00dfem Design.<\/p>\n<p>Als hochwertiges Schreinerzubeh\u00f6r eignet sich diese M\u00f6belkante ideal f\u00fcr vielf\u00e4ltige Einsatzbereiche &#8211; von der K\u00fcchenm\u00f6belfertigung bis hin zu B\u00fcroeinrichtungen. Das aus reinem PVC gefertigte Kantenband garantiert durch seine UV-Best\u00e4ndigkeit langanhaltende Farbstabilit\u00e4t und \u00fcberzeugt in der t\u00e4glichen Verarbeitung durch minimalen Verschnitt. Die optimierte Materialbeschaffenheit erm\u00f6glicht eine pr\u00e4zise und effiziente Kantenbandapplikation.<\/p>\n<\/div>\n","protected":false},"excerpt":{"rendered":"<p>22&#215;0,6; 22&#215;1; 22&#215;2; 32&#215;2*; 35&#215;1*; 42&#215;2<\/p>\n","protected":false},"featured_media":14892,"comment_status":"closed","ping_status":"open","template":"","meta":{"_acf_changed":false},"product_brand":[],"product_cat":[923],"product_tag":[],"class_list":{"0":"post-24513","1":"product","2":"type-product","3":"status-publish","4":"has-post-thumbnail","6":"product_cat-kanten-von-mobeln","8":"first","9":"instock","10":"product-type-simple"},"acf":[],"_links":{"self":[{"href":"https:\/\/www.maag-polska.pl\/de\/wp-json\/wp\/v2\/product\/24513","targetHints":{"allow":["GET"]}}],"collection":[{"href":"https:\/\/www.maag-polska.pl\/de\/wp-json\/wp\/v2\/product"}],"about":[{"href":"https:\/\/www.maag-polska.pl\/de\/wp-json\/wp\/v2\/types\/product"}],"replies":[{"embeddable":true,"href":"https:\/\/www.maag-polska.pl\/de\/wp-json\/wp\/v2\/comments?post=24513"}],"wp:featuredmedia":[{"embeddable":true,"href":"https:\/\/www.maag-polska.pl\/de\/wp-json\/wp\/v2\/media\/14892"}],"wp:attachment":[{"href":"https:\/\/www.maag-polska.pl\/de\/wp-json\/wp\/v2\/media?parent=24513"}],"wp:term":[{"taxonomy":"product_brand","embeddable":true,"href":"https:\/\/www.maag-polska.pl\/de\/wp-json\/wp\/v2\/product_brand?post=24513"},{"taxonomy":"product_cat","embeddable":true,"href":"https:\/\/www.maag-polska.pl\/de\/wp-json\/wp\/v2\/product_cat?post=24513"},{"taxonomy":"product_tag","embeddable":true,"href":"https:\/\/www.maag-polska.pl\/de\/wp-json\/wp\/v2\/product_tag?post=24513"}],"curies":[{"name":"wp","href":"https:\/\/api.w.org\/{rel}","templated":true}]}}