{"id":24508,"date":"2025-09-01T08:31:12","date_gmt":"2025-09-01T08:31:12","guid":{"rendered":"https:\/\/www.maag-polska.pl\/obrzeza-meblowe\/d23-1-coco-bolo\/"},"modified":"2025-09-01T08:46:56","modified_gmt":"2025-09-01T08:46:56","slug":"d23-1-coco-bolo","status":"publish","type":"product","link":"https:\/\/www.maag-polska.pl\/de\/obrzeza-meblowe\/d23-1-coco-bolo\/","title":{"rendered":"Kanten von M\u00f6beln D23\/1 COCO BOLO"},"content":{"rendered":"<div>\n<p>Das PVC-Kantenband D23\/1 COCO BOLO \u00fcberzeugt durch seine pr\u00e4zise entwickelte Materialkomposition aus reinem PVC. Die technisch optimierte Oberfl\u00e4chenstruktur garantiert eine UV-Best\u00e4ndigkeit von \u00fcber 1000 Stunden im QUV-Test und eine Temperaturbest\u00e4ndigkeit bis 90\u00b0C. Die spezielle Formulierung erm\u00f6glicht eine Zugfestigkeit von 15 N\/mm\u00b2 bei einer Dehnung von 180%, was besonders bei maschineller Verarbeitung relevant ist.<\/p>\n<p>Dieses Schreinerzubeh\u00f6r reduziert durch seine exakte Ma\u00dfhaltigkeit den Verschnitt auf unter 2%. Die M\u00f6belkante harmoniert perfekt mit Kronospan 8995 BS COCO BOLO und bietet durch ihre optimierte Haftgrundierung eine beschleunigte Verarbeitungszeit. Das Kantenband erm\u00f6glicht eine effiziente M\u00f6belfertigung bei gleichzeitig reduzierten Materialkosten durch minimalen Ausschuss und verl\u00e4ngerte Werkzeugstandzeiten.<\/p>\n<\/div>\n","protected":false},"excerpt":{"rendered":"<p>22&#215;0,6; 22&#215;0,8; 22&#215;1; 22&#215;2; 28&#215;2*; 32&#215;2*; 35&#215;1*; 42&#215;0,8; 42&#215;2<\/p>\n","protected":false},"featured_media":14882,"comment_status":"closed","ping_status":"open","template":"","meta":{"_acf_changed":false},"product_brand":[],"product_cat":[923],"product_tag":[],"class_list":{"0":"post-24508","1":"product","2":"type-product","3":"status-publish","4":"has-post-thumbnail","6":"product_cat-kanten-von-mobeln","8":"first","9":"instock","10":"product-type-simple"},"acf":[],"_links":{"self":[{"href":"https:\/\/www.maag-polska.pl\/de\/wp-json\/wp\/v2\/product\/24508","targetHints":{"allow":["GET"]}}],"collection":[{"href":"https:\/\/www.maag-polska.pl\/de\/wp-json\/wp\/v2\/product"}],"about":[{"href":"https:\/\/www.maag-polska.pl\/de\/wp-json\/wp\/v2\/types\/product"}],"replies":[{"embeddable":true,"href":"https:\/\/www.maag-polska.pl\/de\/wp-json\/wp\/v2\/comments?post=24508"}],"wp:featuredmedia":[{"embeddable":true,"href":"https:\/\/www.maag-polska.pl\/de\/wp-json\/wp\/v2\/media\/14882"}],"wp:attachment":[{"href":"https:\/\/www.maag-polska.pl\/de\/wp-json\/wp\/v2\/media?parent=24508"}],"wp:term":[{"taxonomy":"product_brand","embeddable":true,"href":"https:\/\/www.maag-polska.pl\/de\/wp-json\/wp\/v2\/product_brand?post=24508"},{"taxonomy":"product_cat","embeddable":true,"href":"https:\/\/www.maag-polska.pl\/de\/wp-json\/wp\/v2\/product_cat?post=24508"},{"taxonomy":"product_tag","embeddable":true,"href":"https:\/\/www.maag-polska.pl\/de\/wp-json\/wp\/v2\/product_tag?post=24508"}],"curies":[{"name":"wp","href":"https:\/\/api.w.org\/{rel}","templated":true}]}}