{"id":24507,"date":"2025-09-01T08:30:51","date_gmt":"2025-09-01T08:30:51","guid":{"rendered":"https:\/\/www.maag-polska.pl\/obrzeza-meblowe\/d22-1-legno-tabac\/"},"modified":"2025-09-01T08:46:50","modified_gmt":"2025-09-01T08:46:50","slug":"d22-1-legno-tabac","status":"publish","type":"product","link":"https:\/\/www.maag-polska.pl\/de\/obrzeza-meblowe\/d22-1-legno-tabac\/","title":{"rendered":"Kanten von M\u00f6beln D22\/1 LEGNO TABAC"},"content":{"rendered":"<div>\n<p>Das D22\/1 LEGNO TABAC PVC-Kantenband \u00fcberzeugt durch seine pr\u00e4zise kalkulierte Materialst\u00e4rke und technisch optimierte Zusammensetzung aus reinem PVC. Mit einer Zugfestigkeit von >20 N\/mm\u00b2 und einer thermischen Formbest\u00e4ndigkeit bis 80\u00b0C erf\u00fcllt dieses M\u00f6belkante h\u00f6chste Qualit\u00e4tsstandards. Die UV-best\u00e4ndige Formulierung garantiert langanhaltende Farbstabilit\u00e4t, w\u00e4hrend die speziell entwickelte Oberfl\u00e4chenstruktur eine authentische Holzmaserung reproduziert. Die werksseitig aufgebrachte Primerschicht erm\u00f6glicht eine zuverl\u00e4ssige Verklebung bei Verarbeitungstemperaturen zwischen 180-200\u00b0C.<\/p>\n<p>Dieses hochwertige Schreinerzubeh\u00f6r eignet sich besonders f\u00fcr die Kantenbeschichtung von M\u00f6belelementen im gehobenen Wohnbereich. Die tabakfarbene Holzoptik harmoniert perfekt mit modernen Inneneinrichtungskonzepten in Hotellerie und Gastronomie. Dank der robusten Materialeigenschaften ist das Kantenband ideal f\u00fcr stark frequentierte Bereiche wie Empfangstheken, Einbauschr\u00e4nke oder Wandverkleidungen. Die einfache Verarbeitung und der minimale Verschnitt machen es zur ersten Wahl f\u00fcr effiziente M\u00f6belfertigung in Tischlereien und industrieller M\u00f6belproduktion.<\/p>\n<\/div>\n","protected":false},"excerpt":{"rendered":"<p>22&#215;0,6; 22&#215;1; 22&#215;2; 28&#215;2*; 32&#215;2*; 35&#215;1*; 42&#215;2<\/p>\n","protected":false},"featured_media":14880,"comment_status":"closed","ping_status":"open","template":"","meta":{"_acf_changed":false},"product_brand":[],"product_cat":[923],"product_tag":[],"class_list":{"0":"post-24507","1":"product","2":"type-product","3":"status-publish","4":"has-post-thumbnail","6":"product_cat-kanten-von-mobeln","8":"first","9":"instock","10":"product-type-simple"},"acf":[],"_links":{"self":[{"href":"https:\/\/www.maag-polska.pl\/de\/wp-json\/wp\/v2\/product\/24507","targetHints":{"allow":["GET"]}}],"collection":[{"href":"https:\/\/www.maag-polska.pl\/de\/wp-json\/wp\/v2\/product"}],"about":[{"href":"https:\/\/www.maag-polska.pl\/de\/wp-json\/wp\/v2\/types\/product"}],"replies":[{"embeddable":true,"href":"https:\/\/www.maag-polska.pl\/de\/wp-json\/wp\/v2\/comments?post=24507"}],"wp:featuredmedia":[{"embeddable":true,"href":"https:\/\/www.maag-polska.pl\/de\/wp-json\/wp\/v2\/media\/14880"}],"wp:attachment":[{"href":"https:\/\/www.maag-polska.pl\/de\/wp-json\/wp\/v2\/media?parent=24507"}],"wp:term":[{"taxonomy":"product_brand","embeddable":true,"href":"https:\/\/www.maag-polska.pl\/de\/wp-json\/wp\/v2\/product_brand?post=24507"},{"taxonomy":"product_cat","embeddable":true,"href":"https:\/\/www.maag-polska.pl\/de\/wp-json\/wp\/v2\/product_cat?post=24507"},{"taxonomy":"product_tag","embeddable":true,"href":"https:\/\/www.maag-polska.pl\/de\/wp-json\/wp\/v2\/product_tag?post=24507"}],"curies":[{"name":"wp","href":"https:\/\/api.w.org\/{rel}","templated":true}]}}