{"id":24504,"date":"2025-09-01T08:30:51","date_gmt":"2025-09-01T08:30:51","guid":{"rendered":"https:\/\/www.maag-polska.pl\/obrzeza-meblowe\/d20-1-plum\/"},"modified":"2025-09-01T08:46:49","modified_gmt":"2025-09-01T08:46:49","slug":"d20-1-plum","status":"publish","type":"product","link":"https:\/\/www.maag-polska.pl\/de\/obrzeza-meblowe\/d20-1-plum\/","title":{"rendered":"Kanten von M\u00f6beln D20\/1 PLUM"},"content":{"rendered":"<div>\n<p>Das PVC-Kantenband D20\/1 \u015aLIWKA setzt neue Ma\u00dfst\u00e4be in der pr\u00e4zisen M\u00f6belkantenfertigung. Mit einer optimierten Materialst\u00e4rke von 1mm und hochreinem PVC-Compound erreicht dieses Kantenband au\u00dfergew\u00f6hnliche Verarbeitungseigenschaften. Die UV-stabilisierte Formulierung gew\u00e4hrleistet eine konstante Farbbest\u00e4ndigkeit, w\u00e4hrend die speziell entwickelte Oberfl\u00e4chenstruktur eine perfekte Haftung erm\u00f6glicht. Als Schreinerzubeh\u00f6r der Premiumklasse \u00fcberzeugt es durch einen Temperaturbest\u00e4ndigkeitsbereich von -10\u00b0C bis +60\u00b0C und eine Zugfestigkeit von \u00fcber 20 N\/mm\u00b2.<\/p>\n<p>Die wirtschaftlichen Vorteile der D20\/1 \u015aLIWKA M\u00f6belkante manifestieren sich in der effizienten Materialausnutzung mit minimalem Verschnitt. Die optimierte Rollengeometrie reduziert Lagerhaltungskosten, w\u00e4hrend die verbesserte Schnittkantenqualit\u00e4t Nacharbeiten minimiert. Durch die einfache Verarbeitung auf allen g\u00e4ngigen Kantenanleimmaschinen sparen Verarbeiter wertvolle Zeit. Die hohe Materialreinheit garantiert gleichbleibende Produktionsprozesse und vermeidet kostspielige Ausschussquoten. Ein durchdachtes Preis-Leistungs-Verh\u00e4ltnis macht dieses Kantenband zur ersten Wahl f\u00fcr qualit\u00e4tsbewusste M\u00f6belhersteller.<\/p>\n<\/div>\n","protected":false},"excerpt":{"rendered":"<p>22&#215;0,6; 22&#215;1; 22&#215;2; 28&#215;2*; 32&#215;2*; 35&#215;1*; 42&#215;2<\/p>\n","protected":false},"featured_media":14874,"comment_status":"closed","ping_status":"open","template":"","meta":{"_acf_changed":false},"product_brand":[],"product_cat":[923],"product_tag":[],"class_list":{"0":"post-24504","1":"product","2":"type-product","3":"status-publish","4":"has-post-thumbnail","6":"product_cat-kanten-von-mobeln","8":"first","9":"instock","10":"product-type-simple"},"acf":[],"_links":{"self":[{"href":"https:\/\/www.maag-polska.pl\/de\/wp-json\/wp\/v2\/product\/24504","targetHints":{"allow":["GET"]}}],"collection":[{"href":"https:\/\/www.maag-polska.pl\/de\/wp-json\/wp\/v2\/product"}],"about":[{"href":"https:\/\/www.maag-polska.pl\/de\/wp-json\/wp\/v2\/types\/product"}],"replies":[{"embeddable":true,"href":"https:\/\/www.maag-polska.pl\/de\/wp-json\/wp\/v2\/comments?post=24504"}],"wp:featuredmedia":[{"embeddable":true,"href":"https:\/\/www.maag-polska.pl\/de\/wp-json\/wp\/v2\/media\/14874"}],"wp:attachment":[{"href":"https:\/\/www.maag-polska.pl\/de\/wp-json\/wp\/v2\/media?parent=24504"}],"wp:term":[{"taxonomy":"product_brand","embeddable":true,"href":"https:\/\/www.maag-polska.pl\/de\/wp-json\/wp\/v2\/product_brand?post=24504"},{"taxonomy":"product_cat","embeddable":true,"href":"https:\/\/www.maag-polska.pl\/de\/wp-json\/wp\/v2\/product_cat?post=24504"},{"taxonomy":"product_tag","embeddable":true,"href":"https:\/\/www.maag-polska.pl\/de\/wp-json\/wp\/v2\/product_tag?post=24504"}],"curies":[{"name":"wp","href":"https:\/\/api.w.org\/{rel}","templated":true}]}}