{"id":24503,"date":"2025-09-01T08:30:51","date_gmt":"2025-09-01T08:30:51","guid":{"rendered":"https:\/\/www.maag-polska.pl\/obrzeza-meblowe\/d2-8-pear\/"},"modified":"2025-09-01T08:46:48","modified_gmt":"2025-09-01T08:46:48","slug":"d2-8-pear","status":"publish","type":"product","link":"https:\/\/www.maag-polska.pl\/de\/obrzeza-meblowe\/d2-8-pear\/","title":{"rendered":"Kanten von M\u00f6beln D2\/8 PEAR"},"content":{"rendered":"<div>\n<p>Das PVC-Kantenband D2\/8 GRUSZA in der Ausf\u00fchrung Kronospan 9490 ES &#8211; ORZECH MARIA LUIZA zeichnet sich durch seine pr\u00e4zise Materialst\u00e4rke von 2mm und optimale Verarbeitungstemperatur von 180-200\u00b0C aus. Die hochwertige PVC-Zusammensetzung garantiert eine au\u00dfergew\u00f6hnliche UV-Best\u00e4ndigkeit und Farbstabilit\u00e4t \u00fcber Jahre hinweg. Dank der speziellen Oberfl\u00e4chenstruktur erreicht dieses Kantenband eine Abriebfestigkeit der Klasse 3A nach DIN EN 14322, was besonders bei intensiver Nutzung zum Tragen kommt.<\/p>\n<p>Dieses robuste M\u00f6belkante eignet sich hervorragend f\u00fcr den Einsatz in der professionellen M\u00f6belfertigung, besonders im Bereich hochwertiger B\u00fcroeinrichtungen und Objektm\u00f6bel. Als essentielles Schreinerzubeh\u00f6r bew\u00e4hrt sich das Material speziell bei der Kantung von Schreibtischen, Konferenztischen und Aktenschr\u00e4nken. Die einfache Verarbeitung und der minimale Verschnitt machen es zur ersten Wahl f\u00fcr effiziente Fertigungsprozesse in Tischlereien und industriellen M\u00f6belproduktionen.<\/p>\n<\/div>\n","protected":false},"excerpt":{"rendered":"<p>22&#215;0,6; 22&#215;1; 22&#215;2; 32&#215;2*; 35&#215;1*; 42&#215;2<\/p>\n","protected":false},"featured_media":14872,"comment_status":"closed","ping_status":"open","template":"","meta":{"_acf_changed":false},"product_brand":[],"product_cat":[923],"product_tag":[],"class_list":{"0":"post-24503","1":"product","2":"type-product","3":"status-publish","4":"has-post-thumbnail","6":"product_cat-kanten-von-mobeln","8":"first","9":"instock","10":"product-type-simple"},"acf":[],"_links":{"self":[{"href":"https:\/\/www.maag-polska.pl\/de\/wp-json\/wp\/v2\/product\/24503","targetHints":{"allow":["GET"]}}],"collection":[{"href":"https:\/\/www.maag-polska.pl\/de\/wp-json\/wp\/v2\/product"}],"about":[{"href":"https:\/\/www.maag-polska.pl\/de\/wp-json\/wp\/v2\/types\/product"}],"replies":[{"embeddable":true,"href":"https:\/\/www.maag-polska.pl\/de\/wp-json\/wp\/v2\/comments?post=24503"}],"wp:featuredmedia":[{"embeddable":true,"href":"https:\/\/www.maag-polska.pl\/de\/wp-json\/wp\/v2\/media\/14872"}],"wp:attachment":[{"href":"https:\/\/www.maag-polska.pl\/de\/wp-json\/wp\/v2\/media?parent=24503"}],"wp:term":[{"taxonomy":"product_brand","embeddable":true,"href":"https:\/\/www.maag-polska.pl\/de\/wp-json\/wp\/v2\/product_brand?post=24503"},{"taxonomy":"product_cat","embeddable":true,"href":"https:\/\/www.maag-polska.pl\/de\/wp-json\/wp\/v2\/product_cat?post=24503"},{"taxonomy":"product_tag","embeddable":true,"href":"https:\/\/www.maag-polska.pl\/de\/wp-json\/wp\/v2\/product_tag?post=24503"}],"curies":[{"name":"wp","href":"https:\/\/api.w.org\/{rel}","templated":true}]}}