{"id":24499,"date":"2025-09-01T08:30:51","date_gmt":"2025-09-01T08:30:51","guid":{"rendered":"https:\/\/www.maag-polska.pl\/obrzeza-meblowe\/d19-2-sevilla-olive\/"},"modified":"2025-09-01T08:46:45","modified_gmt":"2025-09-01T08:46:45","slug":"d19-2-sevilla-olive","status":"publish","type":"product","link":"https:\/\/www.maag-polska.pl\/de\/obrzeza-meblowe\/d19-2-sevilla-olive\/","title":{"rendered":"Kanten von M\u00f6beln D19\/2 SEVILLA OLIVE"},"content":{"rendered":"<div>\n<p>Das PVC-Kantenband D19\/2 OLIWKA SEWILLA zeichnet sich durch seine pr\u00e4zise 19mm H\u00f6he und 2mm St\u00e4rke aus. Die Materialkomposition aus reinem PVC gew\u00e4hrleistet eine au\u00dfergew\u00f6hnliche Verschlei\u00dffestigkeit bei gleichzeitig optimaler Verarbeitungsflexibilit\u00e4t. Dank der speziellen UV-resistenten Beschichtung beh\u00e4lt das Kantenband seine charakteristische Olivton-F\u00e4rbung auch bei intensiver Sonneneinstrahlung bei. Die thermoplastischen Eigenschaften erm\u00f6glichen eine Verarbeitungstemperatur von 120-180\u00b0C bei minimaler Schrumpfung.<\/p>\n<p>Dieses M\u00f6belkante eignet sich besonders f\u00fcr die Veredelung von B\u00fcro- und Wohnm\u00f6beln im mediterranen Stil. Schreinereien und M\u00f6belhersteller sch\u00e4tzen die einfache Verarbeitung und den geringen Verschnitt bei der Fertigung von Regalsystemen, Schreibtischen und Einbauschr\u00e4nken. Die olivfarbene Nuance harmoniert optimal mit hellen Holzdekoren und schafft einen warmen, nat\u00fcrlichen Akzent. Als Schreinerzubeh\u00f6r bew\u00e4hrt sich das Kantenband besonders bei Projekten, die eine Balance zwischen Langlebigkeit und \u00e4sthetischer Eleganz erfordern.<\/p>\n<\/div>\n","protected":false},"excerpt":{"rendered":"<p>32&#215;2*<\/p>\n","protected":false},"featured_media":14864,"comment_status":"closed","ping_status":"open","template":"","meta":{"_acf_changed":false},"product_brand":[],"product_cat":[923],"product_tag":[],"class_list":{"0":"post-24499","1":"product","2":"type-product","3":"status-publish","4":"has-post-thumbnail","6":"product_cat-kanten-von-mobeln","8":"first","9":"instock","10":"product-type-simple"},"acf":[],"_links":{"self":[{"href":"https:\/\/www.maag-polska.pl\/de\/wp-json\/wp\/v2\/product\/24499","targetHints":{"allow":["GET"]}}],"collection":[{"href":"https:\/\/www.maag-polska.pl\/de\/wp-json\/wp\/v2\/product"}],"about":[{"href":"https:\/\/www.maag-polska.pl\/de\/wp-json\/wp\/v2\/types\/product"}],"replies":[{"embeddable":true,"href":"https:\/\/www.maag-polska.pl\/de\/wp-json\/wp\/v2\/comments?post=24499"}],"wp:featuredmedia":[{"embeddable":true,"href":"https:\/\/www.maag-polska.pl\/de\/wp-json\/wp\/v2\/media\/14864"}],"wp:attachment":[{"href":"https:\/\/www.maag-polska.pl\/de\/wp-json\/wp\/v2\/media?parent=24499"}],"wp:term":[{"taxonomy":"product_brand","embeddable":true,"href":"https:\/\/www.maag-polska.pl\/de\/wp-json\/wp\/v2\/product_brand?post=24499"},{"taxonomy":"product_cat","embeddable":true,"href":"https:\/\/www.maag-polska.pl\/de\/wp-json\/wp\/v2\/product_cat?post=24499"},{"taxonomy":"product_tag","embeddable":true,"href":"https:\/\/www.maag-polska.pl\/de\/wp-json\/wp\/v2\/product_tag?post=24499"}],"curies":[{"name":"wp","href":"https:\/\/api.w.org\/{rel}","templated":true}]}}