{"id":24493,"date":"2025-09-01T08:30:51","date_gmt":"2025-09-01T08:30:51","guid":{"rendered":"https:\/\/www.maag-polska.pl\/obrzeza-meblowe\/d14-1-rigoletto\/"},"modified":"2025-09-01T08:46:42","modified_gmt":"2025-09-01T08:46:42","slug":"d14-1-rigoletto","status":"publish","type":"product","link":"https:\/\/www.maag-polska.pl\/de\/obrzeza-meblowe\/d14-1-rigoletto\/","title":{"rendered":"Kanten von M\u00f6beln D14\/1 RIGOLETTO"},"content":{"rendered":"<div>\n<p>Die warme Farbgebung des D14\/1 RIGOLETTO PVC-Kantenbands verleiht M\u00f6belst\u00fccken eine elegante, zeitlose Ausstrahlung. Die sorgf\u00e4ltig abgestimmte Oberfl\u00e4chenstruktur des M\u00f6belkantenbands erzeugt im Zusammenspiel mit Licht subtile Schattierungen, die den authentischen Charakter der M\u00f6belkante unterstreichen. Durch die pr\u00e4zise Farbabstimmung f\u00fcgt sich das Kantenband harmonisch in moderne M\u00f6belkonzepte ein und schafft optisch flie\u00dfende \u00dcberg\u00e4nge.<\/p>\n<p>Als hochwertiges Schreinerzubeh\u00f6r \u00fcberzeugt D14\/1 RIGOLETTO durch seine vielseitigen Einsatzm\u00f6glichkeiten in der professionellen M\u00f6belfertigung. Das aus reinem PVC gefertigte Kantenband garantiert nicht nur eine einfache Verarbeitung mit minimalem Verschnitt, sondern auch eine au\u00dfergew\u00f6hnliche UV-Best\u00e4ndigkeit. Die technisch optimierte Materialbeschaffenheit gew\u00e4hrleistet eine dauerhafte Farbstabilit\u00e4t und macht das Band zum idealen Partner f\u00fcr langlebige M\u00f6belst\u00fccke im privaten wie gewerblichen Bereich.<\/p>\n<\/div>\n","protected":false},"excerpt":{"rendered":"<p>22&#215;0,6; 32&#215;2*; 35&#215;1*; 42&#215;2<\/p>\n","protected":false},"featured_media":14852,"comment_status":"closed","ping_status":"open","template":"","meta":{"_acf_changed":false},"product_brand":[],"product_cat":[923],"product_tag":[],"class_list":{"0":"post-24493","1":"product","2":"type-product","3":"status-publish","4":"has-post-thumbnail","6":"product_cat-kanten-von-mobeln","8":"first","9":"instock","10":"product-type-simple"},"acf":[],"_links":{"self":[{"href":"https:\/\/www.maag-polska.pl\/de\/wp-json\/wp\/v2\/product\/24493","targetHints":{"allow":["GET"]}}],"collection":[{"href":"https:\/\/www.maag-polska.pl\/de\/wp-json\/wp\/v2\/product"}],"about":[{"href":"https:\/\/www.maag-polska.pl\/de\/wp-json\/wp\/v2\/types\/product"}],"replies":[{"embeddable":true,"href":"https:\/\/www.maag-polska.pl\/de\/wp-json\/wp\/v2\/comments?post=24493"}],"wp:featuredmedia":[{"embeddable":true,"href":"https:\/\/www.maag-polska.pl\/de\/wp-json\/wp\/v2\/media\/14852"}],"wp:attachment":[{"href":"https:\/\/www.maag-polska.pl\/de\/wp-json\/wp\/v2\/media?parent=24493"}],"wp:term":[{"taxonomy":"product_brand","embeddable":true,"href":"https:\/\/www.maag-polska.pl\/de\/wp-json\/wp\/v2\/product_brand?post=24493"},{"taxonomy":"product_cat","embeddable":true,"href":"https:\/\/www.maag-polska.pl\/de\/wp-json\/wp\/v2\/product_cat?post=24493"},{"taxonomy":"product_tag","embeddable":true,"href":"https:\/\/www.maag-polska.pl\/de\/wp-json\/wp\/v2\/product_tag?post=24493"}],"curies":[{"name":"wp","href":"https:\/\/api.w.org\/{rel}","templated":true}]}}