{"id":24490,"date":"2025-09-01T08:30:51","date_gmt":"2025-09-01T08:30:51","guid":{"rendered":"https:\/\/www.maag-polska.pl\/obrzeza-meblowe\/d12-6-wenge-arusha\/"},"modified":"2025-09-01T08:46:40","modified_gmt":"2025-09-01T08:46:40","slug":"d12-6-wenge-arusha","status":"publish","type":"product","link":"https:\/\/www.maag-polska.pl\/de\/obrzeza-meblowe\/d12-6-wenge-arusha\/","title":{"rendered":"Kanten von M\u00f6beln D12\/6 WENGE ARUSHA"},"content":{"rendered":"<div>\n<p>Das PVC-Kantenband in WENGE ARUSHA \u00fcberzeugt durch seine au\u00dfergew\u00f6hnliche Widerstandskraft gegen mechanische Belastungen im t\u00e4glichen Gebrauch. Als hochwertiges Schreinerzubeh\u00f6r garantiert dieses Kantenband eine dauerhafte UV-Best\u00e4ndigkeit und beh\u00e4lt seine charakteristische Farbgebung auch nach Jahren bei. Die verwendete PVC-Komposition sch\u00fctzt Ihre M\u00f6belkante effektiv vor Feuchtigkeit und Temperatureinfl\u00fcssen, w\u00e4hrend die verdichtete Materialstruktur Sto\u00dfbelastungen optimal absorbiert.<\/p>\n<p>Dank der optimierten Materialbeschaffenheit l\u00e4sst sich das Kantenband pr\u00e4zise und mit minimalem Verschnitt verarbeiten. Die selbsthaftende Beschichtung erm\u00f6glicht eine zeitsparende Montage ohne Kompromisse bei der Haltbarkeit. Durch die gleichm\u00e4\u00dfige Materialst\u00e4rke und die exakte Ma\u00dfhaltigkeit k\u00f6nnen Schreiner und M\u00f6belbauer eine schnelle, professionelle Kantenverarbeitung gew\u00e4hrleisten. Die sorgf\u00e4ltig abgestimmte WENGE ARUSHA F\u00e4rbung schafft nahtlose \u00dcberg\u00e4nge zu entsprechenden Plattenoberfl\u00e4chen.<\/p>\n<\/div>\n","protected":false},"excerpt":{"rendered":"<p>22&#215;0,6; 22&#215;08; 22&#215;1; 22&#215;2; 32&#215;2*; 35&#215;1*; 42&#215;0,8; 42&#215;2<\/p>\n","protected":false},"featured_media":14846,"comment_status":"closed","ping_status":"open","template":"","meta":{"_acf_changed":false},"product_brand":[],"product_cat":[923],"product_tag":[],"class_list":{"0":"post-24490","1":"product","2":"type-product","3":"status-publish","4":"has-post-thumbnail","6":"product_cat-kanten-von-mobeln","8":"first","9":"instock","10":"product-type-simple"},"acf":[],"_links":{"self":[{"href":"https:\/\/www.maag-polska.pl\/de\/wp-json\/wp\/v2\/product\/24490","targetHints":{"allow":["GET"]}}],"collection":[{"href":"https:\/\/www.maag-polska.pl\/de\/wp-json\/wp\/v2\/product"}],"about":[{"href":"https:\/\/www.maag-polska.pl\/de\/wp-json\/wp\/v2\/types\/product"}],"replies":[{"embeddable":true,"href":"https:\/\/www.maag-polska.pl\/de\/wp-json\/wp\/v2\/comments?post=24490"}],"wp:featuredmedia":[{"embeddable":true,"href":"https:\/\/www.maag-polska.pl\/de\/wp-json\/wp\/v2\/media\/14846"}],"wp:attachment":[{"href":"https:\/\/www.maag-polska.pl\/de\/wp-json\/wp\/v2\/media?parent=24490"}],"wp:term":[{"taxonomy":"product_brand","embeddable":true,"href":"https:\/\/www.maag-polska.pl\/de\/wp-json\/wp\/v2\/product_brand?post=24490"},{"taxonomy":"product_cat","embeddable":true,"href":"https:\/\/www.maag-polska.pl\/de\/wp-json\/wp\/v2\/product_cat?post=24490"},{"taxonomy":"product_tag","embeddable":true,"href":"https:\/\/www.maag-polska.pl\/de\/wp-json\/wp\/v2\/product_tag?post=24490"}],"curies":[{"name":"wp","href":"https:\/\/api.w.org\/{rel}","templated":true}]}}