{"id":24484,"date":"2025-09-01T08:30:32","date_gmt":"2025-09-01T08:30:32","guid":{"rendered":"https:\/\/www.maag-polska.pl\/obrzeza-meblowe\/d11-5-platinium-disk\/"},"modified":"2025-09-01T08:46:30","modified_gmt":"2025-09-01T08:46:30","slug":"d11-5-platinium-disk","status":"publish","type":"product","link":"https:\/\/www.maag-polska.pl\/de\/obrzeza-meblowe\/d11-5-platinium-disk\/","title":{"rendered":"Kanten von M\u00f6beln D11\/5 PLATINIUM DISK"},"content":{"rendered":"<div>\n<p>Das PVC-Kantenband D11\/5 PLATINIUM DISK setzt neue Ma\u00dfst\u00e4be in der technischen Pr\u00e4zision. Mit einer speziell entwickelten UV-resistenten Beschichtung und hochreinem PVC-Basismaterial erreicht dieses Kantenband eine au\u00dfergew\u00f6hnliche Oberfl\u00e4chenstabilit\u00e4t. Die exakt kalibrierten Materialeigenschaften gew\u00e4hrleisten eine Verarbeitungstemperatur von 180-200\u00b0C bei optimaler Haftung. Die innovative Molekularstruktur des Materials erm\u00f6glicht eine Zugfestigkeit von \u00fcber 20 N\/mm\u00b2 bei gleichzeitig hoher Flexibilit\u00e4t.<\/p>\n<p>Schreinereien und M\u00f6belhersteller profitieren von der durchdachten Materialkomposition der PLATINIUM DISK M\u00f6belkante. Die pr\u00e4zise Kantenst\u00e4rke minimiert den Verschnitt um bis zu 30% gegen\u00fcber Standardprodukten. Die optimierte Haftungstechnologie reduziert den Klebstoffverbrauch und beschleunigt den Produktionsprozess. Als Schreinerzubeh\u00f6r der Premiumklasse garantiert dieses System eine gleichbleibende Farbbrillanz und erm\u00f6glicht effiziente, wirtschaftliche Fertigungsprozesse bei h\u00f6chster Qualit\u00e4t.<\/p>\n<\/div>\n","protected":false},"excerpt":{"rendered":"<p>22&#215;0,6; 22&#215;0,8; 22&#215;2; 35&#215;1*; 42&#215;0,8; 42&#215;2<\/p>\n","protected":false},"featured_media":14834,"comment_status":"closed","ping_status":"open","template":"","meta":{"_acf_changed":false},"product_brand":[],"product_cat":[923],"product_tag":[],"class_list":{"0":"post-24484","1":"product","2":"type-product","3":"status-publish","4":"has-post-thumbnail","6":"product_cat-kanten-von-mobeln","8":"first","9":"instock","10":"product-type-simple"},"acf":[],"_links":{"self":[{"href":"https:\/\/www.maag-polska.pl\/de\/wp-json\/wp\/v2\/product\/24484","targetHints":{"allow":["GET"]}}],"collection":[{"href":"https:\/\/www.maag-polska.pl\/de\/wp-json\/wp\/v2\/product"}],"about":[{"href":"https:\/\/www.maag-polska.pl\/de\/wp-json\/wp\/v2\/types\/product"}],"replies":[{"embeddable":true,"href":"https:\/\/www.maag-polska.pl\/de\/wp-json\/wp\/v2\/comments?post=24484"}],"wp:featuredmedia":[{"embeddable":true,"href":"https:\/\/www.maag-polska.pl\/de\/wp-json\/wp\/v2\/media\/14834"}],"wp:attachment":[{"href":"https:\/\/www.maag-polska.pl\/de\/wp-json\/wp\/v2\/media?parent=24484"}],"wp:term":[{"taxonomy":"product_brand","embeddable":true,"href":"https:\/\/www.maag-polska.pl\/de\/wp-json\/wp\/v2\/product_brand?post=24484"},{"taxonomy":"product_cat","embeddable":true,"href":"https:\/\/www.maag-polska.pl\/de\/wp-json\/wp\/v2\/product_cat?post=24484"},{"taxonomy":"product_tag","embeddable":true,"href":"https:\/\/www.maag-polska.pl\/de\/wp-json\/wp\/v2\/product_tag?post=24484"}],"curies":[{"name":"wp","href":"https:\/\/api.w.org\/{rel}","templated":true}]}}