{"id":24476,"date":"2025-09-01T08:30:32","date_gmt":"2025-09-01T08:30:32","guid":{"rendered":"https:\/\/www.maag-polska.pl\/obrzeza-meblowe\/d10-12-cream-loft-pine\/"},"modified":"2025-09-01T08:46:25","modified_gmt":"2025-09-01T08:46:25","slug":"d10-12-cream-loft-pine","status":"publish","type":"product","link":"https:\/\/www.maag-polska.pl\/de\/obrzeza-meblowe\/d10-12-cream-loft-pine\/","title":{"rendered":"Kanten von M\u00f6beln D10\/12 CREAM LOFT PINE"},"content":{"rendered":"<div>\n<p>Das PVC-Kantenband D10\/12 SOSNA LOFT KREMOWA setzt neue Ma\u00dfst\u00e4be in der pr\u00e4zisen M\u00f6belkantenfertigung. Mit einer optimierten Materialst\u00e4rke von 1,0 mm und verst\u00e4rkter UV-Best\u00e4ndigkeit gew\u00e4hrleistet dieses Schreinerzubeh\u00f6r eine au\u00dfergew\u00f6hnliche Langlebigkeit. Die technisch verfeinerte Zusammensetzung aus reinem PVC erm\u00f6glicht eine Verarbeitungstemperatur von 180-200\u00b0C bei idealer Haftung. Die integrierte Oberfl\u00e4chenstruktur korrespondiert perfekt mit modernen M\u00f6belplatten und bietet maximale Farbstabilit\u00e4t auch unter intensiver Belastung.<\/p>\n<p>Durch die optimierte Materialkonfiguration reduziert dieses Kantenband den Verschnitt auf ein Minimum und erm\u00f6glicht eine effiziente Ressourcennutzung im Produktionsablauf. Die pr\u00e4zise abgestimmte Haftschicht garantiert eine schnelle, sichere Verarbeitung ohne Nachbehandlung. Die cremewei\u00dfe SOSNA LOFT Ausf\u00fchrung eignet sich ideal f\u00fcr hochwertige M\u00f6belprojekte im modernen Wohnambiente. Die verbesserte Schlagz\u00e4higkeit der M\u00f6belkante minimiert Ausschuss und senkt dadurch die Produktionskosten bei gleichzeitig erh\u00f6hter Qualit\u00e4t des Endprodukts.<\/p>\n<\/div>\n","protected":false},"excerpt":{"rendered":"<p>22&#215;1; 32&#215;2*; 35&#215;1*<\/p>\n","protected":false},"featured_media":14819,"comment_status":"closed","ping_status":"open","template":"","meta":{"_acf_changed":false},"product_brand":[],"product_cat":[923],"product_tag":[],"class_list":{"0":"post-24476","1":"product","2":"type-product","3":"status-publish","4":"has-post-thumbnail","6":"product_cat-kanten-von-mobeln","8":"first","9":"instock","10":"product-type-simple"},"acf":[],"_links":{"self":[{"href":"https:\/\/www.maag-polska.pl\/de\/wp-json\/wp\/v2\/product\/24476","targetHints":{"allow":["GET"]}}],"collection":[{"href":"https:\/\/www.maag-polska.pl\/de\/wp-json\/wp\/v2\/product"}],"about":[{"href":"https:\/\/www.maag-polska.pl\/de\/wp-json\/wp\/v2\/types\/product"}],"replies":[{"embeddable":true,"href":"https:\/\/www.maag-polska.pl\/de\/wp-json\/wp\/v2\/comments?post=24476"}],"wp:featuredmedia":[{"embeddable":true,"href":"https:\/\/www.maag-polska.pl\/de\/wp-json\/wp\/v2\/media\/14819"}],"wp:attachment":[{"href":"https:\/\/www.maag-polska.pl\/de\/wp-json\/wp\/v2\/media?parent=24476"}],"wp:term":[{"taxonomy":"product_brand","embeddable":true,"href":"https:\/\/www.maag-polska.pl\/de\/wp-json\/wp\/v2\/product_brand?post=24476"},{"taxonomy":"product_cat","embeddable":true,"href":"https:\/\/www.maag-polska.pl\/de\/wp-json\/wp\/v2\/product_cat?post=24476"},{"taxonomy":"product_tag","embeddable":true,"href":"https:\/\/www.maag-polska.pl\/de\/wp-json\/wp\/v2\/product_tag?post=24476"}],"curies":[{"name":"wp","href":"https:\/\/api.w.org\/{rel}","templated":true}]}}