{"id":24473,"date":"2025-09-01T08:30:32","date_gmt":"2025-09-01T08:30:32","guid":{"rendered":"https:\/\/www.maag-polska.pl\/obrzeza-meblowe\/d10-1-pine\/"},"modified":"2025-09-01T08:46:23","modified_gmt":"2025-09-01T08:46:23","slug":"d10-1-pine","status":"publish","type":"product","link":"https:\/\/www.maag-polska.pl\/de\/obrzeza-meblowe\/d10-1-pine\/","title":{"rendered":"Kanten von M\u00f6beln D10\/1 PINE"},"content":{"rendered":"<div>\n<p>Die warme Holzoptik des D10\/1 SOSNA Kantenbands verleiht Ihren M\u00f6belst\u00fccken eine authentische, naturnahe Ausstrahlung. Das PVC-Kantenband \u00fcberzeugt durch seine t\u00e4uschend echte Oberfl\u00e4chenstruktur, die sich harmonisch in moderne Wohnkonzepte einf\u00fcgt. Die sorgf\u00e4ltig abgestimmte Farbgebung und pr\u00e4zise Maserung des M\u00f6belkantenbands spiegeln die Sch\u00f6nheit nat\u00fcrlicher Holzt\u00f6ne wider.<\/p>\n<p>Als hochwertiges Schreinerzubeh\u00f6r eignet sich diese M\u00f6belkante ideal f\u00fcr die professionelle Kantenbeschichtung verschiedenster Tr\u00e4gerplatten. Das aus reinem PVC gefertigte Material garantiert durch seine UV-Best\u00e4ndigkeit langanhaltende Farbstabilit\u00e4t. Die optimierte Materialzusammensetzung erm\u00f6glicht eine besonders effiziente Verarbeitung mit minimalem Verschnitt, was sich positiv auf die Wirtschaftlichkeit Ihrer Projekte auswirkt.<\/p>\n<\/div>\n","protected":false},"excerpt":{"rendered":"<p>22&#215;0,6; 22&#215;1; 22&#215;2; 35&#215;1*; 42&#215;2<\/p>\n","protected":false},"featured_media":14813,"comment_status":"closed","ping_status":"open","template":"","meta":{"_acf_changed":false},"product_brand":[],"product_cat":[923],"product_tag":[],"class_list":{"0":"post-24473","1":"product","2":"type-product","3":"status-publish","4":"has-post-thumbnail","6":"product_cat-kanten-von-mobeln","8":"first","9":"instock","10":"product-type-simple"},"acf":[],"_links":{"self":[{"href":"https:\/\/www.maag-polska.pl\/de\/wp-json\/wp\/v2\/product\/24473","targetHints":{"allow":["GET"]}}],"collection":[{"href":"https:\/\/www.maag-polska.pl\/de\/wp-json\/wp\/v2\/product"}],"about":[{"href":"https:\/\/www.maag-polska.pl\/de\/wp-json\/wp\/v2\/types\/product"}],"replies":[{"embeddable":true,"href":"https:\/\/www.maag-polska.pl\/de\/wp-json\/wp\/v2\/comments?post=24473"}],"wp:featuredmedia":[{"embeddable":true,"href":"https:\/\/www.maag-polska.pl\/de\/wp-json\/wp\/v2\/media\/14813"}],"wp:attachment":[{"href":"https:\/\/www.maag-polska.pl\/de\/wp-json\/wp\/v2\/media?parent=24473"}],"wp:term":[{"taxonomy":"product_brand","embeddable":true,"href":"https:\/\/www.maag-polska.pl\/de\/wp-json\/wp\/v2\/product_brand?post=24473"},{"taxonomy":"product_cat","embeddable":true,"href":"https:\/\/www.maag-polska.pl\/de\/wp-json\/wp\/v2\/product_cat?post=24473"},{"taxonomy":"product_tag","embeddable":true,"href":"https:\/\/www.maag-polska.pl\/de\/wp-json\/wp\/v2\/product_tag?post=24473"}],"curies":[{"name":"wp","href":"https:\/\/api.w.org\/{rel}","templated":true}]}}