{"id":24472,"date":"2025-09-01T08:30:32","date_gmt":"2025-09-01T08:30:32","guid":{"rendered":"https:\/\/www.maag-polska.pl\/obrzeza-meblowe\/d1-1-natural-alder\/"},"modified":"2025-09-01T08:46:23","modified_gmt":"2025-09-01T08:46:23","slug":"d1-1-natural-alder","status":"publish","type":"product","link":"https:\/\/www.maag-polska.pl\/de\/obrzeza-meblowe\/d1-1-natural-alder\/","title":{"rendered":"Kanten von M\u00f6beln D1\/1 NATURAL ALDER"},"content":{"rendered":"<div>\n<p>Das D1\/1 OLCHA NATURALNA PVC-Kantenband \u00fcberzeugt durch seine pr\u00e4zise entwickelte Materialkombination aus reinem PVC. Mit einer St\u00e4rke von 1mm und optimierter UV-Best\u00e4ndigkeit garantiert dieses Kantenband eine au\u00dfergew\u00f6hnliche Langzeitperformance. Die technisch ausgereifte Oberfl\u00e4chenstruktur erm\u00f6glicht eine gleichm\u00e4\u00dfige Haftung und exakte Verarbeitung. Als hochwertiges Schreinerzubeh\u00f6r erf\u00fcllt es die strengsten Qualit\u00e4tsstandards f\u00fcr professionelle M\u00f6belkanten.<\/p>\n<p>Die effiziente Verarbeitbarkeit des Kantenbands reduziert Produktionszeiten und Materialverluste auf ein Minimum. Dank der ausgekl\u00fcgelten Materialeigenschaften l\u00e4sst sich ein pr\u00e4ziser Schnitt mit minimalem Verschnitt realisieren. Die nat\u00fcrliche Olcha-Optik bleibt durch die integrierte Farbstabilisierung dauerhaft erhalten und erm\u00f6glicht eine kosteng\u00fcnstige Alternative zu Echtholzkanten. Ideal f\u00fcr Serien- und Einzelfertigungen in der modernen M\u00f6belproduktion.<\/p>\n<\/div>\n","protected":false},"excerpt":{"rendered":"<p>22&#215;0,6; 22&#215;1; 22&#215;2; 28&#215;2*; 32&#215;2*; 35&#215;1*; 42&#215;2<\/p>\n","protected":false},"featured_media":14811,"comment_status":"closed","ping_status":"open","template":"","meta":{"_acf_changed":false},"product_brand":[],"product_cat":[923],"product_tag":[],"class_list":{"0":"post-24472","1":"product","2":"type-product","3":"status-publish","4":"has-post-thumbnail","6":"product_cat-kanten-von-mobeln","8":"first","9":"instock","10":"product-type-simple"},"acf":[],"_links":{"self":[{"href":"https:\/\/www.maag-polska.pl\/de\/wp-json\/wp\/v2\/product\/24472","targetHints":{"allow":["GET"]}}],"collection":[{"href":"https:\/\/www.maag-polska.pl\/de\/wp-json\/wp\/v2\/product"}],"about":[{"href":"https:\/\/www.maag-polska.pl\/de\/wp-json\/wp\/v2\/types\/product"}],"replies":[{"embeddable":true,"href":"https:\/\/www.maag-polska.pl\/de\/wp-json\/wp\/v2\/comments?post=24472"}],"wp:featuredmedia":[{"embeddable":true,"href":"https:\/\/www.maag-polska.pl\/de\/wp-json\/wp\/v2\/media\/14811"}],"wp:attachment":[{"href":"https:\/\/www.maag-polska.pl\/de\/wp-json\/wp\/v2\/media?parent=24472"}],"wp:term":[{"taxonomy":"product_brand","embeddable":true,"href":"https:\/\/www.maag-polska.pl\/de\/wp-json\/wp\/v2\/product_brand?post=24472"},{"taxonomy":"product_cat","embeddable":true,"href":"https:\/\/www.maag-polska.pl\/de\/wp-json\/wp\/v2\/product_cat?post=24472"},{"taxonomy":"product_tag","embeddable":true,"href":"https:\/\/www.maag-polska.pl\/de\/wp-json\/wp\/v2\/product_tag?post=24472"}],"curies":[{"name":"wp","href":"https:\/\/api.w.org\/{rel}","templated":true}]}}