{"id":24466,"date":"2025-09-01T08:30:12","date_gmt":"2025-09-01T08:30:12","guid":{"rendered":"https:\/\/www.maag-polska.pl\/obrzeza-meblowe\/340-royal-grey\/"},"modified":"2025-09-01T08:46:10","modified_gmt":"2025-09-01T08:46:10","slug":"340-royal-grey","status":"publish","type":"product","link":"https:\/\/www.maag-polska.pl\/de\/obrzeza-meblowe\/340-royal-grey\/","title":{"rendered":"Kanten von M\u00f6beln 340 ROYAL GREY"},"content":{"rendered":"<div>\n<p>Das AGT 3022 PVC-Kantenband in Royal Grey \u00fcberzeugt durch seine pr\u00e4zise entwickelte Materialkombination aus reinem PVC. Die UV-best\u00e4ndige Formulierung garantiert eine au\u00dfergew\u00f6hnliche Farbstabilit\u00e4t des eleganten Grautons, selbst bei intensiver Sonneneinstrahlung. Als hochwertiges Schreinerzubeh\u00f6r erf\u00fcllt dieses Kantenband die strengsten Industrienormen mit einer Zugfestigkeit von \u00fcber 20 N\/mm\u00b2 und einer thermischen Formbest\u00e4ndigkeit bis 90\u00b0C.<\/p>\n<p>Die optimierte Materialstruktur dieser M\u00f6belkante erm\u00f6glicht eine besonders effiziente Verarbeitung mit minimalem Verschnitt, was sich direkt in der Kostenbilanz niederschl\u00e4gt. Der pr\u00e4zise abgestimmte Haftvermittler gew\u00e4hrleistet eine zuverl\u00e4ssige Verbindung mit g\u00e4ngigen Tr\u00e4germaterialien und reduziert den Nachbearbeitungsaufwand erheblich. Durch die gleichm\u00e4\u00dfige Materialdichte l\u00e4sst sich das Kantenband sowohl maschinell als auch manuell optimal verarbeiten.<\/p>\n<\/div>\n","protected":false},"excerpt":{"rendered":"<p>22&#215;0,8<\/p>\n","protected":false},"featured_media":14801,"comment_status":"closed","ping_status":"open","template":"","meta":{"_acf_changed":false},"product_brand":[],"product_cat":[923],"product_tag":[],"class_list":{"0":"post-24466","1":"product","2":"type-product","3":"status-publish","4":"has-post-thumbnail","6":"product_cat-kanten-von-mobeln","8":"first","9":"instock","10":"product-type-simple"},"acf":[],"_links":{"self":[{"href":"https:\/\/www.maag-polska.pl\/de\/wp-json\/wp\/v2\/product\/24466","targetHints":{"allow":["GET"]}}],"collection":[{"href":"https:\/\/www.maag-polska.pl\/de\/wp-json\/wp\/v2\/product"}],"about":[{"href":"https:\/\/www.maag-polska.pl\/de\/wp-json\/wp\/v2\/types\/product"}],"replies":[{"embeddable":true,"href":"https:\/\/www.maag-polska.pl\/de\/wp-json\/wp\/v2\/comments?post=24466"}],"wp:featuredmedia":[{"embeddable":true,"href":"https:\/\/www.maag-polska.pl\/de\/wp-json\/wp\/v2\/media\/14801"}],"wp:attachment":[{"href":"https:\/\/www.maag-polska.pl\/de\/wp-json\/wp\/v2\/media?parent=24466"}],"wp:term":[{"taxonomy":"product_brand","embeddable":true,"href":"https:\/\/www.maag-polska.pl\/de\/wp-json\/wp\/v2\/product_brand?post=24466"},{"taxonomy":"product_cat","embeddable":true,"href":"https:\/\/www.maag-polska.pl\/de\/wp-json\/wp\/v2\/product_cat?post=24466"},{"taxonomy":"product_tag","embeddable":true,"href":"https:\/\/www.maag-polska.pl\/de\/wp-json\/wp\/v2\/product_tag?post=24466"}],"curies":[{"name":"wp","href":"https:\/\/api.w.org\/{rel}","templated":true}]}}