{"id":24458,"date":"2025-09-01T08:30:12","date_gmt":"2025-09-01T08:30:12","guid":{"rendered":"https:\/\/www.maag-polska.pl\/obrzeza-meblowe\/332-pink-daisy\/"},"modified":"2025-09-01T08:46:06","modified_gmt":"2025-09-01T08:46:06","slug":"332-pink-daisy","status":"publish","type":"product","link":"https:\/\/www.maag-polska.pl\/de\/obrzeza-meblowe\/332-pink-daisy\/","title":{"rendered":"Kanten von M\u00f6beln 332 PINK DAISY"},"content":{"rendered":"<div>\n<p>Das PVC-Kantenband 332 R\u00d3\u017bOWA STOKROTKA (AGT 3016 &#8211; PINK DAISY) setzt neue Ma\u00dfst\u00e4be in der technischen Pr\u00e4zision der M\u00f6belkantenfertigung. Mit einer optimierten Materialst\u00e4rke und hochreinem PVC-Compound erreicht dieses Kantenband maximale UV-Best\u00e4ndigkeit bei gleichzeitig verbesserter Verarbeitungsperformance. Die speziell entwickelte Oberfl\u00e4chenstruktur gew\u00e4hrleistet eine gleichm\u00e4\u00dfige Haftung des Klebers und erm\u00f6glicht pr\u00e4zise Kantenabschl\u00fcsse ohne Nachbearbeitung.<\/p>\n<p>Dieses innovative Schreinerzubeh\u00f6r \u00fcberzeugt durch seine wirtschaftliche Effizienz: Der minimale Verschnitt von unter 2% und die optimierte Verarbeitungsgeschwindigkeit senken die Produktionskosten erheblich. Die hohe Farbstabilit\u00e4t der Pink-Daisy-T\u00f6nung garantiert gleichbleibende Qualit\u00e4t \u00fcber die gesamte Charge hinweg. Besonders bei gro\u00dfen M\u00f6belserien zeigt sich die Kosteneffizienz durch reduzierte Nacharbeitszeiten und verl\u00e4ngerte Werkzeugstandzeiten.<\/p>\n<\/div>\n","protected":false},"excerpt":{"rendered":"<p>22&#215;0,8<\/p>\n","protected":false},"featured_media":14785,"comment_status":"closed","ping_status":"open","template":"","meta":{"_acf_changed":false},"product_brand":[],"product_cat":[923],"product_tag":[],"class_list":{"0":"post-24458","1":"product","2":"type-product","3":"status-publish","4":"has-post-thumbnail","6":"product_cat-kanten-von-mobeln","8":"first","9":"instock","10":"product-type-simple"},"acf":[],"_links":{"self":[{"href":"https:\/\/www.maag-polska.pl\/de\/wp-json\/wp\/v2\/product\/24458","targetHints":{"allow":["GET"]}}],"collection":[{"href":"https:\/\/www.maag-polska.pl\/de\/wp-json\/wp\/v2\/product"}],"about":[{"href":"https:\/\/www.maag-polska.pl\/de\/wp-json\/wp\/v2\/types\/product"}],"replies":[{"embeddable":true,"href":"https:\/\/www.maag-polska.pl\/de\/wp-json\/wp\/v2\/comments?post=24458"}],"wp:featuredmedia":[{"embeddable":true,"href":"https:\/\/www.maag-polska.pl\/de\/wp-json\/wp\/v2\/media\/14785"}],"wp:attachment":[{"href":"https:\/\/www.maag-polska.pl\/de\/wp-json\/wp\/v2\/media?parent=24458"}],"wp:term":[{"taxonomy":"product_brand","embeddable":true,"href":"https:\/\/www.maag-polska.pl\/de\/wp-json\/wp\/v2\/product_brand?post=24458"},{"taxonomy":"product_cat","embeddable":true,"href":"https:\/\/www.maag-polska.pl\/de\/wp-json\/wp\/v2\/product_cat?post=24458"},{"taxonomy":"product_tag","embeddable":true,"href":"https:\/\/www.maag-polska.pl\/de\/wp-json\/wp\/v2\/product_tag?post=24458"}],"curies":[{"name":"wp","href":"https:\/\/api.w.org\/{rel}","templated":true}]}}