{"id":24425,"date":"2025-09-01T08:29:30","date_gmt":"2025-09-01T08:29:30","guid":{"rendered":"https:\/\/www.maag-polska.pl\/obrzeza-meblowe\/299-mouse-grey\/"},"modified":"2025-09-01T08:45:32","modified_gmt":"2025-09-01T08:45:32","slug":"299-mouse-grey","status":"publish","type":"product","link":"https:\/\/www.maag-polska.pl\/de\/obrzeza-meblowe\/299-mouse-grey\/","title":{"rendered":"Kanten von M\u00f6beln 299 MOUSE GREY"},"content":{"rendered":"<div>\n<p>Das PVC-Kantenband in MOUSE GREY \u00fcberzeugt durch seine pr\u00e4zise kalkulierte Materialst\u00e4rke und optimale Verarbeitungstemperatur von 180-200\u00b0C. Die hochwertige PVC-Zusammensetzung garantiert eine Zugfestigkeit von >20 N\/mm\u00b2 bei einer Dehnung von 180%. Dank der UV-stabilisierten Formulierung beh\u00e4lt das Kantenband seine charakteristische graue Farbgebung auch bei intensiver Sonneneinstrahlung bei. Die thermoplastischen Eigenschaften erm\u00f6glichen eine verzugsfreie Verarbeitung mit minimaler Ausschussquote.<\/p>\n<p>Dieses M\u00f6belkanten-System eignet sich besonders f\u00fcr den Einsatz in modernen B\u00fcrolandschaften und zeitgem\u00e4\u00dfen Wohnkonzepten. Als essentielles Schreinerzubeh\u00f6r findet es Anwendung bei der Fertigung von Schreibtischen, Aktenschr\u00e4nken und Konferenzraumausstattungen. Die neutrale MOUSE GREY F\u00e4rbung harmoniert optimal mit Chromoberfl\u00e4chen und Glaselemente. Architekten sch\u00e4tzen die Vielseitigkeit bei der Gestaltung von Einbaum\u00f6beln und Raumteilern im gehobenen Objektbau.<\/p>\n<\/div>\n","protected":false},"excerpt":{"rendered":"<p>22&#215;0,6; 22&#215;0,8; 22&#215;2; 35&#215;1*; 42&#215;0,8; 42&#215;2<\/p>\n","protected":false},"featured_media":14719,"comment_status":"closed","ping_status":"open","template":"","meta":{"_acf_changed":false},"product_brand":[],"product_cat":[923],"product_tag":[],"class_list":{"0":"post-24425","1":"product","2":"type-product","3":"status-publish","4":"has-post-thumbnail","6":"product_cat-kanten-von-mobeln","8":"first","9":"instock","10":"product-type-simple"},"acf":[],"_links":{"self":[{"href":"https:\/\/www.maag-polska.pl\/de\/wp-json\/wp\/v2\/product\/24425","targetHints":{"allow":["GET"]}}],"collection":[{"href":"https:\/\/www.maag-polska.pl\/de\/wp-json\/wp\/v2\/product"}],"about":[{"href":"https:\/\/www.maag-polska.pl\/de\/wp-json\/wp\/v2\/types\/product"}],"replies":[{"embeddable":true,"href":"https:\/\/www.maag-polska.pl\/de\/wp-json\/wp\/v2\/comments?post=24425"}],"wp:featuredmedia":[{"embeddable":true,"href":"https:\/\/www.maag-polska.pl\/de\/wp-json\/wp\/v2\/media\/14719"}],"wp:attachment":[{"href":"https:\/\/www.maag-polska.pl\/de\/wp-json\/wp\/v2\/media?parent=24425"}],"wp:term":[{"taxonomy":"product_brand","embeddable":true,"href":"https:\/\/www.maag-polska.pl\/de\/wp-json\/wp\/v2\/product_brand?post=24425"},{"taxonomy":"product_cat","embeddable":true,"href":"https:\/\/www.maag-polska.pl\/de\/wp-json\/wp\/v2\/product_cat?post=24425"},{"taxonomy":"product_tag","embeddable":true,"href":"https:\/\/www.maag-polska.pl\/de\/wp-json\/wp\/v2\/product_tag?post=24425"}],"curies":[{"name":"wp","href":"https:\/\/api.w.org\/{rel}","templated":true}]}}