{"id":24424,"date":"2025-09-01T08:29:30","date_gmt":"2025-09-01T08:29:30","guid":{"rendered":"https:\/\/www.maag-polska.pl\/obrzeza-meblowe\/298-dark-chocolate\/"},"modified":"2025-09-01T08:45:31","modified_gmt":"2025-09-01T08:45:31","slug":"298-dark-chocolate","status":"publish","type":"product","link":"https:\/\/www.maag-polska.pl\/de\/obrzeza-meblowe\/298-dark-chocolate\/","title":{"rendered":"Kanten von M\u00f6beln 298 DARK CHOCOLATE"},"content":{"rendered":"<div>\n<p>Das PVC-Kantenband in CIEMNA CZEKOLADA \u00fcberzeugt durch seine au\u00dfergew\u00f6hnliche Widerstandskraft gegen mechanische Belastungen im t\u00e4glichen Gebrauch. Als hochwertiges Schreinerzubeh\u00f6r wurde dieses Kantenband speziell entwickelt, um dauerhaft UV-best\u00e4ndig zu bleiben und seine intensive Farbgebung auch nach Jahren beizubehalten. Die M\u00f6belkante aus reinem PVC garantiert nicht nur eine hervorragende Abriebfestigkeit, sondern widersteht auch problemlos Feuchtigkeit und \u00fcblichen Reinigungsmitteln.<\/p>\n<p>Die durchdachte Materialbeschaffenheit erm\u00f6glicht Schreinern eine zeitsparende Verarbeitung ohne aufwendige Vorbehandlung. Dank der optimierten Klebeeigenschaften l\u00e4sst sich das Kantenband pr\u00e4zise und schnell aufbringen, wobei der minimale Verschnitt f\u00fcr eine besonders wirtschaftliche Nutzung sorgt. Die exakte Ma\u00dfhaltigkeit des Materials reduziert den Nachbearbeitungsaufwand erheblich und gew\u00e4hrleistet saubere \u00dcberg\u00e4nge an allen M\u00f6belkanten.<\/p>\n<\/div>\n","protected":false},"excerpt":{"rendered":"<p>22&#215;0,6; 22&#215;0,8; 22&#215;2; 35&#215;1*; 42&#215;0,8; 42&#215;2<\/p>\n","protected":false},"featured_media":15640,"comment_status":"closed","ping_status":"open","template":"","meta":{"_acf_changed":false},"product_brand":[],"product_cat":[923],"product_tag":[],"class_list":{"0":"post-24424","1":"product","2":"type-product","3":"status-publish","4":"has-post-thumbnail","6":"product_cat-kanten-von-mobeln","8":"first","9":"instock","10":"product-type-simple"},"acf":[],"_links":{"self":[{"href":"https:\/\/www.maag-polska.pl\/de\/wp-json\/wp\/v2\/product\/24424","targetHints":{"allow":["GET"]}}],"collection":[{"href":"https:\/\/www.maag-polska.pl\/de\/wp-json\/wp\/v2\/product"}],"about":[{"href":"https:\/\/www.maag-polska.pl\/de\/wp-json\/wp\/v2\/types\/product"}],"replies":[{"embeddable":true,"href":"https:\/\/www.maag-polska.pl\/de\/wp-json\/wp\/v2\/comments?post=24424"}],"wp:featuredmedia":[{"embeddable":true,"href":"https:\/\/www.maag-polska.pl\/de\/wp-json\/wp\/v2\/media\/15640"}],"wp:attachment":[{"href":"https:\/\/www.maag-polska.pl\/de\/wp-json\/wp\/v2\/media?parent=24424"}],"wp:term":[{"taxonomy":"product_brand","embeddable":true,"href":"https:\/\/www.maag-polska.pl\/de\/wp-json\/wp\/v2\/product_brand?post=24424"},{"taxonomy":"product_cat","embeddable":true,"href":"https:\/\/www.maag-polska.pl\/de\/wp-json\/wp\/v2\/product_cat?post=24424"},{"taxonomy":"product_tag","embeddable":true,"href":"https:\/\/www.maag-polska.pl\/de\/wp-json\/wp\/v2\/product_tag?post=24424"}],"curies":[{"name":"wp","href":"https:\/\/api.w.org\/{rel}","templated":true}]}}