{"id":24411,"date":"2025-09-01T08:29:08","date_gmt":"2025-09-01T08:29:08","guid":{"rendered":"https:\/\/www.maag-polska.pl\/obrzeza-meblowe\/273-ocean\/"},"modified":"2025-09-01T08:45:18","modified_gmt":"2025-09-01T08:45:18","slug":"273-ocean","status":"publish","type":"product","link":"https:\/\/www.maag-polska.pl\/de\/obrzeza-meblowe\/273-ocean\/","title":{"rendered":"Kanten von M\u00f6beln 273 OCEAN"},"content":{"rendered":"<div>\n<p>Das tiefe Blau des OCEAN Kantenbands vermittelt eine zeitlose maritime Eleganz, die jedem M\u00f6belst\u00fcck eine besondere Note verleiht. Als PVC-Kantenband \u00fcberzeugt es durch seine samtig-matte Oberfl\u00e4che und eine Farbtiefe, die perfekt mit modernen Einrichtungskonzepten harmoniert. Die sorgf\u00e4ltig abgestimmte Farbgebung der M\u00f6belkante schafft einen ausgewogenen \u00dcbergang zwischen Plattenmaterial und Umleimer.<\/p>\n<p>Dieses hochwertige Schreinerzubeh\u00f6r eignet sich hervorragend f\u00fcr Badm\u00f6bel, K\u00fcchenfronten und maritime Einrichtungskonzepte. Das aus reinem PVC gefertigte Kantenband gew\u00e4hrleistet durch seine UV-Best\u00e4ndigkeit eine dauerhafte Farbstabilit\u00e4t &#8211; selbst bei intensiver Sonneneinstrahlung. Die optimierte Materialbeschaffenheit erm\u00f6glicht eine pr\u00e4zise Verarbeitung mit minimalem Verschnitt, was besonders bei umfangreichen Projekten Zeit und Material spart.<\/p>\n<\/div>\n","protected":false},"excerpt":{"rendered":"<p>22&#215;0,6; 22&#215;0,8; 22&#215;1; 22&#215;2; 32&#215;2*; 35&#215;1*; 42&#215;0,8; 42&#215;2<\/p>\n","protected":false},"featured_media":15627,"comment_status":"closed","ping_status":"open","template":"","meta":{"_acf_changed":false},"product_brand":[],"product_cat":[923],"product_tag":[],"class_list":{"0":"post-24411","1":"product","2":"type-product","3":"status-publish","4":"has-post-thumbnail","6":"product_cat-kanten-von-mobeln","8":"first","9":"instock","10":"product-type-simple"},"acf":[],"_links":{"self":[{"href":"https:\/\/www.maag-polska.pl\/de\/wp-json\/wp\/v2\/product\/24411","targetHints":{"allow":["GET"]}}],"collection":[{"href":"https:\/\/www.maag-polska.pl\/de\/wp-json\/wp\/v2\/product"}],"about":[{"href":"https:\/\/www.maag-polska.pl\/de\/wp-json\/wp\/v2\/types\/product"}],"replies":[{"embeddable":true,"href":"https:\/\/www.maag-polska.pl\/de\/wp-json\/wp\/v2\/comments?post=24411"}],"wp:featuredmedia":[{"embeddable":true,"href":"https:\/\/www.maag-polska.pl\/de\/wp-json\/wp\/v2\/media\/15627"}],"wp:attachment":[{"href":"https:\/\/www.maag-polska.pl\/de\/wp-json\/wp\/v2\/media?parent=24411"}],"wp:term":[{"taxonomy":"product_brand","embeddable":true,"href":"https:\/\/www.maag-polska.pl\/de\/wp-json\/wp\/v2\/product_brand?post=24411"},{"taxonomy":"product_cat","embeddable":true,"href":"https:\/\/www.maag-polska.pl\/de\/wp-json\/wp\/v2\/product_cat?post=24411"},{"taxonomy":"product_tag","embeddable":true,"href":"https:\/\/www.maag-polska.pl\/de\/wp-json\/wp\/v2\/product_tag?post=24411"}],"curies":[{"name":"wp","href":"https:\/\/api.w.org\/{rel}","templated":true}]}}