{"id":24409,"date":"2025-09-01T08:29:08","date_gmt":"2025-09-01T08:29:08","guid":{"rendered":"https:\/\/www.maag-polska.pl\/obrzeza-meblowe\/271-oxide-red\/"},"modified":"2025-09-01T08:45:16","modified_gmt":"2025-09-01T08:45:16","slug":"271-oxide-red","status":"publish","type":"product","link":"https:\/\/www.maag-polska.pl\/de\/obrzeza-meblowe\/271-oxide-red\/","title":{"rendered":"Kanten von M\u00f6beln 271 OXIDE RED"},"content":{"rendered":"<div>\n<p>Das CZERWONY OXID PVC-Kantenband zeichnet sich durch seine pr\u00e4zise kalkulierte Materialst\u00e4rke und hochwertige PVC-Zusammensetzung aus. Mit einer garantierten UV-Best\u00e4ndigkeit von \u00fcber 1000 Stunden und einer Zugfestigkeit von 23 N\/mm\u00b2 erf\u00fcllt dieses Kantenband h\u00f6chste technische Standards. Die spezielle Oberfl\u00e4chenstruktur gew\u00e4hrleistet eine optimale Haftung des Klebers bei gleichzeitig minimaler Verschnittrate von unter 2%. Die integrierte Farbpigmentierung sorgt f\u00fcr eine durchgehende Farbstabilit\u00e4t, die sich auch bei intensiver Nutzung nicht ver\u00e4ndert.<\/p>\n<p>Dieses robuste M\u00f6belkante eignet sich besonders f\u00fcr den Einsatz in stark frequentierten Bereichen wie Bildungseinrichtungen und \u00f6ffentlichen Geb\u00e4uden. Als hochwertiges Schreinerzubeh\u00f6r bew\u00e4hrt es sich vor allem bei der Fertigung von Laboreinrichtungen, wo chemische Best\u00e4ndigkeit gefragt ist. Die charakteristische Oxidrot-F\u00e4rbung erm\u00f6glicht markante Designakzente in der modernen Innenarchitektur, besonders bei Empfangsm\u00f6beln und Thekenverkleidungen. Die einfache Verarbeitung reduziert Produktionszeiten und gew\u00e4hrleistet gleichzeitig professionelle Endergebnisse.<\/p>\n<\/div>\n","protected":false},"excerpt":{"rendered":"<p>22&#215;0,6; 22&#215;0,8; 32&#215;2*; 35&#215;1*; 42&#215;0,8; 42&#215;2<\/p>\n","protected":false},"featured_media":15625,"comment_status":"closed","ping_status":"open","template":"","meta":{"_acf_changed":false},"product_brand":[],"product_cat":[923],"product_tag":[],"class_list":{"0":"post-24409","1":"product","2":"type-product","3":"status-publish","4":"has-post-thumbnail","6":"product_cat-kanten-von-mobeln","8":"first","9":"instock","10":"product-type-simple"},"acf":[],"_links":{"self":[{"href":"https:\/\/www.maag-polska.pl\/de\/wp-json\/wp\/v2\/product\/24409","targetHints":{"allow":["GET"]}}],"collection":[{"href":"https:\/\/www.maag-polska.pl\/de\/wp-json\/wp\/v2\/product"}],"about":[{"href":"https:\/\/www.maag-polska.pl\/de\/wp-json\/wp\/v2\/types\/product"}],"replies":[{"embeddable":true,"href":"https:\/\/www.maag-polska.pl\/de\/wp-json\/wp\/v2\/comments?post=24409"}],"wp:featuredmedia":[{"embeddable":true,"href":"https:\/\/www.maag-polska.pl\/de\/wp-json\/wp\/v2\/media\/15625"}],"wp:attachment":[{"href":"https:\/\/www.maag-polska.pl\/de\/wp-json\/wp\/v2\/media?parent=24409"}],"wp:term":[{"taxonomy":"product_brand","embeddable":true,"href":"https:\/\/www.maag-polska.pl\/de\/wp-json\/wp\/v2\/product_brand?post=24409"},{"taxonomy":"product_cat","embeddable":true,"href":"https:\/\/www.maag-polska.pl\/de\/wp-json\/wp\/v2\/product_cat?post=24409"},{"taxonomy":"product_tag","embeddable":true,"href":"https:\/\/www.maag-polska.pl\/de\/wp-json\/wp\/v2\/product_tag?post=24409"}],"curies":[{"name":"wp","href":"https:\/\/api.w.org\/{rel}","templated":true}]}}