{"id":24400,"date":"2025-09-01T08:29:08","date_gmt":"2025-09-01T08:29:08","guid":{"rendered":"https:\/\/www.maag-polska.pl\/obrzeza-meblowe\/262-dusk-blue\/"},"modified":"2025-09-01T08:45:11","modified_gmt":"2025-09-01T08:45:11","slug":"262-dusk-blue","status":"publish","type":"product","link":"https:\/\/www.maag-polska.pl\/de\/obrzeza-meblowe\/262-dusk-blue\/","title":{"rendered":"Kanten von M\u00f6beln 262 DUSK BLUE"},"content":{"rendered":"<div>\n<p>Das PVC-Kantenband in B\u0141\u0118KITNY ZMIERZCH \u00fcberzeugt durch seine au\u00dfergew\u00f6hnliche Widerstandskraft gegen mechanische Belastungen im t\u00e4glichen Gebrauch. Als hochwertiges Schreinerzubeh\u00f6r wurde es speziell entwickelt, um dauerhaft UV-stabil zu bleiben und seine charakteristische Farbbrillanz auch nach Jahren intensiver Sonneneinstrahlung zu bewahren. Die M\u00f6belkante aus reinem PVC garantiert nicht nur eine hervorragende Sto\u00dffestigkeit, sondern bietet auch optimalen Schutz gegen Feuchtigkeit und allt\u00e4gliche chemische Einwirkungen.<\/p>\n<p>Dank der pr\u00e4zise abgestimmten Materialeigenschaften l\u00e4sst sich dieses Kantenband besonders effizient verarbeiten. Die optimierte Haftungstechnologie erm\u00f6glicht eine schnelle und sichere Montage bei minimaler Vorbereitungszeit. Durch die exakte Ma\u00dfhaltigkeit und gleichm\u00e4\u00dfige Materialst\u00e4rke reduziert sich der Verschnitt auf ein Minimum, was Zeit und Material spart. Die speziell entwickelte Oberfl\u00e4chenstruktur gew\u00e4hrleistet eine gleichm\u00e4\u00dfige Verklebung ohne aufwendige Nachbearbeitung.<\/p>\n<\/div>\n","protected":false},"excerpt":{"rendered":"<p>22&#215;0,6; 22&#215;0,8; 22&#215;1; 22&#215;2; 32&#215;2*; 35&#215;1*; 42&#215;0,8; 42&#215;2<\/p>\n","protected":false},"featured_media":15616,"comment_status":"closed","ping_status":"open","template":"","meta":{"_acf_changed":false},"product_brand":[],"product_cat":[923],"product_tag":[],"class_list":{"0":"post-24400","1":"product","2":"type-product","3":"status-publish","4":"has-post-thumbnail","6":"product_cat-kanten-von-mobeln","8":"first","9":"instock","10":"product-type-simple"},"acf":[],"_links":{"self":[{"href":"https:\/\/www.maag-polska.pl\/de\/wp-json\/wp\/v2\/product\/24400","targetHints":{"allow":["GET"]}}],"collection":[{"href":"https:\/\/www.maag-polska.pl\/de\/wp-json\/wp\/v2\/product"}],"about":[{"href":"https:\/\/www.maag-polska.pl\/de\/wp-json\/wp\/v2\/types\/product"}],"replies":[{"embeddable":true,"href":"https:\/\/www.maag-polska.pl\/de\/wp-json\/wp\/v2\/comments?post=24400"}],"wp:featuredmedia":[{"embeddable":true,"href":"https:\/\/www.maag-polska.pl\/de\/wp-json\/wp\/v2\/media\/15616"}],"wp:attachment":[{"href":"https:\/\/www.maag-polska.pl\/de\/wp-json\/wp\/v2\/media?parent=24400"}],"wp:term":[{"taxonomy":"product_brand","embeddable":true,"href":"https:\/\/www.maag-polska.pl\/de\/wp-json\/wp\/v2\/product_brand?post=24400"},{"taxonomy":"product_cat","embeddable":true,"href":"https:\/\/www.maag-polska.pl\/de\/wp-json\/wp\/v2\/product_cat?post=24400"},{"taxonomy":"product_tag","embeddable":true,"href":"https:\/\/www.maag-polska.pl\/de\/wp-json\/wp\/v2\/product_tag?post=24400"}],"curies":[{"name":"wp","href":"https:\/\/api.w.org\/{rel}","templated":true}]}}