{"id":24394,"date":"2025-09-01T08:28:48","date_gmt":"2025-09-01T08:28:48","guid":{"rendered":"https:\/\/www.maag-polska.pl\/obrzeza-meblowe\/256-plum-pfleiderer\/"},"modified":"2025-09-01T08:44:57","modified_gmt":"2025-09-01T08:44:57","slug":"256-plum-pfleiderer","status":"publish","type":"product","link":"https:\/\/www.maag-polska.pl\/de\/obrzeza-meblowe\/256-plum-pfleiderer\/","title":{"rendered":"Kanten von M\u00f6beln 256 PLUM PFLEIDERER"},"content":{"rendered":"<div>\n<p>Das PVC-Kantenband \u015aLIWKA PFLEIDERER U17505 SD setzt neue Ma\u00dfst\u00e4be in der technischen Pr\u00e4zision. Mit einer speziell entwickelten UV-resistenten Beschichtung und einer Materialst\u00e4rke von 2mm gew\u00e4hrleistet dieses Schreinerzubeh\u00f6r maximale Stabilit\u00e4t bei der M\u00f6belkantenfertigung. Die innovative PU2802-Technologie erm\u00f6glicht eine au\u00dfergew\u00f6hnliche Verschlei\u00dffestigkeit bei gleichzeitig optimaler Verarbeitungstemperatur von 180-200\u00b0C. Die molekulare Struktur des reinen PVC garantiert eine gleichm\u00e4\u00dfige Materialdichte und verhindert effektiv Mikroverformungen w\u00e4hrend des Verarbeitungsprozesses.<\/p>\n<p>Durch die pr\u00e4zise Kalibrierung des \u015aLIWKA Woodeco PU2802 Kantenbands reduzieren sich Verschnittquoten auf unter 2%, was direkte Kosteneinsparungen erm\u00f6glicht. Die integrierte Selbstklebetechnologie beschleunigt den Verarbeitungsprozess erheblich und minimiert den Klebstoffbedarf. Die hohe Farbstabilit\u00e4t der M\u00f6belkante gew\u00e4hrleistet eine langfristige Werterhaltung der gefertigten M\u00f6belst\u00fccke. Besonders in Umgebungen mit wechselnden Lichtverh\u00e4ltnissen beweist das Material seine \u00fcberlegene Performance durch konstante Farbechtheit und Strukturstabilit\u00e4t.<\/p>\n<\/div>\n","protected":false},"excerpt":{"rendered":"<p>22&#215;0,6; 22&#215;1; 42&#215;2<\/p>\n","protected":false},"featured_media":15611,"comment_status":"closed","ping_status":"open","template":"","meta":{"_acf_changed":false},"product_brand":[],"product_cat":[923],"product_tag":[],"class_list":{"0":"post-24394","1":"product","2":"type-product","3":"status-publish","4":"has-post-thumbnail","6":"product_cat-kanten-von-mobeln","8":"first","9":"instock","10":"product-type-simple"},"acf":[],"_links":{"self":[{"href":"https:\/\/www.maag-polska.pl\/de\/wp-json\/wp\/v2\/product\/24394","targetHints":{"allow":["GET"]}}],"collection":[{"href":"https:\/\/www.maag-polska.pl\/de\/wp-json\/wp\/v2\/product"}],"about":[{"href":"https:\/\/www.maag-polska.pl\/de\/wp-json\/wp\/v2\/types\/product"}],"replies":[{"embeddable":true,"href":"https:\/\/www.maag-polska.pl\/de\/wp-json\/wp\/v2\/comments?post=24394"}],"wp:featuredmedia":[{"embeddable":true,"href":"https:\/\/www.maag-polska.pl\/de\/wp-json\/wp\/v2\/media\/15611"}],"wp:attachment":[{"href":"https:\/\/www.maag-polska.pl\/de\/wp-json\/wp\/v2\/media?parent=24394"}],"wp:term":[{"taxonomy":"product_brand","embeddable":true,"href":"https:\/\/www.maag-polska.pl\/de\/wp-json\/wp\/v2\/product_brand?post=24394"},{"taxonomy":"product_cat","embeddable":true,"href":"https:\/\/www.maag-polska.pl\/de\/wp-json\/wp\/v2\/product_cat?post=24394"},{"taxonomy":"product_tag","embeddable":true,"href":"https:\/\/www.maag-polska.pl\/de\/wp-json\/wp\/v2\/product_tag?post=24394"}],"curies":[{"name":"wp","href":"https:\/\/api.w.org\/{rel}","templated":true}]}}