{"id":24361,"date":"2025-09-01T08:28:28","date_gmt":"2025-09-01T08:28:28","guid":{"rendered":"https:\/\/www.maag-polska.pl\/obrzeza-meblowe\/217-silver\/"},"modified":"2025-09-01T08:44:27","modified_gmt":"2025-09-01T08:44:27","slug":"217-silver","status":"publish","type":"product","link":"https:\/\/www.maag-polska.pl\/de\/obrzeza-meblowe\/217-silver\/","title":{"rendered":"Kanten von M\u00f6beln 217 SILVER"},"content":{"rendered":"<div>\n<p>Dieses PVC-Kantenband in 217 SREBRNY \u00fcberzeugt durch seine au\u00dfergew\u00f6hnliche Widerstandskraft gegen mechanische Belastungen im t\u00e4glichen Gebrauch. Als hochwertiges Schreinerzubeh\u00f6r entwickelt, bietet die M\u00f6belkante einen zuverl\u00e4ssigen Schutz vor UV-Strahlung und beh\u00e4lt ihre Farbbrillanz auch nach Jahren intensiver Nutzung. Das aus reinem PVC gefertigte Kantenband widersteht Feuchtigkeit und Temperaturschwankungen, was es besonders langlebig macht.<\/p>\n<p>Die durchdachte Materialkombination erm\u00f6glicht eine schnelle und pr\u00e4zise Verarbeitung ohne aufwendige Nachbearbeitung. Dank der optimierten Klebeeigenschaften l\u00e4sst sich das Kantenband effizient aufbringen, w\u00e4hrend der minimale Verschnitt f\u00fcr eine wirtschaftliche Nutzung sorgt. Die exakte Ma\u00dfhaltigkeit vereinfacht die Montage erheblich und garantiert saubere \u00dcberg\u00e4nge bei der M\u00f6belfertigung.<\/p>\n<\/div>\n","protected":false},"excerpt":{"rendered":"<p>22&#215;0,6; 22&#215;1; 22&#215;2; 28&#215;2*; 32&#215;2*; 35&#215;1*; 42&#215;2<\/p>\n","protected":false},"featured_media":15577,"comment_status":"closed","ping_status":"open","template":"","meta":{"_acf_changed":false},"product_brand":[],"product_cat":[923],"product_tag":[],"class_list":{"0":"post-24361","1":"product","2":"type-product","3":"status-publish","4":"has-post-thumbnail","6":"product_cat-kanten-von-mobeln","8":"first","9":"instock","10":"product-type-simple"},"acf":[],"_links":{"self":[{"href":"https:\/\/www.maag-polska.pl\/de\/wp-json\/wp\/v2\/product\/24361","targetHints":{"allow":["GET"]}}],"collection":[{"href":"https:\/\/www.maag-polska.pl\/de\/wp-json\/wp\/v2\/product"}],"about":[{"href":"https:\/\/www.maag-polska.pl\/de\/wp-json\/wp\/v2\/types\/product"}],"replies":[{"embeddable":true,"href":"https:\/\/www.maag-polska.pl\/de\/wp-json\/wp\/v2\/comments?post=24361"}],"wp:featuredmedia":[{"embeddable":true,"href":"https:\/\/www.maag-polska.pl\/de\/wp-json\/wp\/v2\/media\/15577"}],"wp:attachment":[{"href":"https:\/\/www.maag-polska.pl\/de\/wp-json\/wp\/v2\/media?parent=24361"}],"wp:term":[{"taxonomy":"product_brand","embeddable":true,"href":"https:\/\/www.maag-polska.pl\/de\/wp-json\/wp\/v2\/product_brand?post=24361"},{"taxonomy":"product_cat","embeddable":true,"href":"https:\/\/www.maag-polska.pl\/de\/wp-json\/wp\/v2\/product_cat?post=24361"},{"taxonomy":"product_tag","embeddable":true,"href":"https:\/\/www.maag-polska.pl\/de\/wp-json\/wp\/v2\/product_tag?post=24361"}],"curies":[{"name":"wp","href":"https:\/\/api.w.org\/{rel}","templated":true}]}}