{"id":24355,"date":"2025-09-01T08:28:28","date_gmt":"2025-09-01T08:28:28","guid":{"rendered":"https:\/\/www.maag-polska.pl\/obrzeza-meblowe\/210-beige-krono\/"},"modified":"2025-09-01T08:44:23","modified_gmt":"2025-09-01T08:44:23","slug":"210-beige-krono","status":"publish","type":"product","link":"https:\/\/www.maag-polska.pl\/de\/obrzeza-meblowe\/210-beige-krono\/","title":{"rendered":"Kanten von M\u00f6beln 210 BEIGE KRONO"},"content":{"rendered":"<div>\n<p>Das PVC-Kantenband 210 BE\u017bOWY KRONO setzt neue Ma\u00dfst\u00e4be in der pr\u00e4zisen Kantentechnologie. Mit einer speziell entwickelten UV-resistenten Beschichtung und einer Materialst\u00e4rke von 2mm gew\u00e4hrleistet dieses Schreinerzubeh\u00f6r maximale Stabilit\u00e4t bei der M\u00f6belkantenfertigung. Die technische Zusammensetzung aus reinem PVC erm\u00f6glicht eine Temperaturbest\u00e4ndigkeit von -10\u00b0C bis +60\u00b0C und garantiert eine konstante Verarbeitungsqualit\u00e4t.<\/p>\n<p>Durch die optimierte Materialdichte reduziert sich der Verschnitt bei der Verarbeitung auf ein Minimum, was direkte Kosteneinsparungen erm\u00f6glicht. Die be\u017cfarbene M\u00f6belkante harmoniert perfekt mit g\u00e4ngigen Plattendesigns von Kronospan, Pfleiderer und Woodeco. Die einfache Verarbeitbarkeit verk\u00fcrzt Produktionszeiten und erm\u00f6glicht eine effiziente Integration in bestehende Fertigungsprozesse.<\/p>\n<\/div>\n","protected":false},"excerpt":{"rendered":"<p>22&#215;0,6; 22&#215;0,8; 22&#215;1; 22&#215;2; 32&#215;2*; 35&#215;1*; 42&#215;0,8; 42&#215;2<\/p>\n","protected":false},"featured_media":15571,"comment_status":"closed","ping_status":"open","template":"","meta":{"_acf_changed":false},"product_brand":[],"product_cat":[923],"product_tag":[],"class_list":{"0":"post-24355","1":"product","2":"type-product","3":"status-publish","4":"has-post-thumbnail","6":"product_cat-kanten-von-mobeln","8":"first","9":"instock","10":"product-type-simple"},"acf":[],"_links":{"self":[{"href":"https:\/\/www.maag-polska.pl\/de\/wp-json\/wp\/v2\/product\/24355","targetHints":{"allow":["GET"]}}],"collection":[{"href":"https:\/\/www.maag-polska.pl\/de\/wp-json\/wp\/v2\/product"}],"about":[{"href":"https:\/\/www.maag-polska.pl\/de\/wp-json\/wp\/v2\/types\/product"}],"replies":[{"embeddable":true,"href":"https:\/\/www.maag-polska.pl\/de\/wp-json\/wp\/v2\/comments?post=24355"}],"wp:featuredmedia":[{"embeddable":true,"href":"https:\/\/www.maag-polska.pl\/de\/wp-json\/wp\/v2\/media\/15571"}],"wp:attachment":[{"href":"https:\/\/www.maag-polska.pl\/de\/wp-json\/wp\/v2\/media?parent=24355"}],"wp:term":[{"taxonomy":"product_brand","embeddable":true,"href":"https:\/\/www.maag-polska.pl\/de\/wp-json\/wp\/v2\/product_brand?post=24355"},{"taxonomy":"product_cat","embeddable":true,"href":"https:\/\/www.maag-polska.pl\/de\/wp-json\/wp\/v2\/product_cat?post=24355"},{"taxonomy":"product_tag","embeddable":true,"href":"https:\/\/www.maag-polska.pl\/de\/wp-json\/wp\/v2\/product_tag?post=24355"}],"curies":[{"name":"wp","href":"https:\/\/api.w.org\/{rel}","templated":true}]}}