{"id":24354,"date":"2025-09-01T08:28:07","date_gmt":"2025-09-01T08:28:07","guid":{"rendered":"https:\/\/www.maag-polska.pl\/obrzeza-meblowe\/209-b-atlantic-blue\/"},"modified":"2025-09-01T08:44:18","modified_gmt":"2025-09-01T08:44:18","slug":"209-b-atlantic-blue","status":"publish","type":"product","link":"https:\/\/www.maag-polska.pl\/de\/obrzeza-meblowe\/209-b-atlantic-blue\/","title":{"rendered":"Kanten von M\u00f6beln 209-B ATLANTIC BLUE"},"content":{"rendered":"<div>\n<p>Das 209-B NIEBIESKI ATLANTIC PVC-Kantenband zeichnet sich durch seine pr\u00e4zise Materialst\u00e4rke und hochwertige Zusammensetzung aus reinem PVC aus. Mit einer garantierten UV-Best\u00e4ndigkeit und ausgezeichneter Farbstabilit\u00e4t bietet dieses M\u00f6belkante eine Langzeithaltbarkeit unter verschiedenen Umgebungsbedingungen. Die technisch optimierte Oberfl\u00e4chenstruktur erm\u00f6glicht eine gleichm\u00e4\u00dfige Haftung des Klebers und gew\u00e4hrleistet eine makellose Verarbeitung mit minimalem Verschnitt.<\/p>\n<p>Dieses professionelle Schreinerzubeh\u00f6r eignet sich besonders f\u00fcr maritime Einrichtungsprojekte und moderne B\u00fcrolandschaften. Die atlantikblaue Farbgebung harmoniert perfekt mit zeitgen\u00f6ssischen M\u00f6beldesigns in K\u00fcstenhotels, Yachtausstattungen und hochwertigen Gesch\u00e4ftsr\u00e4umen. Das Kantenband bew\u00e4hrt sich sowohl in der industriellen M\u00f6belfertigung als auch in der individuellen Handwerksarbeit, wo pr\u00e4zise Verarbeitung und langanhaltende Qualit\u00e4t gefordert sind.<\/p>\n<\/div>\n","protected":false},"excerpt":{"rendered":"<p>28&#215;2*<\/p>\n","protected":false},"featured_media":0,"comment_status":"closed","ping_status":"open","template":"","meta":{"_acf_changed":false},"product_brand":[],"product_cat":[923],"product_tag":[],"class_list":{"0":"post-24354","1":"product","2":"type-product","3":"status-publish","5":"product_cat-kanten-von-mobeln","7":"first","8":"instock","9":"product-type-simple"},"acf":[],"_links":{"self":[{"href":"https:\/\/www.maag-polska.pl\/de\/wp-json\/wp\/v2\/product\/24354","targetHints":{"allow":["GET"]}}],"collection":[{"href":"https:\/\/www.maag-polska.pl\/de\/wp-json\/wp\/v2\/product"}],"about":[{"href":"https:\/\/www.maag-polska.pl\/de\/wp-json\/wp\/v2\/types\/product"}],"replies":[{"embeddable":true,"href":"https:\/\/www.maag-polska.pl\/de\/wp-json\/wp\/v2\/comments?post=24354"}],"wp:attachment":[{"href":"https:\/\/www.maag-polska.pl\/de\/wp-json\/wp\/v2\/media?parent=24354"}],"wp:term":[{"taxonomy":"product_brand","embeddable":true,"href":"https:\/\/www.maag-polska.pl\/de\/wp-json\/wp\/v2\/product_brand?post=24354"},{"taxonomy":"product_cat","embeddable":true,"href":"https:\/\/www.maag-polska.pl\/de\/wp-json\/wp\/v2\/product_cat?post=24354"},{"taxonomy":"product_tag","embeddable":true,"href":"https:\/\/www.maag-polska.pl\/de\/wp-json\/wp\/v2\/product_tag?post=24354"}],"curies":[{"name":"wp","href":"https:\/\/api.w.org\/{rel}","templated":true}]}}